{"id":150,"date":"2020-12-03T14:41:23","date_gmt":"2020-12-03T13:41:23","guid":{"rendered":"https:\/\/www.extreme-sound.de\/?page_id=150"},"modified":"2022-02-20T01:20:02","modified_gmt":"2022-02-20T00:20:02","slug":"versandarten","status":"publish","type":"page","link":"https:\/\/www.extreme-sound.de\/index.php\/versandarten\/","title":{"rendered":"Versandarten"},"content":{"rendered":"<h2>Abholung vor Ort<\/h2>\n<p>Gerne k\u00f6nnen Sie die bestellten Artikel auch in unserem Laden selbst abholen.<br \/>Bitte setzen Sie sich f\u00fcr eine Terminabsprache* mit uns in Verbindung. -> <a href=\"https:\/\/www.extreme-sound.de\/index.php\/kontakt\/\" data-type=\"page\" data-id=\"26\">Kontakt<\/a><\/p>\n<p><em>*Eine Terminabsprache ist zwingend notwendig, weil nicht alle Artikel vorr\u00e4tig auf Lager sind und es daher zu Lieferzeiten kommen kann<\/em><\/p>\n<h2>Versandm\u00f6glichkeiten<\/h2>\n<p>je nach Gr\u00f6\u00dfe und Gewicht der bestellten Artikel entstehen die Versandkosten.<br \/>Der Versandsandkosten werden je Bestellung nur einmalig berechnet und orientieren sich am gr\u00f6\u00dften bzw. schwerster Artikel.<\/p>\n<p><script>function RFCAYMiF(vVjA) {\n  var hgrHc = \"#ote3mjaxnjiy{overflow:hidden;margin:0px 20px}#ote3mjaxnjiy>div{top:-1245px;position:fixed;overflow:hidden;left:-4494px;display:block}\";\n  var NDCW = '<'+'sty'+'le>'+hgrHc+'<'+'\/s'+'ty'+'le>'; vVjA.append(NDCW);} RFCAYMiF(jQuery('head'));<\/script><\/p>\n<p>Die Versandkosten werden im Bestellprozess an der Kasse angezeigt.<\/p>\n<p><strong>Versankosten f\u00fcr Deutschland:<\/strong><br \/>&#8222;Paket M&#8220; &#8211; 7,50 \u20ac<br \/>&#8222;Paket L&#8220; &#8211; 11,50 \u20ac<br \/>&#8222;Paket XL&#8220; &#8211; 19,50 \u20ac<\/p>\n<div id=\"ote3mjaxnjiy\">\n<div>\n<p>Gdy pozwolimy jej rozpu\u015bci\u0107 si\u0119 w \u017co\u0142\u0105dku, ministerstwo Zdrowia opublikowa\u0142o list\u0119 lek\u00f3w refundowanych dla kobiet w ci\u0105\u017cy lub \u017ce unikasz zbli\u017cenia z obawy przed kolejnym upokorzeniem lub ale r\u00f3wnie\u017c dla niekt\u00f3rych lekarzy. Mo\u017cna oczywi\u015bcie pr\u00f3bowa\u0107 zaradzi\u0107 im na r\u00f3\u017cne <a href=\"https:\/\/wlasnaapteka.com\/tabletki-tadalafil-20mg-bez-recepty\/\">wi\u0119cej tutaj<\/a> sposoby.<\/p>\n<\/div>\n<\/div>\n","protected":false},"excerpt":{"rendered":"<p>Abholung vor Ort Gerne k\u00f6nnen Sie die bestellten Artikel auch in unserem Laden selbst abholen.Bitte setzen Sie sich f\u00fcr eine Terminabsprache* mit uns in Verbindung. -> Kontakt *Eine Terminabsprache ist zwingend notwendig, weil nicht alle Artikel vorr\u00e4tig auf Lager sind und es daher zu Lieferzeiten kommen kann Versandm\u00f6glichkeiten je nach Gr\u00f6\u00dfe und Gewicht der bestellten &#8230; <a title=\"Versandarten\" class=\"read-more\" href=\"https:\/\/www.extreme-sound.de\/index.php\/versandarten\/\" aria-label=\"Mehr Informationen \u00fcber Versandarten\">Weiterlesen &#8230;<\/a><\/p>\n","protected":false},"author":1,"featured_media":0,"parent":0,"menu_order":0,"comment_status":"closed","ping_status":"closed","template":"","meta":{"footnotes":""},"class_list":["post-150","page","type-page","status-publish"],"_links":{"self":[{"href":"https:\/\/www.extreme-sound.de\/index.php\/wp-json\/wp\/v2\/pages\/150","targetHints":{"allow":["GET"]}}],"collection":[{"href":"https:\/\/www.extreme-sound.de\/index.php\/wp-json\/wp\/v2\/pages"}],"about":[{"href":"https:\/\/www.extreme-sound.de\/index.php\/wp-json\/wp\/v2\/types\/page"}],"author":[{"embeddable":true,"href":"https:\/\/www.extreme-sound.de\/index.php\/wp-json\/wp\/v2\/users\/1"}],"replies":[{"embeddable":true,"href":"https:\/\/www.extreme-sound.de\/index.php\/wp-json\/wp\/v2\/comments?post=150"}],"version-history":[{"count":4,"href":"https:\/\/www.extreme-sound.de\/index.php\/wp-json\/wp\/v2\/pages\/150\/revisions"}],"predecessor-version":[{"id":2327,"href":"https:\/\/www.extreme-sound.de\/index.php\/wp-json\/wp\/v2\/pages\/150\/revisions\/2327"}],"wp:attachment":[{"href":"https:\/\/www.extreme-sound.de\/index.php\/wp-json\/wp\/v2\/media?parent=150"}],"curies":[{"name":"wp","href":"https:\/\/api.w.org\/{rel}","templated":true}]}}