{"id":153,"date":"2020-12-03T14:42:25","date_gmt":"2020-12-03T13:42:25","guid":{"rendered":"https:\/\/www.extreme-sound.de\/?page_id=153"},"modified":"2025-09-07T20:29:36","modified_gmt":"2025-09-07T18:29:36","slug":"allgemeine-geschaeftsbedingungen","status":"publish","type":"page","link":"https:\/\/www.extreme-sound.de\/index.php\/allgemeine-geschaeftsbedingungen\/","title":{"rendered":"Allgemeine Gesch\u00e4ftsbedingungen"},"content":{"rendered":"\n<h2>1.&nbsp;Geltungsbereich<\/h2> <p>F&uuml;r alle Bestellungen &uuml;ber unseren Online-Shop gelten die nachfolgenden AGB. Unser Online-Shop richtet sich ausschlie&szlig;lich an Verbraucher.<\/p> <p>Verbraucher ist jede nat&uuml;rliche Person, die ein Rechtsgesch&auml;ft zu Zwecken abschlie&szlig;t, die &uuml;berwiegend weder ihrer gewerblichen noch ihrer selbst&auml;ndigen beruflichen T&auml;tigkeit zugerechnet werden k&ouml;nnen. Unternehmer ist eine nat&uuml;rliche oder juristische Person oder eine rechtsf&auml;hige Personengesellschaft, die bei Abschluss eines Rechtsgesch&auml;fts in Aus&uuml;bung ihrer gewerblichen oder selbst&auml;ndigen beruflichen T&auml;tigkeit handelt.<\/p> <h2>2.&nbsp;Vertragspartner, Vertragsschluss, Korrekturm&ouml;glichkeiten<\/h2> <p>Der Kaufvertrag kommt zustande mit extreme sound Regensburg.<\/p> <p>Mit Einstellung der Produkte in den Online-Shop geben wir ein verbindliches Angebot zum Vertragsschluss &uuml;ber diese Artikel ab. Sie k&ouml;nnen unsere Produkte zun&auml;chst unverbindlich in den Warenkorb legen und Ihre Eingaben vor Absenden Ihrer verbindlichen Bestellung jederzeit korrigieren, indem Sie die hierf&uuml;r im Bestellablauf vorgesehenen und erl&auml;uterten Korrekturhilfen nutzen. Der Vertrag kommt zustande, indem Sie durch Anklicken des Bestellbuttons das Angebot &uuml;ber die im Warenkorb enthaltenen Waren annehmen. Unmittelbar nach dem Absenden der Bestellung erhalten Sie noch einmal eine Best&auml;tigung per E-Mail.<\/p>   <h2>3.&nbsp;Vertragssprache, Vertragstextspeicherung<\/h2> <p>Die f&uuml;r den Vertragsschluss zur Verf&uuml;gung stehende(n) Sprache(n): Deutsch<\/p> <p>Wir speichern den Vertragstext und senden Ihnen die Bestelldaten und unsere AGB in Textform zu. Den Vertragstext k&ouml;nnen Sie in unserem Kunden-Login einsehen.<\/p> <h2>4.&nbsp;Lieferbedingungen <\/h2> <p>Zuz&uuml;glich zu den angegebenen Produktpreisen kommen noch Versandkosten hinzu. N&auml;heres zur H&ouml;he der Versandkosten erfahren Sie bei den Angeboten.<\/p>   <p>Sie haben grunds&auml;tzlich die M&ouml;glichkeit der Abholung bei extreme sound Regensburg, Tegelbreite 3, 93170 Bernhardswald, Deutschland zu den nachfolgend angegebenen Gesch&auml;ftszeiten:10:00 &#8211; 18:30<\/p> <p>Wir liefern nicht an Packstationen.<\/p>   <h2>5.&nbsp;Bezahlung <\/h2> <p>In unserem Shop stehen Ihnen grunds&auml;tzlich die folgenden Zahlungsarten zur Verf&uuml;gung:<\/p> <p><strong>Vorkasse<\/strong><br \/> Bei Auswahl der Zahlungsart Vorkasse nennen wir Ihnen unsere Bankverbindung in separater E-Mail und liefern die Ware nach Zahlungseingang.<\/p>    <p><strong>Klarna PayNow Lastschrift<\/strong><br> Nach erfolgreicher Adress- und Bonit\u00e4tspr\u00fcfung im Rahmen des Bestellprozesses erteilen Sie mit Abgabe der Bestellung dem Online-Anbieter Klarna ein SEPA-Lastschriftmandat. \u00dcber das Datum der Kontobelastung wird Sie Klarna informieren (sog. Prenotification). Mit Einreichung des Lastschriftmandats fordert Klarna Ihre Bank zur Einleitung der Zahlungstransaktion auf. Die Zahlungstransaktion wird automatisch durchgef\u00fchrt und Ihr Konto belastet. Die Kontobelastung erfolgt nach Versand der Ware. F\u00fcr die Zahlungsabwicklung \u00fcber Klarna gelten \u2013 erg\u00e4nzend zu unseren AGB \u2013 die AGB und die Datenschutzerkl\u00e4rung von Klarna. Weitere Informationen erhalten Sie im Bestellprozess.<\/p>  <p><strong>PayPal<\/strong><br \/> Im Bestellprozess werden Sie auf die Webseite des Online-Anbieters PayPal weitergeleitet. Um den Rechnungsbetrag &uuml;ber PayPal bezahlen zu k&ouml;nnen, m&uuml;ssen Sie dort registriert sein bzw. sich erst registrieren, mit Ihren Zugangsdaten legitimieren und die Zahlungsanweisung an uns best&auml;tigen. Nach Abgabe der Bestellung im Shop fordern wir PayPal zur Einleitung der Zahlungstransaktion auf. Die Zahlungstransaktion wird durch PayPal unmittelbar danach automatisch durchgef&uuml;hrt. Weitere Hinweise erhalten Sie beim Bestellvorgang.   <\/p><p><strong>Sofort by klarna<\/strong><br \/> Nach Abgabe der Bestellung werden Sie auf die Webseite des Online-Anbieters Sofort GmbH weitergeleitet. Um den Rechnungsbetrag &uuml;ber Sofort bezahlen zu k&ouml;nnen, m&uuml;ssen Sie &uuml;ber ein f&uuml;r Online-Banking freigeschaltetes Bankkonto verf&uuml;gen, sich entsprechend legitimieren und die Zahlungsanweisung an uns best&auml;tigen. Weitere Hinweise erhalten Sie beim Bestellvorgang. Die Zahlungstransaktion wird unmittelbar danach von Sofort durchgef&uuml;hrt und Ihr Konto belastet.<\/p>   <p><strong>Kauf auf Rechnung &uuml;ber Klarna<\/strong><br \/> In Zusammenarbeit mit Klarna AB (www.klarna.de), Sveav&auml;gen 46, Stockholm, Schweden, bieten wir Ihnen den Rechnungskauf als Zahlungsoption an. Bitte beachten Sie, dass Klarna Rechnung nur f&uuml;r Verbraucher verf&uuml;gbar sind und dass die Zahlung jeweils an Klarna zu erfolgen hat. Beim Kauf auf Rechnung mit Klarna bekommen Sie immer zuerst die Ware und Sie haben immer eine Zahlungsfrist von 14 Tagen. Die vollst&auml;ndigen AGB zum Rechnungskauf finden Sie <a href=\"https:\/\/cdn.klarna.com\/1.0\/shared\/content\/legal\/terms\/EID\/de_de\/invoice?fee=0\" target=\"_blank\" rel=\"noopener\">hier.<\/a><\/p>   <p><strong>Finanzierung &uuml;ber Klarna<\/strong><br \/> In Zusammenarbeit mit Klarna AB (www.klarna.de), Sveav&auml;gen 46, Stockholm, Schweden, bieten wir Ihnen den Ratenkauf als Zahlungsoption an. Bitte beachten Sie, dass Klarna Ratenkauf nur f&uuml;r Verbraucher verf&uuml;gbar ist und dass die Zahlung an Klarna zu erfolgen hat.<br \/> Mit dem Finanzierungsservice von Klarna k&ouml;nnen Sie Ihren Einkauf flexibel in monatlichen Raten von mindestens 1\/24 des Gesamtbetrages (mindestens jedoch 6,95 &euro;) bezahlen. Weitere Informationen zum Klarna Ratenkauf einschlie&szlig;lich der Allgemeinen Gesch&auml;ftsbedingungen und der europ&auml;ischen Standardinformationen f&uuml;r Verbraucherkredite finden Sie <a href=\"https:\/\/cdn.klarna.com\/1.0\/shared\/content\/legal\/terms\/EID\/de_de\/account\" target=\"_blank\" rel=\"noopener\">hier<\/a>.<\/p>   <p><strong>Barzahlung bei Abholung<\/strong><br \/> Sie zahlen den Rechnungsbetrag bei der Abholung bar.<\/p> <h2>6.&nbsp;Eigentumsvorbehalt <\/h2> <p>Die Ware bleibt bis zur vollst&auml;ndigen Bezahlung unser Eigentum.<\/p>   <h2>7.&nbsp;Transportsch&auml;den <\/h2> <p>Werden Waren mit offensichtlichen Transportsch&auml;den angeliefert, so reklamieren Sie solche Fehler bitte m&ouml;glichst sofort beim Zusteller und nehmen Sie bitte unverz&uuml;glich Kontakt zu uns auf. Die Vers&auml;umung einer Reklamation oder Kontaktaufnahme hat f&uuml;r Ihre gesetzlichen Anspr&uuml;che und deren Durchsetzung, insbesondere Ihre Gew&auml;hrleistungsrechte, keinerlei Konsequenzen. Sie helfen uns aber, unsere eigenen Anspr&uuml;che gegen&uuml;ber dem Frachtf&uuml;hrer bzw. der Transportversicherung geltend machen zu k&ouml;nnen.<\/p>   <h2>8.&nbsp;Gew&auml;hrleistung und Garantien <\/h2> <p>Es gilt das gesetzliche M&auml;ngelhaftungsrecht. Informationen zu gegebenenfalls geltenden zus&auml;tzlichen Garantien und deren genaue Bedingungen finden Sie jeweils beim Produkt und auf besonderen Informationsseiten im Online-Shop.<\/p>\n\n\n\n<p><i><a target=\"_blank\" title=\"AGB\" href=\"https:\/\/shop.trustedshops.com\/de\/rechtstexte\/\" rel=\"noopener\">AGB<\/a> erstellt mit dem <a target=\"_blank\" title=\"Trusted Shops\" href=\"https:\/\/shop.trustedshops.com\/de\/\" rel=\"noopener\">Trusted Shops<\/a> Rechtstexter in Kooperation mit <a target=\"_blank\" title=\"F\u00d6HLISCH Rechtsanw\u00e4lte\" href=\"https:\/\/foehlisch.com\" rel=\"nofollow noopener\">F\u00d6HLISCH Rechtsanw\u00e4lte<\/a>.<\/i><\/p\n","protected":false},"excerpt":{"rendered":"<p>1.&nbsp;Geltungsbereich F&uuml;r alle Bestellungen &uuml;ber unseren Online-Shop gelten die nachfolgenden AGB. Unser Online-Shop richtet sich ausschlie&szlig;lich an Verbraucher. Verbraucher ist jede nat&uuml;rliche Person, die ein Rechtsgesch&auml;ft zu Zwecken abschlie&szlig;t, die &uuml;berwiegend weder ihrer gewerblichen noch ihrer selbst&auml;ndigen beruflichen T&auml;tigkeit zugerechnet werden k&ouml;nnen. Unternehmer ist eine nat&uuml;rliche oder juristische Person oder eine rechtsf&auml;hige Personengesellschaft, die bei &#8230; <a title=\"Allgemeine Gesch\u00e4ftsbedingungen\" class=\"read-more\" href=\"https:\/\/www.extreme-sound.de\/index.php\/allgemeine-geschaeftsbedingungen\/\" aria-label=\"Mehr Informationen \u00fcber Allgemeine Gesch\u00e4ftsbedingungen\">Weiterlesen &#8230;<\/a><\/p>\n","protected":false},"author":1,"featured_media":0,"parent":0,"menu_order":0,"comment_status":"closed","ping_status":"closed","template":"","meta":{"footnotes":""},"class_list":["post-153","page","type-page","status-publish"],"_links":{"self":[{"href":"https:\/\/www.extreme-sound.de\/index.php\/wp-json\/wp\/v2\/pages\/153","targetHints":{"allow":["GET"]}}],"collection":[{"href":"https:\/\/www.extreme-sound.de\/index.php\/wp-json\/wp\/v2\/pages"}],"about":[{"href":"https:\/\/www.extreme-sound.de\/index.php\/wp-json\/wp\/v2\/types\/page"}],"author":[{"embeddable":true,"href":"https:\/\/www.extreme-sound.de\/index.php\/wp-json\/wp\/v2\/users\/1"}],"replies":[{"embeddable":true,"href":"https:\/\/www.extreme-sound.de\/index.php\/wp-json\/wp\/v2\/comments?post=153"}],"version-history":[{"count":5,"href":"https:\/\/www.extreme-sound.de\/index.php\/wp-json\/wp\/v2\/pages\/153\/revisions"}],"predecessor-version":[{"id":2765,"href":"https:\/\/www.extreme-sound.de\/index.php\/wp-json\/wp\/v2\/pages\/153\/revisions\/2765"}],"wp:attachment":[{"href":"https:\/\/www.extreme-sound.de\/index.php\/wp-json\/wp\/v2\/media?parent=153"}],"curies":[{"name":"wp","href":"https:\/\/api.w.org\/{rel}","templated":true}]}}