{"id":1039,"date":"2021-02-06T10:11:38","date_gmt":"2021-02-06T09:11:38","guid":{"rendered":"https:\/\/www.extreme-sound.de\/?post_type=product&#038;p=1039"},"modified":"2022-12-10T12:27:22","modified_gmt":"2022-12-10T11:27:22","slug":"gzha-mini-five","status":"publish","type":"product","link":"https:\/\/www.extreme-sound.de\/index.php\/produkt\/gzha-mini-five\/","title":{"rendered":"GZHA MINI FIVE"},"content":{"rendered":"<h1>5-Kanal Class D Kompaktverst\u00e4rker<\/h1>\n<h4>1200 Watt<\/h4>\n<p>5-Kanal Verst\u00e4rker mit hoch effizienter Class D Schaltung, integrierter Aktivweiche und kompakten Abmessungen<\/p>\n<ul>\n<li>Kompakter 5-Kanal Verst\u00e4rker<\/li>\n<li>Bauteile in SMD-Technik<\/li>\n<li>Class D Technologie<\/li>\n<li>Variable Aktivweiche<\/li>\n<li>Stabilisiertes Netzteil<\/li>\n<li>Gro\u00dfz\u00fcgig dimensionierte Anschl\u00fcsse<\/li>\n<li>Kompakter K\u00fchlk\u00f6rper mit graviertem Ground Zero Schriftzug<\/li>\n<li>Hochpegel-Eingang mit Auto-On Funktion<\/li>\n<\/ul>\n","protected":false},"excerpt":{"rendered":"<table class=\"woocommerce-product-attributes shop_attributes\">\n<tbody>\n<tr class=\"woocommerce-product-attributes-item woocommerce-product-attributes-item--attribute_pa_ausfuehrung\">\n<th class=\"woocommerce-product-attributes-item__label\">Ausf\u00fchrung<\/th>\n<td class=\"woocommerce-product-attributes-item__value\">Class D Kompaktverst\u00e4rker<\/td>\n<\/tr>\n<tr class=\"woocommerce-product-attributes-item woocommerce-product-attributes-item--attribute_pa_kanaele\">\n<th class=\"woocommerce-product-attributes-item__label\">Kan\u00e4le<\/th>\n<td class=\"woocommerce-product-attributes-item__value\">5<\/td>\n<\/tr>\n<tr class=\"woocommerce-product-attributes-item woocommerce-product-attributes-item--attribute_pa_ausgangsleistung-4%cf%89\">\n<th class=\"woocommerce-product-attributes-item__label\">Ausgangsleistung (@ 4\u03a9)<\/th>\n<td class=\"woocommerce-product-attributes-item__value\">4x 75 + 190 Watt RMS<\/td>\n<\/tr>\n<tr class=\"woocommerce-product-attributes-item woocommerce-product-attributes-item--attribute_pa_ausgangsleistung-2%cf%89\">\n<th class=\"woocommerce-product-attributes-item__label\">Ausgangsleistung (@ 2\u03a9)<\/th>\n<td class=\"woocommerce-product-attributes-item__value\">4x 125 + 320 Watt RMS<\/td>\n<\/tr>\n<tr class=\"woocommerce-product-attributes-item woocommerce-product-attributes-item--attribute_pa_ausgangsleistung-1%cf%89\">\n<th class=\"woocommerce-product-attributes-item__label\">Ausgangsleistung (@ 1\u03a9)<\/th>\n<td class=\"woocommerce-product-attributes-item__value\">1 x 500 W RMS (Kanal 5)<\/td>\n<\/tr>\n<tr class=\"woocommerce-product-attributes-item woocommerce-product-attributes-item--attribute_pa_max-ausgangsleistung-cea-2\">\n<th class=\"woocommerce-product-attributes-item__label\">max. Ausgangsleistung (CEA-2006A \/ 10%THD+N)<\/th>\n<td class=\"woocommerce-product-attributes-item__value\">1200 Watt<\/td>\n<\/tr>\n<tr class=\"woocommerce-product-attributes-item woocommerce-product-attributes-item--attribute_pa_frequenzgang\">\n<th class=\"woocommerce-product-attributes-item__label\">Frequenzgang<\/th>\n<td class=\"woocommerce-product-attributes-item__value\"><a href=\"https:\/\/www.ground-zero-audio.com\/de\/frequenzgang\/5-hz-38-khz\/\" rel=\"tag\">5 Hz \u2013 38 kHz<\/a><\/td>\n<\/tr>\n<tr class=\"woocommerce-product-attributes-item woocommerce-product-attributes-item--attribute_pa_hpf-lpf-bpf\">\n<th class=\"woocommerce-product-attributes-item__label\">HPF \/ LPF \/ BPF<\/th>\n<td class=\"woocommerce-product-attributes-item__value\">\u25cf \/ \u25cf \/ \u25cf<\/td>\n<\/tr>\n<tr class=\"woocommerce-product-attributes-item woocommerce-product-attributes-item--attribute_pa_bass-boost-phasenregelung\">\n<th class=\"woocommerce-product-attributes-item__label\">Bass Boost \/ Phasenregelung<\/th>\n<td class=\"woocommerce-product-attributes-item__value\">\u25cb \/ \u25cb<\/td>\n<\/tr>\n<tr class=\"woocommerce-product-attributes-item woocommerce-product-attributes-item--attribute_pa_hochpegeleingang-auto-on\">\n<th class=\"woocommerce-product-attributes-item__label\">Hochpegeleingang \/ Auto-on<\/th>\n<td class=\"woocommerce-product-attributes-item__value\">\u25cf \/ \u25cf<\/td>\n<\/tr>\n<tr class=\"woocommerce-product-attributes-item woocommerce-product-attributes-item--attribute_pa_fernbedienung\">\n<th class=\"woocommerce-product-attributes-item__label\">Fernbedienung<\/th>\n<td class=\"woocommerce-product-attributes-item__value\"><a href=\"https:\/\/www.ground-zero-audio.com\/de\/fernbedienung\/%e2%97%8f\/\" rel=\"tag\">\u25cf<\/a><\/td>\n<\/tr>\n<tr class=\"woocommerce-product-attributes-item woocommerce-product-attributes-item--attribute_pa_bias-regelung\">\n<th class=\"woocommerce-product-attributes-item__label\">BIAS Regelung<\/th>\n<td class=\"woocommerce-product-attributes-item__value\">\u25cb<\/td>\n<\/tr>\n<tr class=\"woocommerce-product-attributes-item woocommerce-product-attributes-item--attribute_pa_linkmode\">\n<th class=\"woocommerce-product-attributes-item__label\">Linkmode<\/th>\n<td class=\"woocommerce-product-attributes-item__value\">\u25cb<\/td>\n<\/tr>\n<tr class=\"woocommerce-product-attributes-item woocommerce-product-attributes-item--attribute_pa_abmessungen-b-x-l-x-h\">\n<th class=\"woocommerce-product-attributes-item__label\">Abmessungen (B x L x H)<\/th>\n<td class=\"woocommerce-product-attributes-item__value\">135 x 322 x 52 mm<\/td>\n<\/tr>\n<\/tbody>\n<\/table>\n<p>&nbsp;<\/p>\n<h2>Datenblatt:<\/h2>\n<h2><a href=\"https:\/\/www.extreme-sound.de\/wp-content\/uploads\/2021\/02\/GZHA-MINI-FIVE_OM_032019.pdf\">GZHA-MINI-FIVE_OM_032019<\/a><\/h2>\n","protected":false},"featured_media":1041,"template":"","meta":[],"product_brand":[],"product_cat":[32,71,75,61],"product_tag":[],"class_list":{"0":"post-1039","1":"product","2":"type-product","3":"status-publish","4":"has-post-thumbnail","6":"product_cat-car-audio-hifi","7":"product_cat-ground-zero-verstaerker","8":"product_cat-mehrkanal-verstaerker-ground-zero-verstaerker","9":"product_cat-verstaerker","10":"product_shipping_class-packet-l","12":"first","13":"instock","14":"taxable","15":"shipping-taxable","16":"purchasable","17":"product-type-simple"},"_links":{"self":[{"href":"https:\/\/www.extreme-sound.de\/index.php\/wp-json\/wp\/v2\/product\/1039","targetHints":{"allow":["GET"]}}],"collection":[{"href":"https:\/\/www.extreme-sound.de\/index.php\/wp-json\/wp\/v2\/product"}],"about":[{"href":"https:\/\/www.extreme-sound.de\/index.php\/wp-json\/wp\/v2\/types\/product"}],"wp:featuredmedia":[{"embeddable":true,"href":"https:\/\/www.extreme-sound.de\/index.php\/wp-json\/wp\/v2\/media\/1041"}],"wp:attachment":[{"href":"https:\/\/www.extreme-sound.de\/index.php\/wp-json\/wp\/v2\/media?parent=1039"}],"wp:term":[{"taxonomy":"product_brand","embeddable":true,"href":"https:\/\/www.extreme-sound.de\/index.php\/wp-json\/wp\/v2\/product_brand?post=1039"},{"taxonomy":"product_cat","embeddable":true,"href":"https:\/\/www.extreme-sound.de\/index.php\/wp-json\/wp\/v2\/product_cat?post=1039"},{"taxonomy":"product_tag","embeddable":true,"href":"https:\/\/www.extreme-sound.de\/index.php\/wp-json\/wp\/v2\/product_tag?post=1039"}],"curies":[{"name":"wp","href":"https:\/\/api.w.org\/{rel}","templated":true}]}}