{"id":1334,"date":"2021-02-15T11:26:27","date_gmt":"2021-02-15T10:26:27","guid":{"rendered":"https:\/\/www.extreme-sound.de\/?post_type=product&#038;p=1334"},"modified":"2024-08-01T19:14:11","modified_gmt":"2024-08-01T17:14:11","slug":"gzbrk-290","status":"publish","type":"product","link":"https:\/\/www.extreme-sound.de\/index.php\/produkt\/gzbrk-290\/","title":{"rendered":"GZBRK 290"},"content":{"rendered":"<h1>25 cm Schutzgb\u00fcgel<\/h1>\n<h4>Universeller Lautsprecherschutzb\u00fcgel<\/h4>\n<p>25 cm Schutzgitter<\/p>\n<ul>\n<li>Stabile Lautsprecher Schutzb\u00fcgel<\/li>\n<li>Metall-B\u00fcgel<\/li>\n<li>Passend f\u00fcr Subwoofer bis 25 cm<\/li>\n<li>L\u00e4nge 290 mm<\/li>\n<\/ul>\n","protected":false},"excerpt":{"rendered":"<p>25 cm Schutzgb\u00fcgel Universeller Lautsprecherschutzb\u00fcgel 25 cm Schutzgitter Stabile Lautsprecher Schutzb\u00fcgel Metall-B\u00fcgel Passend f\u00fcr Subwoofer bis 25 cm L\u00e4nge 290 mm<\/p>\n","protected":false},"featured_media":1335,"template":"","meta":[],"product_brand":[],"product_cat":[32,44,41,90,106],"product_tag":[],"class_list":{"0":"post-1334","1":"product","2":"type-product","3":"status-publish","4":"has-post-thumbnail","6":"product_cat-car-audio-hifi","7":"product_cat-ground-zero","8":"product_cat-lautsprecher","9":"product_cat-lautsprecher-zubehoer","10":"product_cat-batterien-und-powercap","11":"product_shipping_class-packet-m","13":"first","14":"outofstock","15":"taxable","16":"shipping-taxable","17":"purchasable","18":"product-type-simple"},"_links":{"self":[{"href":"https:\/\/www.extreme-sound.de\/index.php\/wp-json\/wp\/v2\/product\/1334","targetHints":{"allow":["GET"]}}],"collection":[{"href":"https:\/\/www.extreme-sound.de\/index.php\/wp-json\/wp\/v2\/product"}],"about":[{"href":"https:\/\/www.extreme-sound.de\/index.php\/wp-json\/wp\/v2\/types\/product"}],"wp:featuredmedia":[{"embeddable":true,"href":"https:\/\/www.extreme-sound.de\/index.php\/wp-json\/wp\/v2\/media\/1335"}],"wp:attachment":[{"href":"https:\/\/www.extreme-sound.de\/index.php\/wp-json\/wp\/v2\/media?parent=1334"}],"wp:term":[{"taxonomy":"product_brand","embeddable":true,"href":"https:\/\/www.extreme-sound.de\/index.php\/wp-json\/wp\/v2\/product_brand?post=1334"},{"taxonomy":"product_cat","embeddable":true,"href":"https:\/\/www.extreme-sound.de\/index.php\/wp-json\/wp\/v2\/product_cat?post=1334"},{"taxonomy":"product_tag","embeddable":true,"href":"https:\/\/www.extreme-sound.de\/index.php\/wp-json\/wp\/v2\/product_tag?post=1334"}],"curies":[{"name":"wp","href":"https:\/\/api.w.org\/{rel}","templated":true}]}}