{"id":1336,"date":"2021-02-15T11:29:26","date_gmt":"2021-02-15T10:29:26","guid":{"rendered":"https:\/\/www.extreme-sound.de\/?post_type=product&#038;p=1336"},"modified":"2024-08-01T19:13:38","modified_gmt":"2024-08-01T17:13:38","slug":"gzbrk-425","status":"publish","type":"product","link":"https:\/\/www.extreme-sound.de\/index.php\/produkt\/gzbrk-425\/","title":{"rendered":"GZBRK 425"},"content":{"rendered":"<h1>38 cm Schutzb\u00fcgel<\/h1>\n<p>Universeller Lautsprecherschutzb\u00fcgel<br \/>\n38 cm Schutzgitter<\/p>\n<p>Stabile Lautsprecher Schutzb\u00fcgel<br \/>\nMetall-B\u00fcgel<br \/>\nPassend f\u00fcr Subwoofer bis 38 cm<br \/>\nL\u00e4nge 425 mm<\/p>\n","protected":false},"excerpt":{"rendered":"<p>38 cm Schutzb\u00fcgel Universeller Lautsprecherschutzb\u00fcgel 38 cm Schutzgitter Stabile Lautsprecher Schutzb\u00fcgel Metall-B\u00fcgel Passend f\u00fcr Subwoofer bis 38 cm L\u00e4nge 425 mm<\/p>\n","protected":false},"featured_media":1335,"template":"","meta":[],"product_brand":[],"product_cat":[32,44,41,90,106],"product_tag":[],"class_list":{"0":"post-1336","1":"product","2":"type-product","3":"status-publish","4":"has-post-thumbnail","6":"product_cat-car-audio-hifi","7":"product_cat-ground-zero","8":"product_cat-lautsprecher","9":"product_cat-lautsprecher-zubehoer","10":"product_cat-batterien-und-powercap","11":"product_shipping_class-packet-m","13":"first","14":"outofstock","15":"taxable","16":"shipping-taxable","17":"purchasable","18":"product-type-simple"},"_links":{"self":[{"href":"https:\/\/www.extreme-sound.de\/index.php\/wp-json\/wp\/v2\/product\/1336","targetHints":{"allow":["GET"]}}],"collection":[{"href":"https:\/\/www.extreme-sound.de\/index.php\/wp-json\/wp\/v2\/product"}],"about":[{"href":"https:\/\/www.extreme-sound.de\/index.php\/wp-json\/wp\/v2\/types\/product"}],"wp:featuredmedia":[{"embeddable":true,"href":"https:\/\/www.extreme-sound.de\/index.php\/wp-json\/wp\/v2\/media\/1335"}],"wp:attachment":[{"href":"https:\/\/www.extreme-sound.de\/index.php\/wp-json\/wp\/v2\/media?parent=1336"}],"wp:term":[{"taxonomy":"product_brand","embeddable":true,"href":"https:\/\/www.extreme-sound.de\/index.php\/wp-json\/wp\/v2\/product_brand?post=1336"},{"taxonomy":"product_cat","embeddable":true,"href":"https:\/\/www.extreme-sound.de\/index.php\/wp-json\/wp\/v2\/product_cat?post=1336"},{"taxonomy":"product_tag","embeddable":true,"href":"https:\/\/www.extreme-sound.de\/index.php\/wp-json\/wp\/v2\/product_tag?post=1336"}],"curies":[{"name":"wp","href":"https:\/\/api.w.org\/{rel}","templated":true}]}}