{"id":1339,"date":"2021-02-15T11:38:55","date_gmt":"2021-02-15T10:38:55","guid":{"rendered":"https:\/\/www.extreme-sound.de\/?post_type=product&#038;p=1339"},"modified":"2021-04-17T12:28:36","modified_gmt":"2021-04-17T10:28:36","slug":"gzmg-165-6-5","status":"publish","type":"product","link":"https:\/\/www.extreme-sound.de\/index.php\/produkt\/gzmg-165-6-5\/","title":{"rendered":"GZMG 165\/6.5"},"content":{"rendered":"<h1>16.5 cm Schutzgitter<\/h1>\n<h4>Universeller Lautsprecherschutzb\u00fcgel<\/h4>\n<p>16.5 cm Schutzgitter<\/p>\n<ul>\n<li>Stabile Lautsprecher Schutzb\u00fcgel<\/li>\n<li>Metall-B\u00fcgel<\/li>\n<li>Passend f\u00fcr 165 mm Lautsprecher<\/li>\n<\/ul>\n","protected":false},"excerpt":{"rendered":"<p>16.5 cm Schutzgitter Universeller Lautsprecherschutzb\u00fcgel 16.5 cm Schutzgitter Stabile Lautsprecher Schutzb\u00fcgel Metall-B\u00fcgel Passend f\u00fcr 165 mm Lautsprecher<\/p>\n","protected":false},"featured_media":1340,"template":"","meta":[],"product_brand":[],"product_cat":[32,44,41,90,106],"product_tag":[],"class_list":{"0":"post-1339","1":"product","2":"type-product","3":"status-publish","4":"has-post-thumbnail","6":"product_cat-car-audio-hifi","7":"product_cat-ground-zero","8":"product_cat-lautsprecher","9":"product_cat-lautsprecher-zubehoer","10":"product_cat-batterien-und-powercap","11":"product_shipping_class-packet-m","13":"first","14":"instock","15":"taxable","16":"shipping-taxable","17":"purchasable","18":"product-type-simple"},"_links":{"self":[{"href":"https:\/\/www.extreme-sound.de\/index.php\/wp-json\/wp\/v2\/product\/1339","targetHints":{"allow":["GET"]}}],"collection":[{"href":"https:\/\/www.extreme-sound.de\/index.php\/wp-json\/wp\/v2\/product"}],"about":[{"href":"https:\/\/www.extreme-sound.de\/index.php\/wp-json\/wp\/v2\/types\/product"}],"wp:featuredmedia":[{"embeddable":true,"href":"https:\/\/www.extreme-sound.de\/index.php\/wp-json\/wp\/v2\/media\/1340"}],"wp:attachment":[{"href":"https:\/\/www.extreme-sound.de\/index.php\/wp-json\/wp\/v2\/media?parent=1339"}],"wp:term":[{"taxonomy":"product_brand","embeddable":true,"href":"https:\/\/www.extreme-sound.de\/index.php\/wp-json\/wp\/v2\/product_brand?post=1339"},{"taxonomy":"product_cat","embeddable":true,"href":"https:\/\/www.extreme-sound.de\/index.php\/wp-json\/wp\/v2\/product_cat?post=1339"},{"taxonomy":"product_tag","embeddable":true,"href":"https:\/\/www.extreme-sound.de\/index.php\/wp-json\/wp\/v2\/product_tag?post=1339"}],"curies":[{"name":"wp","href":"https:\/\/api.w.org\/{rel}","templated":true}]}}