{"id":1361,"date":"2021-02-15T12:29:38","date_gmt":"2021-02-15T11:29:38","guid":{"rendered":"https:\/\/www.extreme-sound.de\/?post_type=product&#038;p=1361"},"modified":"2021-03-27T11:11:12","modified_gmt":"2021-03-27T10:11:12","slug":"gzcs-4-0bmw-connect","status":"publish","type":"product","link":"https:\/\/www.extreme-sound.de\/index.php\/produkt\/gzcs-4-0bmw-connect\/","title":{"rendered":"GZCS 4.0BMW-CONNECT"},"content":{"rendered":"<h1 style=\"text-align: left\">Fahrzeugspezifischer Kabelsatz<\/h1>\n<h4>BMW<\/h4>\n<p>Fahrzeugspezifischer Kabelsatz f\u00fcr BMW<\/p>\n<ul>\n<li>Anschluss-Kabelsatz f\u00fcr BMW mit Basis Soundsystem<\/li>\n<li>geeignet f\u00fcr BMW und MINI<\/li>\n<li>Anschluss f\u00fcr GZRA MICRO FOUR<\/li>\n<\/ul>\n","protected":false},"excerpt":{"rendered":"<p>Fahrzeugspezifischer Kabelsatz BMW Fahrzeugspezifischer Kabelsatz f\u00fcr BMW Anschluss-Kabelsatz f\u00fcr BMW mit Basis Soundsystem geeignet f\u00fcr BMW und MINI Anschluss f\u00fcr GZRA MICRO FOUR<\/p>\n","protected":false},"featured_media":1362,"template":"","meta":[],"product_brand":[],"product_cat":[32,91,44,41],"product_tag":[],"class_list":{"0":"post-1361","1":"product","2":"type-product","3":"status-publish","4":"has-post-thumbnail","6":"product_cat-car-audio-hifi","7":"product_cat-fahrzeugspezifisches-zubehoer","8":"product_cat-ground-zero","9":"product_cat-lautsprecher","10":"product_shipping_class-packet-m","12":"first","13":"instock","14":"taxable","15":"shipping-taxable","16":"purchasable","17":"product-type-simple"},"_links":{"self":[{"href":"https:\/\/www.extreme-sound.de\/index.php\/wp-json\/wp\/v2\/product\/1361","targetHints":{"allow":["GET"]}}],"collection":[{"href":"https:\/\/www.extreme-sound.de\/index.php\/wp-json\/wp\/v2\/product"}],"about":[{"href":"https:\/\/www.extreme-sound.de\/index.php\/wp-json\/wp\/v2\/types\/product"}],"wp:featuredmedia":[{"embeddable":true,"href":"https:\/\/www.extreme-sound.de\/index.php\/wp-json\/wp\/v2\/media\/1362"}],"wp:attachment":[{"href":"https:\/\/www.extreme-sound.de\/index.php\/wp-json\/wp\/v2\/media?parent=1361"}],"wp:term":[{"taxonomy":"product_brand","embeddable":true,"href":"https:\/\/www.extreme-sound.de\/index.php\/wp-json\/wp\/v2\/product_brand?post=1361"},{"taxonomy":"product_cat","embeddable":true,"href":"https:\/\/www.extreme-sound.de\/index.php\/wp-json\/wp\/v2\/product_cat?post=1361"},{"taxonomy":"product_tag","embeddable":true,"href":"https:\/\/www.extreme-sound.de\/index.php\/wp-json\/wp\/v2\/product_tag?post=1361"}],"curies":[{"name":"wp","href":"https:\/\/api.w.org\/{rel}","templated":true}]}}