{"id":1427,"date":"2021-02-22T14:26:48","date_gmt":"2021-02-22T13:26:48","guid":{"rendered":"https:\/\/www.extreme-sound.de\/?post_type=product&#038;p=1427"},"modified":"2021-03-06T14:26:36","modified_gmt":"2021-03-06T13:26:36","slug":"mercedes-benz-upgrade-sound-upgrade-stage-2","status":"publish","type":"product","link":"https:\/\/www.extreme-sound.de\/index.php\/produkt\/mercedes-benz-upgrade-sound-upgrade-stage-2\/","title":{"rendered":"Mercedes Benz Upgrade Sound Upgrade Stage 2"},"content":{"rendered":"<ul>\n<li>\n<h3>Match UP 7 DSP Verst\u00e4rker<\/h3>\n<\/li>\n<li>\n<h3>Center Speaker inkl SOS Funktion<\/h3>\n<\/li>\n<li>\n<h3>Austausch der Originalen Lautsprecher<\/h3>\n<\/li>\n<li>\n<h3>Austausch des Originalen Subwoofers im Fu\u00dfraum<\/h3>\n<\/li>\n<li>\n<h3>D\u00e4mmung der T\u00fcren<\/h3>\n<\/li>\n<li>\n<h3>inkl alle ben\u00f6tigten Teile wie Kabelset, Adapter<\/h3>\n<\/li>\n<li>\n<h3>inkl Montage und Einmessen<\/h3>\n<\/li>\n<\/ul>\n<p>&nbsp;<\/p>\n","protected":false},"excerpt":{"rendered":"<p>Match UP 7 DSP Verst\u00e4rker Center Speaker inkl SOS Funktion Austausch der Originalen Lautsprecher Austausch des Originalen Subwoofers im Fu\u00dfraum D\u00e4mmung der T\u00fcren inkl alle ben\u00f6tigten Teile wie Kabelset, Adapter inkl Montage und Einmessen &nbsp;<\/p>\n","protected":false},"featured_media":1428,"template":"","meta":[],"product_brand":[],"product_cat":[16],"product_tag":[],"class_list":{"0":"post-1427","1":"product","2":"type-product","3":"status-publish","4":"has-post-thumbnail","6":"product_cat-angebot","8":"first","9":"instock","10":"taxable","11":"shipping-taxable","12":"purchasable","13":"product-type-simple"},"_links":{"self":[{"href":"https:\/\/www.extreme-sound.de\/index.php\/wp-json\/wp\/v2\/product\/1427","targetHints":{"allow":["GET"]}}],"collection":[{"href":"https:\/\/www.extreme-sound.de\/index.php\/wp-json\/wp\/v2\/product"}],"about":[{"href":"https:\/\/www.extreme-sound.de\/index.php\/wp-json\/wp\/v2\/types\/product"}],"wp:featuredmedia":[{"embeddable":true,"href":"https:\/\/www.extreme-sound.de\/index.php\/wp-json\/wp\/v2\/media\/1428"}],"wp:attachment":[{"href":"https:\/\/www.extreme-sound.de\/index.php\/wp-json\/wp\/v2\/media?parent=1427"}],"wp:term":[{"taxonomy":"product_brand","embeddable":true,"href":"https:\/\/www.extreme-sound.de\/index.php\/wp-json\/wp\/v2\/product_brand?post=1427"},{"taxonomy":"product_cat","embeddable":true,"href":"https:\/\/www.extreme-sound.de\/index.php\/wp-json\/wp\/v2\/product_cat?post=1427"},{"taxonomy":"product_tag","embeddable":true,"href":"https:\/\/www.extreme-sound.de\/index.php\/wp-json\/wp\/v2\/product_tag?post=1427"}],"curies":[{"name":"wp","href":"https:\/\/api.w.org\/{rel}","templated":true}]}}