{"id":1840,"date":"2021-02-27T10:57:13","date_gmt":"2021-02-27T09:57:13","guid":{"rendered":"https:\/\/www.extreme-sound.de\/?post_type=product&#038;p=1840"},"modified":"2021-03-27T11:15:33","modified_gmt":"2021-03-27T10:15:33","slug":"gzdm-1400nb-gold","status":"publish","type":"product","link":"https:\/\/www.extreme-sound.de\/index.php\/produkt\/gzdm-1400nb-gold\/","title":{"rendered":"GZDM 1400NB-GOLD"},"content":{"rendered":"<h1>3.0 mm Hochwertige Polymer-D\u00e4mmung auf Butylgummi-Basis<\/h1>\n<h4>Hochflexibles D\u00e4mmmaterial f\u00fcr unebene Fl\u00e4chen<\/h4>\n<p>3.0 mm Hochwertige Polymer-D\u00e4mmung, 7 Matten, 1.4 m\u00b2<\/p>\n<ul>\n<li>3.0 mm Polymer D\u00e4mmung mit Textil-Oberfl\u00e4che<\/li>\n<li>Gewicht 6 kg\/m\u00b2<\/li>\n<li>Nicht entflammbar<\/li>\n<li>Selbstklebende Oberfl\u00e4che<\/li>\n<li>Verpackungseinheit 7 St\u00fcck<\/li>\n<li>Mattengr\u00f6\u00dfe 350 x 570 mm<\/li>\n<li>Gesamtfl\u00e4che 1.4 m\u00b2<\/li>\n<li>Farbige Shop Verpackung<\/li>\n<\/ul>\n","protected":false},"excerpt":{"rendered":"<p>3.0 mm Hochwertige Polymer-D\u00e4mmung auf Butylgummi-Basis Hochflexibles D\u00e4mmmaterial f\u00fcr unebene Fl\u00e4chen 3.0 mm Hochwertige Polymer-D\u00e4mmung, 7 Matten, 1.4 m\u00b2 3.0 mm Polymer D\u00e4mmung mit Textil-Oberfl\u00e4che Gewicht 6 kg\/m\u00b2 Nicht entflammbar Selbstklebende Oberfl\u00e4che Verpackungseinheit 7 St\u00fcck Mattengr\u00f6\u00dfe 350 x 570 mm Gesamtfl\u00e4che 1.4 m\u00b2 Farbige Shop Verpackung<\/p>\n","protected":false},"featured_media":1838,"template":"","meta":[],"product_brand":[],"product_cat":[32,107],"product_tag":[],"class_list":{"0":"post-1840","1":"product","2":"type-product","3":"status-publish","4":"has-post-thumbnail","6":"product_cat-car-audio-hifi","7":"product_cat-daemmung","8":"product_shipping_class-packet-l","10":"first","11":"instock","12":"taxable","13":"shipping-taxable","14":"purchasable","15":"product-type-simple"},"_links":{"self":[{"href":"https:\/\/www.extreme-sound.de\/index.php\/wp-json\/wp\/v2\/product\/1840","targetHints":{"allow":["GET"]}}],"collection":[{"href":"https:\/\/www.extreme-sound.de\/index.php\/wp-json\/wp\/v2\/product"}],"about":[{"href":"https:\/\/www.extreme-sound.de\/index.php\/wp-json\/wp\/v2\/types\/product"}],"wp:featuredmedia":[{"embeddable":true,"href":"https:\/\/www.extreme-sound.de\/index.php\/wp-json\/wp\/v2\/media\/1838"}],"wp:attachment":[{"href":"https:\/\/www.extreme-sound.de\/index.php\/wp-json\/wp\/v2\/media?parent=1840"}],"wp:term":[{"taxonomy":"product_brand","embeddable":true,"href":"https:\/\/www.extreme-sound.de\/index.php\/wp-json\/wp\/v2\/product_brand?post=1840"},{"taxonomy":"product_cat","embeddable":true,"href":"https:\/\/www.extreme-sound.de\/index.php\/wp-json\/wp\/v2\/product_cat?post=1840"},{"taxonomy":"product_tag","embeddable":true,"href":"https:\/\/www.extreme-sound.de\/index.php\/wp-json\/wp\/v2\/product_tag?post=1840"}],"curies":[{"name":"wp","href":"https:\/\/api.w.org\/{rel}","templated":true}]}}