{"id":1847,"date":"2021-02-27T11:16:25","date_gmt":"2021-02-27T10:16:25","guid":{"rendered":"https:\/\/www.extreme-sound.de\/?post_type=product&#038;p=1847"},"modified":"2021-03-27T11:15:32","modified_gmt":"2021-03-27T10:15:32","slug":"gzdm-1900mc-gold","status":"publish","type":"product","link":"https:\/\/www.extreme-sound.de\/index.php\/produkt\/gzdm-1900mc-gold\/","title":{"rendered":"GZDM 1900MC-GOLD"},"content":{"rendered":"<h1>7 mm Hochwertige Multikomponenten-D\u00e4mmung<\/h1>\n<h4>7 mm Mehrkomponenten Material<\/h4>\n<p>7 mm High-Quality Mehrkomponenten-D\u00e4mmmaterial, 10 Matten, 1.875 m\u00b2<\/p>\n<ul>\n<li>Mehrkomponenten D\u00e4mmmaterial<\/li>\n<li>Gesamtst\u00e4rke 7 mm<\/li>\n<li>Polymerst\u00e4rke 2 mm<\/li>\n<li>Polyurethanst\u00e4rke 5 mm<\/li>\n<li>Dauerhafte Klebekraft<\/li>\n<li>Verpackungsinhalt 10 Matten<\/li>\n<li>Mattengr\u00f6\u00dfe 375 x 500 mm<\/li>\n<li>Gesamtfl\u00e4che 1.875 m\u00b2<\/li>\n<li>Farbige Shop Verpackung<\/li>\n<\/ul>\n","protected":false},"excerpt":{"rendered":"<p>7 mm Hochwertige Multikomponenten-D\u00e4mmung 7 mm Mehrkomponenten Material 7 mm High-Quality Mehrkomponenten-D\u00e4mmmaterial, 10 Matten, 1.875 m\u00b2 Mehrkomponenten D\u00e4mmmaterial Gesamtst\u00e4rke 7 mm Polymerst\u00e4rke 2 mm Polyurethanst\u00e4rke 5 mm Dauerhafte Klebekraft Verpackungsinhalt 10 Matten Mattengr\u00f6\u00dfe 375 x 500 mm Gesamtfl\u00e4che 1.875 m\u00b2 Farbige Shop Verpackung<\/p>\n","protected":false},"featured_media":1848,"template":"","meta":[],"product_brand":[],"product_cat":[32,107],"product_tag":[],"class_list":{"0":"post-1847","1":"product","2":"type-product","3":"status-publish","4":"has-post-thumbnail","6":"product_cat-car-audio-hifi","7":"product_cat-daemmung","8":"product_shipping_class-packet-l","10":"first","11":"instock","12":"taxable","13":"shipping-taxable","14":"purchasable","15":"product-type-simple"},"_links":{"self":[{"href":"https:\/\/www.extreme-sound.de\/index.php\/wp-json\/wp\/v2\/product\/1847","targetHints":{"allow":["GET"]}}],"collection":[{"href":"https:\/\/www.extreme-sound.de\/index.php\/wp-json\/wp\/v2\/product"}],"about":[{"href":"https:\/\/www.extreme-sound.de\/index.php\/wp-json\/wp\/v2\/types\/product"}],"wp:featuredmedia":[{"embeddable":true,"href":"https:\/\/www.extreme-sound.de\/index.php\/wp-json\/wp\/v2\/media\/1848"}],"wp:attachment":[{"href":"https:\/\/www.extreme-sound.de\/index.php\/wp-json\/wp\/v2\/media?parent=1847"}],"wp:term":[{"taxonomy":"product_brand","embeddable":true,"href":"https:\/\/www.extreme-sound.de\/index.php\/wp-json\/wp\/v2\/product_brand?post=1847"},{"taxonomy":"product_cat","embeddable":true,"href":"https:\/\/www.extreme-sound.de\/index.php\/wp-json\/wp\/v2\/product_cat?post=1847"},{"taxonomy":"product_tag","embeddable":true,"href":"https:\/\/www.extreme-sound.de\/index.php\/wp-json\/wp\/v2\/product_tag?post=1847"}],"curies":[{"name":"wp","href":"https:\/\/api.w.org\/{rel}","templated":true}]}}