{"id":185,"date":"2021-01-06T10:56:31","date_gmt":"2021-01-06T09:56:31","guid":{"rendered":"https:\/\/www.extreme-sound.de\/?post_type=product&#038;p=185"},"modified":"2022-12-10T11:50:20","modified_gmt":"2022-12-10T10:50:20","slug":"helix-u-10a","status":"publish","type":"product","link":"https:\/\/www.extreme-sound.de\/index.php\/produkt\/helix-u-10a\/","title":{"rendered":"Helix U 10A"},"content":{"rendered":"<div id=\"description\" class=\"detail-decription-headline\">\n<h2>HELIX U 10A<\/h2>\n<\/div>\n<div id=\"description--text\" class=\"product--description\">\n<p>Bass ist in der kleinsten H\u00fctte &#8211; die neuen HELIX Aktiv-Subwoofer U 10A und U 8A sind die erste Wahl, wenn Einbauplatz im Fahrzeug Mangelware ist und bestehenden Car Hifi-Anlagen ohne gro\u00dfen Aufwand der n\u00f6tige Kick im Tieftonbereich verpasst werden soll. Angetrieben durch leistungsstarke, integrierte Class AB Verst\u00e4rker mit 180 W RMS wandeln die hochbelastbaren Chassis mit ihrer \u00fcberaus stabilen Aluminium-Membran und den hitzeresistenten Schwingspulen die Verst\u00e4rkerleistung in satten Schalldruck um. Durch die umfangreichen Einstellm\u00f6glichkeiten, wie etwa dem steilflankigen, regelbaren Tiefpassfilter und der besonders feinf\u00fchlig einstellbaren Phase, l\u00e4sst sich die Tieftonwiedergabe perfekt an die akustischen Gegebenheiten im Fahrzeug anpassen.<br \/>\nAusgestattet mit einem 2-Kanal Highlevel-Eingang mit automatischer Einschaltung sowie einem 2-Kanal Cinch-Eingang ist eine problemlose Integration garantiert. Und dank des sehr kompakten Geh\u00e4usedesigns findet sich selbst bei einem extrem begrenzten Platzangebot immer ein geeigneter Einbauplatz &#8211; beispielsweise unter den Sitzen.<\/p>\n<\/div>\n<div id=\"features\" class=\"detail-features-headline\">\n<h3>Features<\/h3>\n<\/div>\n<div class=\"product--features\">\n<ul>\n<li>Leistungsstarker, integrierter Class AB Verst\u00e4rker mit 180\u202fW RMS f\u00fcr druckvollen Tiefbass<\/li>\n<li>Massives und resonanzarmes Aluminium-Druckguss-Geh\u00e4use f\u00fcr pr\u00e4zise Basswiedergabe und optimale W\u00e4rmeableitung<\/li>\n<li>Hochbelastbares 250 mm Chassis mit extrem stabiler Aluminium-Membran f\u00fcr kompressionsfreie Umwandlung der Verst\u00e4rkerleistung in Schalldruck<\/li>\n<li>2-Kanal Highlevel-Eingang mit automatischer Einschaltung sowie 2-Kanal Cinch-Eingang<\/li>\n<li>Stufenlos regelbares, steilflankiges Tiefpassfilter<\/li>\n<li>Besonders feinf\u00fchlige Einstellm\u00f6glichkeit der Phase<\/li>\n<li>Kabelfernbedienung zur Lautst\u00e4rkeeinstellung im Lieferumfang<\/li>\n<li>Besonders flaches Geh\u00e4usedesign &#8211; ideal f\u00fcr platzsparende Untersitz-Montage<\/li>\n<\/ul>\n<\/div>\n","protected":false},"excerpt":{"rendered":"<div id=\"technicaldata\" class=\"product--technicaldata-headline\">\n<h3>Technische Daten<\/h3>\n<\/div>\n<div class=\"detail--technicaldata\">\n<table border=\"0\" cellspacing=\"0\" cellpadding=\"0\">\n<colgroup>\n<col \/>\n<col \/><\/colgroup>\n<tbody>\n<tr>\n<td align=\"left\" valign=\"top\"><strong>Leistung RMS \/ Max.<\/strong><\/td>\n<td align=\"left\" valign=\"top\">180 \/ 360 Watt<\/td>\n<\/tr>\n<tr>\n<td align=\"left\" valign=\"top\"><strong>Durchmesser Tieft\u00f6ner<\/strong><\/td>\n<td align=\"left\" valign=\"top\">250 mm<\/td>\n<\/tr>\n<tr>\n<td align=\"left\" valign=\"top\"><strong>Eing\u00e4nge<\/strong><\/td>\n<td align=\"left\" valign=\"top\">2 x Cinch<br \/>\n2 x Hochpegel-Lautsprechereingang<br \/>\n1 x Remote In<br \/>\n1 x Fernbedienungseingang<\/td>\n<\/tr>\n<tr>\n<td align=\"left\" valign=\"top\"><strong>Eingangsempfindlichkeit<\/strong><\/td>\n<td align=\"left\" valign=\"top\">Hochpegel 1,2 &#8211; 20 Volt<br \/>\nCinch 0,3 &#8211; 4 Volt<\/td>\n<\/tr>\n<tr>\n<td align=\"left\" valign=\"top\"><strong>Eingangsimpedanz Cinch<\/strong><\/td>\n<td align=\"left\" valign=\"top\">10 kOhm<\/td>\n<\/tr>\n<tr>\n<td align=\"left\" valign=\"top\"><strong>Eingangsimpedanz Highlevel<\/strong><\/td>\n<td align=\"left\" valign=\"top\">33 Ohm<\/td>\n<\/tr>\n<tr>\n<td align=\"left\" valign=\"top\"><strong>Frequenzbereich<\/strong><\/td>\n<td align=\"left\" valign=\"top\">40 &#8211; 150 Hz<\/td>\n<\/tr>\n<tr>\n<td align=\"left\" valign=\"top\"><strong>Tiefpass<\/strong><\/td>\n<td align=\"left\" valign=\"top\">50 &#8211; 150 Hz regelbar<\/td>\n<\/tr>\n<tr>\n<td align=\"left\" valign=\"top\"><strong>Subsonic<\/strong><\/td>\n<td align=\"left\" valign=\"top\">16 Hz \/ 12 dB\/Okt.<\/td>\n<\/tr>\n<tr>\n<td align=\"left\" valign=\"top\"><strong>Phasenschalter<\/strong><\/td>\n<td align=\"left\" valign=\"top\">0\u00b0 \/ 180\u00b0 umschaltbar<\/td>\n<\/tr>\n<tr>\n<td align=\"left\" valign=\"top\"><strong>Phasenregler<\/strong><\/td>\n<td align=\"left\" valign=\"top\">0 &#8211; 180\u00b0 regelbar<\/td>\n<\/tr>\n<tr>\n<td align=\"left\" valign=\"top\"><strong>Flankensteilheit Tiefpass<\/strong><\/td>\n<td align=\"left\" valign=\"top\">24 dB\/Okt.<\/td>\n<\/tr>\n<tr>\n<td align=\"left\" valign=\"top\"><strong>Signal- \/ Rauschabstand<\/strong><\/td>\n<td align=\"left\" valign=\"top\">&gt; 92 dB (A-bewertet)<\/td>\n<\/tr>\n<tr>\n<td align=\"left\" valign=\"top\"><strong>Klirrfaktor (THD)<\/strong><\/td>\n<td align=\"left\" valign=\"top\">&lt; 0,4 %<\/td>\n<\/tr>\n<tr>\n<td align=\"left\" valign=\"top\"><strong>Betriebsspannung<\/strong><\/td>\n<td align=\"left\" valign=\"top\">10,5 &#8211; 16 Volt<\/td>\n<\/tr>\n<tr>\n<td align=\"left\" valign=\"top\"><strong>Sicherung<\/strong><\/td>\n<td align=\"left\" valign=\"top\">25 A Maxi-Stecksicherung<\/td>\n<\/tr>\n<tr>\n<td align=\"left\" valign=\"top\"><strong>Zus\u00e4tzliche Features<\/strong><\/td>\n<td align=\"left\" valign=\"top\">Geh\u00e4use aus Aluminium-Druckguss, Kabelfernbedienung zur Lautst\u00e4rkeregelung, Auto Remote-Schalter<\/td>\n<\/tr>\n<tr>\n<td align=\"left\" valign=\"top\"><strong>Abmessungen (H x B x T)<\/strong><\/td>\n<td align=\"left\" valign=\"top\">78 x 245 x 345 mm<\/td>\n<\/tr>\n<\/tbody>\n<\/table>\n<\/div>\n","protected":false},"featured_media":187,"template":"","meta":[],"product_brand":[],"product_cat":[32,45,40],"product_tag":[],"class_list":{"0":"post-185","1":"product","2":"type-product","3":"status-publish","4":"has-post-thumbnail","6":"product_cat-car-audio-hifi","7":"product_cat-helix-subwoofer","8":"product_cat-subwoofer","9":"product_shipping_class-packet-xl","11":"first","12":"instock","13":"taxable","14":"shipping-taxable","15":"purchasable","16":"product-type-simple"},"_links":{"self":[{"href":"https:\/\/www.extreme-sound.de\/index.php\/wp-json\/wp\/v2\/product\/185","targetHints":{"allow":["GET"]}}],"collection":[{"href":"https:\/\/www.extreme-sound.de\/index.php\/wp-json\/wp\/v2\/product"}],"about":[{"href":"https:\/\/www.extreme-sound.de\/index.php\/wp-json\/wp\/v2\/types\/product"}],"wp:featuredmedia":[{"embeddable":true,"href":"https:\/\/www.extreme-sound.de\/index.php\/wp-json\/wp\/v2\/media\/187"}],"wp:attachment":[{"href":"https:\/\/www.extreme-sound.de\/index.php\/wp-json\/wp\/v2\/media?parent=185"}],"wp:term":[{"taxonomy":"product_brand","embeddable":true,"href":"https:\/\/www.extreme-sound.de\/index.php\/wp-json\/wp\/v2\/product_brand?post=185"},{"taxonomy":"product_cat","embeddable":true,"href":"https:\/\/www.extreme-sound.de\/index.php\/wp-json\/wp\/v2\/product_cat?post=185"},{"taxonomy":"product_tag","embeddable":true,"href":"https:\/\/www.extreme-sound.de\/index.php\/wp-json\/wp\/v2\/product_tag?post=185"}],"curies":[{"name":"wp","href":"https:\/\/api.w.org\/{rel}","templated":true}]}}