{"id":1850,"date":"2021-02-27T11:20:01","date_gmt":"2021-02-27T10:20:01","guid":{"rendered":"https:\/\/www.extreme-sound.de\/?post_type=product&#038;p=1850"},"modified":"2021-03-27T11:15:32","modified_gmt":"2021-03-27T10:15:32","slug":"gzdm-1900ml-gold","status":"publish","type":"product","link":"https:\/\/www.extreme-sound.de\/index.php\/produkt\/gzdm-1900ml-gold\/","title":{"rendered":"GZDM 1900ML-GOLD"},"content":{"rendered":"<h1>4.2 mm Hochwertige, mehrlagige D\u00e4mmung<\/h1>\n<h4>4.2 mm mehrlagiges Polymer<\/h4>\n<p>4.2 mm High-Quality mehrlagiges Polymer-D\u00e4mmmaterial, 10 Matten, 1.875 m\u00b2<\/p>\n<ul>\n<li>Mehrlagiges D\u00e4mmmaterial<\/li>\n<li>Gesamtst\u00e4rke 4.2 mm<\/li>\n<li>Gewicht 6.5 kg\/m\u00b2<\/li>\n<li>Nicht entflammbar<\/li>\n<li>Dauerhafte Klebekraft<\/li>\n<li>Salzbest\u00e4ndig<\/li>\n<li>Verpackungsinhalt 10 Matten<\/li>\n<li>Mattengr\u00f6\u00dfe 375 x 500 mm<\/li>\n<li>Gesamtfl\u00e4che 1.875 m\u00b2<\/li>\n<li>Farbige Shop Verpackung<\/li>\n<\/ul>\n","protected":false},"excerpt":{"rendered":"<p>4.2 mm Hochwertige, mehrlagige D\u00e4mmung 4.2 mm mehrlagiges Polymer 4.2 mm High-Quality mehrlagiges Polymer-D\u00e4mmmaterial, 10 Matten, 1.875 m\u00b2 Mehrlagiges D\u00e4mmmaterial Gesamtst\u00e4rke 4.2 mm Gewicht 6.5 kg\/m\u00b2 Nicht entflammbar Dauerhafte Klebekraft Salzbest\u00e4ndig Verpackungsinhalt 10 Matten Mattengr\u00f6\u00dfe 375 x 500 mm Gesamtfl\u00e4che 1.875 m\u00b2 Farbige Shop Verpackung<\/p>\n","protected":false},"featured_media":1851,"template":"","meta":[],"product_brand":[],"product_cat":[32,107],"product_tag":[],"class_list":{"0":"post-1850","1":"product","2":"type-product","3":"status-publish","4":"has-post-thumbnail","6":"product_cat-car-audio-hifi","7":"product_cat-daemmung","8":"product_shipping_class-packet-l","10":"first","11":"instock","12":"taxable","13":"shipping-taxable","14":"purchasable","15":"product-type-simple"},"_links":{"self":[{"href":"https:\/\/www.extreme-sound.de\/index.php\/wp-json\/wp\/v2\/product\/1850","targetHints":{"allow":["GET"]}}],"collection":[{"href":"https:\/\/www.extreme-sound.de\/index.php\/wp-json\/wp\/v2\/product"}],"about":[{"href":"https:\/\/www.extreme-sound.de\/index.php\/wp-json\/wp\/v2\/types\/product"}],"wp:featuredmedia":[{"embeddable":true,"href":"https:\/\/www.extreme-sound.de\/index.php\/wp-json\/wp\/v2\/media\/1851"}],"wp:attachment":[{"href":"https:\/\/www.extreme-sound.de\/index.php\/wp-json\/wp\/v2\/media?parent=1850"}],"wp:term":[{"taxonomy":"product_brand","embeddable":true,"href":"https:\/\/www.extreme-sound.de\/index.php\/wp-json\/wp\/v2\/product_brand?post=1850"},{"taxonomy":"product_cat","embeddable":true,"href":"https:\/\/www.extreme-sound.de\/index.php\/wp-json\/wp\/v2\/product_cat?post=1850"},{"taxonomy":"product_tag","embeddable":true,"href":"https:\/\/www.extreme-sound.de\/index.php\/wp-json\/wp\/v2\/product_tag?post=1850"}],"curies":[{"name":"wp","href":"https:\/\/api.w.org\/{rel}","templated":true}]}}