{"id":1853,"date":"2021-02-27T11:24:12","date_gmt":"2021-02-27T10:24:12","guid":{"rendered":"https:\/\/www.extreme-sound.de\/?post_type=product&#038;p=1853"},"modified":"2021-03-27T11:15:32","modified_gmt":"2021-03-27T10:15:32","slug":"gzdf-1500sa-pro","status":"publish","type":"product","link":"https:\/\/www.extreme-sound.de\/index.php\/produkt\/gzdf-1500sa-pro\/","title":{"rendered":"GZDF 1500SA-PRO"},"content":{"rendered":"<h1>15 mm Wasserabweisende D\u00e4mmung aus gesch\u00e4umtem Polyurethan<\/h1>\n<h4>15 mm Polyurethan-Schaumstoff mit wasserabweisender Oberfl\u00e4che<\/h4>\n<p>15 mm wasserabweisender Polyurethan-Schaumstoff zur D\u00e4mmung, 8 Matten, 1.5 m\u00b2<\/p>\n<ul>\n<li>15 mm selbstklebender Polyurethan-Schaumstoff<\/li>\n<li>Mattengr\u00f6\u00dfe 375 x 500 mm<\/li>\n<li>Schallabsorbtion -85%<\/li>\n<li>Selbstklebend<\/li>\n<li>Einsatzbereich -40\u00b0 bis 100\u00b0<\/li>\n<li>Viskoelastischer Poyurethan-Schaum<\/li>\n<li>Verpackungsinhalt 8 Matten<\/li>\n<li>Anwendung im Innenraum und auf der R\u00fcckseite der Verkleidungen<\/li>\n<li>Gesamtfl\u00e4che 1.5 m\u00b2<\/li>\n<li>Farbige Shop Verpackung<\/li>\n<\/ul>\n","protected":false},"excerpt":{"rendered":"<p>15 mm Wasserabweisende D\u00e4mmung aus gesch\u00e4umtem Polyurethan 15 mm Polyurethan-Schaumstoff mit wasserabweisender Oberfl\u00e4che 15 mm wasserabweisender Polyurethan-Schaumstoff zur D\u00e4mmung, 8 Matten, 1.5 m\u00b2 15 mm selbstklebender Polyurethan-Schaumstoff Mattengr\u00f6\u00dfe 375 x 500 mm Schallabsorbtion -85% Selbstklebend Einsatzbereich -40\u00b0 bis 100\u00b0 Viskoelastischer Poyurethan-Schaum Verpackungsinhalt 8 Matten Anwendung im Innenraum und auf der R\u00fcckseite der Verkleidungen Gesamtfl\u00e4che 1.5 &#8230; <a title=\"GZDF 1500SA-PRO\" class=\"read-more\" href=\"https:\/\/www.extreme-sound.de\/index.php\/produkt\/gzdf-1500sa-pro\/\" aria-label=\"Mehr Informationen \u00fcber GZDF 1500SA-PRO\">Weiterlesen &#8230;<\/a><\/p>\n","protected":false},"featured_media":1854,"template":"","meta":[],"product_brand":[],"product_cat":[32,107],"product_tag":[],"class_list":{"0":"post-1853","1":"product","2":"type-product","3":"status-publish","4":"has-post-thumbnail","6":"product_cat-car-audio-hifi","7":"product_cat-daemmung","8":"product_shipping_class-packet-l","10":"first","11":"instock","12":"taxable","13":"shipping-taxable","14":"purchasable","15":"product-type-simple"},"_links":{"self":[{"href":"https:\/\/www.extreme-sound.de\/index.php\/wp-json\/wp\/v2\/product\/1853","targetHints":{"allow":["GET"]}}],"collection":[{"href":"https:\/\/www.extreme-sound.de\/index.php\/wp-json\/wp\/v2\/product"}],"about":[{"href":"https:\/\/www.extreme-sound.de\/index.php\/wp-json\/wp\/v2\/types\/product"}],"wp:featuredmedia":[{"embeddable":true,"href":"https:\/\/www.extreme-sound.de\/index.php\/wp-json\/wp\/v2\/media\/1854"}],"wp:attachment":[{"href":"https:\/\/www.extreme-sound.de\/index.php\/wp-json\/wp\/v2\/media?parent=1853"}],"wp:term":[{"taxonomy":"product_brand","embeddable":true,"href":"https:\/\/www.extreme-sound.de\/index.php\/wp-json\/wp\/v2\/product_brand?post=1853"},{"taxonomy":"product_cat","embeddable":true,"href":"https:\/\/www.extreme-sound.de\/index.php\/wp-json\/wp\/v2\/product_cat?post=1853"},{"taxonomy":"product_tag","embeddable":true,"href":"https:\/\/www.extreme-sound.de\/index.php\/wp-json\/wp\/v2\/product_tag?post=1853"}],"curies":[{"name":"wp","href":"https:\/\/api.w.org\/{rel}","templated":true}]}}