{"id":1856,"date":"2021-02-27T11:29:05","date_gmt":"2021-02-27T10:29:05","guid":{"rendered":"https:\/\/www.extreme-sound.de\/?post_type=product&#038;p=1856"},"modified":"2021-03-27T11:15:32","modified_gmt":"2021-03-27T10:15:32","slug":"gzdf-400si","status":"publish","type":"product","link":"https:\/\/www.extreme-sound.de\/index.php\/produkt\/gzdf-400si\/","title":{"rendered":"GZDF 400SI"},"content":{"rendered":"<h1>4.0 mm Hochwertige, selbstklebende D\u00e4mmung aus Polyethylen-Schaum<\/h1>\n<h4>4.0 mm Polyethylen-Schaumstoff<\/h4>\n<p>4 mm High-Quality Polyethylen-Schaumstoff zur D\u00e4mmung, 20 Matten, 3.75 m\u00b2<\/p>\n<ul>\n<li>Polyethylen-Schaumstoff<\/li>\n<li>Gesamtst\u00e4rke 4.0 mm<\/li>\n<li>Wasserresistent<\/li>\n<li>Einsatzbereich -30\u00b0 bis 90\u00b0<\/li>\n<li>Dauerhafte Klebekraft<\/li>\n<li>Verpackungsinhalt 20 Matten<\/li>\n<li>Mattengr\u00f6\u00dfe 375 x 500 mm<\/li>\n<li>Gesamtfl\u00e4che 3.75 m\u00b2<\/li>\n<li>Farbige Shop Verpackung<\/li>\n<\/ul>\n","protected":false},"excerpt":{"rendered":"<p>4.0 mm Hochwertige, selbstklebende D\u00e4mmung aus Polyethylen-Schaum 4.0 mm Polyethylen-Schaumstoff 4 mm High-Quality Polyethylen-Schaumstoff zur D\u00e4mmung, 20 Matten, 3.75 m\u00b2 Polyethylen-Schaumstoff Gesamtst\u00e4rke 4.0 mm Wasserresistent Einsatzbereich -30\u00b0 bis 90\u00b0 Dauerhafte Klebekraft Verpackungsinhalt 20 Matten Mattengr\u00f6\u00dfe 375 x 500 mm Gesamtfl\u00e4che 3.75 m\u00b2 Farbige Shop Verpackung<\/p>\n","protected":false},"featured_media":1857,"template":"","meta":[],"product_brand":[],"product_cat":[32,107],"product_tag":[],"class_list":{"0":"post-1856","1":"product","2":"type-product","3":"status-publish","4":"has-post-thumbnail","6":"product_cat-car-audio-hifi","7":"product_cat-daemmung","8":"product_shipping_class-packet-l","10":"first","11":"instock","12":"taxable","13":"shipping-taxable","14":"purchasable","15":"product-type-simple"},"_links":{"self":[{"href":"https:\/\/www.extreme-sound.de\/index.php\/wp-json\/wp\/v2\/product\/1856","targetHints":{"allow":["GET"]}}],"collection":[{"href":"https:\/\/www.extreme-sound.de\/index.php\/wp-json\/wp\/v2\/product"}],"about":[{"href":"https:\/\/www.extreme-sound.de\/index.php\/wp-json\/wp\/v2\/types\/product"}],"wp:featuredmedia":[{"embeddable":true,"href":"https:\/\/www.extreme-sound.de\/index.php\/wp-json\/wp\/v2\/media\/1857"}],"wp:attachment":[{"href":"https:\/\/www.extreme-sound.de\/index.php\/wp-json\/wp\/v2\/media?parent=1856"}],"wp:term":[{"taxonomy":"product_brand","embeddable":true,"href":"https:\/\/www.extreme-sound.de\/index.php\/wp-json\/wp\/v2\/product_brand?post=1856"},{"taxonomy":"product_cat","embeddable":true,"href":"https:\/\/www.extreme-sound.de\/index.php\/wp-json\/wp\/v2\/product_cat?post=1856"},{"taxonomy":"product_tag","embeddable":true,"href":"https:\/\/www.extreme-sound.de\/index.php\/wp-json\/wp\/v2\/product_tag?post=1856"}],"curies":[{"name":"wp","href":"https:\/\/api.w.org\/{rel}","templated":true}]}}