{"id":1859,"date":"2021-02-27T11:31:39","date_gmt":"2021-02-27T10:31:39","guid":{"rendered":"https:\/\/www.extreme-sound.de\/?post_type=product&#038;p=1859"},"modified":"2021-03-27T11:15:32","modified_gmt":"2021-03-27T10:15:32","slug":"gzdm-doorkit-pro","status":"publish","type":"product","link":"https:\/\/www.extreme-sound.de\/index.php\/produkt\/gzdm-doorkit-pro\/","title":{"rendered":"GZDM DOORKIT PRO"},"content":{"rendered":"<h1>Komplettes Set aus verschiedenen Materialien zu effektiven D\u00e4mmung von 2 T\u00fcren<\/h1>\n<h4>Antivibrations-Set<\/h4>\n<p>Hochwertiges Antivibrations-Set f\u00fcr 2 T\u00fcren, 16 Matten 4 verschiedener Materialien<\/p>\n<ul>\n<li>Set zur D\u00e4mmung (2 T\u00fcren)<\/li>\n<li>8 Matten 1.7 mm Polymer-D\u00e4mmung (Alubutyl)<\/li>\n<li>4 Matten 15 mm Polyurethan-Schaumstoff<\/li>\n<li>2 Matten 4 mm hochdichter Polyethylen-Schaumstoff<\/li>\n<li>2 Platten 0.3 mm Aluminum<\/li>\n<li>Verschiedene Materialien<\/li>\n<li>Mattengr\u00f6\u00dfe 375 x 500 mm<\/li>\n<li>Farbige Shop Verpackung<\/li>\n<\/ul>\n","protected":false},"excerpt":{"rendered":"<p>Komplettes Set aus verschiedenen Materialien zu effektiven D\u00e4mmung von 2 T\u00fcren Antivibrations-Set Hochwertiges Antivibrations-Set f\u00fcr 2 T\u00fcren, 16 Matten 4 verschiedener Materialien Set zur D\u00e4mmung (2 T\u00fcren) 8 Matten 1.7 mm Polymer-D\u00e4mmung (Alubutyl) 4 Matten 15 mm Polyurethan-Schaumstoff 2 Matten 4 mm hochdichter Polyethylen-Schaumstoff 2 Platten 0.3 mm Aluminum Verschiedene Materialien Mattengr\u00f6\u00dfe 375 x 500 &#8230; <a title=\"GZDM DOORKIT PRO\" class=\"read-more\" href=\"https:\/\/www.extreme-sound.de\/index.php\/produkt\/gzdm-doorkit-pro\/\" aria-label=\"Mehr Informationen \u00fcber GZDM DOORKIT PRO\">Weiterlesen &#8230;<\/a><\/p>\n","protected":false},"featured_media":1860,"template":"","meta":[],"product_brand":[],"product_cat":[32,107],"product_tag":[],"class_list":{"0":"post-1859","1":"product","2":"type-product","3":"status-publish","4":"has-post-thumbnail","6":"product_cat-car-audio-hifi","7":"product_cat-daemmung","8":"product_shipping_class-packet-l","10":"first","11":"instock","12":"taxable","13":"shipping-taxable","14":"purchasable","15":"product-type-simple"},"_links":{"self":[{"href":"https:\/\/www.extreme-sound.de\/index.php\/wp-json\/wp\/v2\/product\/1859","targetHints":{"allow":["GET"]}}],"collection":[{"href":"https:\/\/www.extreme-sound.de\/index.php\/wp-json\/wp\/v2\/product"}],"about":[{"href":"https:\/\/www.extreme-sound.de\/index.php\/wp-json\/wp\/v2\/types\/product"}],"wp:featuredmedia":[{"embeddable":true,"href":"https:\/\/www.extreme-sound.de\/index.php\/wp-json\/wp\/v2\/media\/1860"}],"wp:attachment":[{"href":"https:\/\/www.extreme-sound.de\/index.php\/wp-json\/wp\/v2\/media?parent=1859"}],"wp:term":[{"taxonomy":"product_brand","embeddable":true,"href":"https:\/\/www.extreme-sound.de\/index.php\/wp-json\/wp\/v2\/product_brand?post=1859"},{"taxonomy":"product_cat","embeddable":true,"href":"https:\/\/www.extreme-sound.de\/index.php\/wp-json\/wp\/v2\/product_cat?post=1859"},{"taxonomy":"product_tag","embeddable":true,"href":"https:\/\/www.extreme-sound.de\/index.php\/wp-json\/wp\/v2\/product_tag?post=1859"}],"curies":[{"name":"wp","href":"https:\/\/api.w.org\/{rel}","templated":true}]}}