{"id":197,"date":"2021-01-06T10:55:04","date_gmt":"2021-01-06T09:55:04","guid":{"rendered":"https:\/\/www.extreme-sound.de\/?post_type=product&#038;p=197"},"modified":"2022-12-10T11:47:39","modified_gmt":"2022-12-10T10:47:39","slug":"helix-k10w","status":"publish","type":"product","link":"https:\/\/www.extreme-sound.de\/index.php\/produkt\/helix-k10w\/","title":{"rendered":"Helix K 10W"},"content":{"rendered":"<div id=\"description\" class=\"detail-decription-headline\">\n<h2>HELIX K 10W<\/h2>\n<\/div>\n<div id=\"description--text\" class=\"product--description\">\n<p>Hier sind die Selbermacher gefragt, wenn es darum geht, vorhandenen Platz im Fahrzeug durch eine individuelle Subwoofer-Geh\u00e4useform optimal auszunutzen.<\/p>\n<p>Die beiden Systeme K 10W und K12W sind technisch mit den in den K Geh\u00e4usewoofern verwendeten Chassis absolut identisch. Ein Blick auf die Thiele \/ Small-Parameter l\u00e4sst den Fachmann gleich erkennen, dass diese f\u00fcr kompakte Bassreflex-Konstruktionen perfekt ausgelegt sind und gen\u00fcgend Spielraum bei der Wahl der individuellen Klangcharakteristik lassen.<\/p>\n<p>Wer auf \u201eNummer sicher&#8220; gehen will, orientiert sich bez\u00fcglich Nettovolumen und Tunnelabstimmfrequenz einfach an den Geh\u00e4use-Subwoofern K 10E bzw. K 12E und erzielt so garantiert exzellente Bassperformance.<\/p>\n<p>Also ran an die S\u00e4ge und bauen Sie sich den ma\u00dfgeschneiderten Subwoofer f\u00fcr Ihr Auto!<\/p>\n<\/div>\n<div id=\"features\" class=\"detail-features-headline\">\n<h3>Features<\/h3>\n<\/div>\n<div class=\"product--features\">\n<ul>\n<li>Enorm verwindungssteife, handgesch\u00f6pfte Papiermembran<\/li>\n<li>Doppelte Bel\u00fcftung der Schwingspulen f\u00fcr minimale Kompressionseffekte<\/li>\n<li>Langhubige Gummisicke f\u00fcr h\u00f6chste mechanische Belastbarkeit<\/li>\n<li>Sehr gro\u00dfer linearer Hub<\/li>\n<li>2 x 2 Ohm Doppelschwingspule f\u00fcr flexible Systemkonfigurationen<\/li>\n<li>Solide Druckterminals<\/li>\n<li>Kraftvolles Magnetsystem f\u00fcr kompakte Bassreflex-Geh\u00e4use optimiert<\/li>\n<li>Robuste Magnetabdeckung mit HELIX-Schriftzug zum Schutz des Magneten<\/li>\n<li>Gitter und Abdeckring im Lieferumfang enthalten<\/li>\n<\/ul>\n<\/div>\n","protected":false},"excerpt":{"rendered":"<div id=\"technicaldata\" class=\"product--technicaldata-headline\">\n<h3>Technische Daten<\/h3>\n<\/div>\n<div class=\"detail--technicaldata\">\n<table border=\"0\" cellspacing=\"0\" cellpadding=\"0\">\n<colgroup>\n<col width=\"341\" \/>\n<col width=\"61\" \/>\n<col width=\"320\" \/><\/colgroup>\n<tbody>\n<tr>\n<td valign=\"top\"><strong>Leistung RMS \/ Max.<\/strong><\/td>\n<td valign=\"top\"><em>\u00a0P<\/em><\/td>\n<td valign=\"top\">300 \/ 600 Watt<\/td>\n<\/tr>\n<tr>\n<td valign=\"top\"><strong>Impedanz<\/strong><\/td>\n<td valign=\"top\"><em>Z<\/em><\/td>\n<td valign=\"top\">2 x 2 \u03a9<\/td>\n<\/tr>\n<tr>\n<td valign=\"top\"><strong>Gleichstromwiderstand\u00a0<\/strong><\/td>\n<td valign=\"top\"><em>Re<\/em><\/td>\n<td valign=\"top\">2 x 1,6 \u03a9<\/td>\n<\/tr>\n<tr>\n<td valign=\"top\"><strong>Resonanzfrequenz\u00a0<\/strong><\/td>\n<td valign=\"top\"><em>Fs<\/em><\/td>\n<td valign=\"top\">36 Hz<\/td>\n<\/tr>\n<tr>\n<td valign=\"top\"><strong>Mechanische G\u00fcte<\/strong><\/td>\n<td valign=\"top\"><em>Qms<\/em><\/td>\n<td valign=\"top\">4,50<\/td>\n<\/tr>\n<tr>\n<td valign=\"top\"><strong>Elektrische G\u00fcte\u00a0<\/strong><\/td>\n<td valign=\"top\"><em>Qes<\/em><\/td>\n<td valign=\"top\">0,43<\/td>\n<\/tr>\n<tr>\n<td valign=\"top\"><strong>Gesamtg\u00fcte\u00a0<\/strong><\/td>\n<td valign=\"top\"><em>Qts<\/em><\/td>\n<td valign=\"top\">0,39<\/td>\n<\/tr>\n<tr>\n<td valign=\"top\"><strong>Nachgiebigkeit<\/strong><\/td>\n<td valign=\"top\"><em>Cms<\/em><\/td>\n<td valign=\"top\">218 \u03bcm\/N<\/td>\n<\/tr>\n<tr>\n<td valign=\"top\"><strong>\u00c4quivalentvolumen\u00a0<\/strong><\/td>\n<td valign=\"top\"><em>Vas<\/em><\/td>\n<td valign=\"top\">34 L<\/td>\n<\/tr>\n<tr>\n<td valign=\"top\"><strong>Kraftfaktor\u00a0<\/strong><\/td>\n<td valign=\"top\"><em>B*I<\/em><\/td>\n<td valign=\"top\">12,3 Tm<\/td>\n<\/tr>\n<tr>\n<td valign=\"top\"><strong>Wirkungsgrad 1 W \/ 1 m<\/strong><\/td>\n<td valign=\"top\"><em>SPL<\/em><\/td>\n<td valign=\"top\">88,0 dB<\/td>\n<\/tr>\n<tr>\n<td valign=\"top\"><strong>Membranfl\u00e4che\u00a0<\/strong><\/td>\n<td valign=\"top\"><em>Sd<\/em><\/td>\n<td valign=\"top\">333 cm\u00b2<\/td>\n<\/tr>\n<tr>\n<td valign=\"top\"><strong>Bewegte Masse\u00a0<\/strong><\/td>\n<td valign=\"top\"><em>Mms<\/em><\/td>\n<td valign=\"top\">91 g<\/td>\n<\/tr>\n<tr>\n<td valign=\"top\"><strong>Membranmaterial<\/strong><\/td>\n<td valign=\"top\"><em>\u00a0<\/em><\/td>\n<td valign=\"top\">Handgesch\u00f6pfte Papiermembran<\/td>\n<\/tr>\n<tr>\n<td valign=\"top\"><strong>Mechanischer Widerstand\u00a0<\/strong><\/td>\n<td valign=\"top\"><em>Rms<\/em><\/td>\n<td valign=\"top\">4,56 kg\/s<\/td>\n<\/tr>\n<tr>\n<td valign=\"top\"><strong>Schwingspulendurchmesser<\/strong><\/td>\n<td valign=\"top\"><em>\u00f8<\/em><\/td>\n<td valign=\"top\">50,8 mm<\/td>\n<\/tr>\n<tr>\n<td valign=\"top\"><strong>Schwingspulenwickelbreite<\/strong><\/td>\n<td valign=\"top\"><em>\u00a0<\/em><\/td>\n<td valign=\"top\">24 mm<\/td>\n<\/tr>\n<tr>\n<td valign=\"top\"><strong>Max. linearer Membranhub<\/strong><\/td>\n<td valign=\"top\"><em>Xmax<\/em><\/td>\n<td valign=\"top\">+\/- 8,0 mm<\/td>\n<\/tr>\n<tr>\n<td valign=\"top\"><strong>Au\u00dfendurchmesser<\/strong><\/td>\n<td valign=\"top\"><em>\u00f8<\/em><\/td>\n<td valign=\"top\">262 mm<\/td>\n<\/tr>\n<tr>\n<td valign=\"top\"><strong>Einbaudurchmesser<\/strong><\/td>\n<td valign=\"top\"><em>\u00f8<\/em><\/td>\n<td valign=\"top\">232 mm<\/td>\n<\/tr>\n<tr>\n<td valign=\"top\"><strong>Einbautiefe<\/strong><\/td>\n<td valign=\"top\"><em>\u00a0<\/em><\/td>\n<td valign=\"top\">126 mm<\/td>\n<\/tr>\n<tr>\n<td colspan=\"3\" valign=\"top\"><strong>\u00a0<\/strong><em>\u00a0<\/em><\/td>\n<\/tr>\n<tr>\n<td colspan=\"3\" valign=\"top\"><strong>Empfohlene Geh\u00e4usevolumina<\/strong><em>\u00a0<\/em><\/td>\n<\/tr>\n<tr>\n<td colspan=\"3\" valign=\"top\"><strong>Geschlossenes Geh\u00e4use<\/strong><em>\u00a0<\/em><\/td>\n<\/tr>\n<tr>\n<td valign=\"top\">Nettovolumen<\/td>\n<td valign=\"top\"><em>\u00a0<\/em><\/td>\n<td valign=\"top\">12 L<\/td>\n<\/tr>\n<tr>\n<td valign=\"top\">Untere Grenzfrequenz (-3dB)<\/td>\n<td valign=\"top\"><em>\u00a0<\/em><\/td>\n<td valign=\"top\">53 Hz<\/td>\n<\/tr>\n<tr>\n<td colspan=\"3\" valign=\"top\"><strong>\u00a0<\/strong><em>\u00a0<\/em><\/td>\n<\/tr>\n<tr>\n<td colspan=\"3\" valign=\"top\"><strong>Bassreflex-Geh\u00e4use<\/strong><em>\u00a0<\/em><\/td>\n<\/tr>\n<tr>\n<td valign=\"top\">Nettovolumen<\/td>\n<td valign=\"top\"><em>\u00a0<\/em><\/td>\n<td valign=\"top\">19 L<\/td>\n<\/tr>\n<tr>\n<td valign=\"top\">Reflex-Kanaldurchmesser<\/td>\n<td valign=\"top\"><em>\u00f8<\/em><\/td>\n<td valign=\"top\">70 mm<\/td>\n<\/tr>\n<tr>\n<td valign=\"top\">Reflex-Kanalfl\u00e4che<\/td>\n<td valign=\"top\"><em>\u00a0<\/em><\/td>\n<td valign=\"top\">38 cm\u00b2<\/td>\n<\/tr>\n<tr>\n<td valign=\"top\">Reflex-Kanall\u00e4nge<\/td>\n<td valign=\"top\"><em>\u00a0<\/em><\/td>\n<td valign=\"top\">22 cm<\/td>\n<\/tr>\n<tr>\n<td valign=\"top\">Tunnelabstimmungsfrequenz<\/td>\n<td valign=\"top\"><em>Fb<\/em><\/td>\n<td valign=\"top\">43 Hz<\/td>\n<\/tr>\n<tr>\n<td valign=\"top\">Untere Grenzfrequenz (-3dB)<\/td>\n<td valign=\"top\"><em>\u00a0<\/em><\/td>\n<td valign=\"top\">43 Hz<\/td>\n<\/tr>\n<\/tbody>\n<\/table>\n<\/div>\n","protected":false},"featured_media":198,"template":"","meta":[],"product_brand":[],"product_cat":[48,32,45,40],"product_tag":[],"class_list":{"0":"post-197","1":"product","2":"type-product","3":"status-publish","4":"has-post-thumbnail","6":"product_cat-10-25cm","7":"product_cat-car-audio-hifi","8":"product_cat-helix-subwoofer","9":"product_cat-subwoofer","10":"product_shipping_class-packet-l","12":"first","13":"instock","14":"taxable","15":"shipping-taxable","16":"purchasable","17":"product-type-simple"},"_links":{"self":[{"href":"https:\/\/www.extreme-sound.de\/index.php\/wp-json\/wp\/v2\/product\/197","targetHints":{"allow":["GET"]}}],"collection":[{"href":"https:\/\/www.extreme-sound.de\/index.php\/wp-json\/wp\/v2\/product"}],"about":[{"href":"https:\/\/www.extreme-sound.de\/index.php\/wp-json\/wp\/v2\/types\/product"}],"wp:featuredmedia":[{"embeddable":true,"href":"https:\/\/www.extreme-sound.de\/index.php\/wp-json\/wp\/v2\/media\/198"}],"wp:attachment":[{"href":"https:\/\/www.extreme-sound.de\/index.php\/wp-json\/wp\/v2\/media?parent=197"}],"wp:term":[{"taxonomy":"product_brand","embeddable":true,"href":"https:\/\/www.extreme-sound.de\/index.php\/wp-json\/wp\/v2\/product_brand?post=197"},{"taxonomy":"product_cat","embeddable":true,"href":"https:\/\/www.extreme-sound.de\/index.php\/wp-json\/wp\/v2\/product_cat?post=197"},{"taxonomy":"product_tag","embeddable":true,"href":"https:\/\/www.extreme-sound.de\/index.php\/wp-json\/wp\/v2\/product_tag?post=197"}],"curies":[{"name":"wp","href":"https:\/\/api.w.org\/{rel}","templated":true}]}}