{"id":224,"date":"2021-01-06T12:10:27","date_gmt":"2021-01-06T11:10:27","guid":{"rendered":"https:\/\/www.extreme-sound.de\/?post_type=product&#038;p=224"},"modified":"2022-12-10T11:14:39","modified_gmt":"2022-12-10T10:14:39","slug":"match-pp-8w-q","status":"publish","type":"product","link":"https:\/\/www.extreme-sound.de\/index.php\/produkt\/match-pp-8w-q\/","title":{"rendered":"Match PP 8W-Q"},"content":{"rendered":"<div id=\"description\" class=\"detail-decription-headline\">\n<h2>MATCH PP 8W-Q<\/h2>\n<\/div>\n<div id=\"description--text\" class=\"product--description\">\n<p>Nicht der richtige Typ dabei? \u2013 Sollte keiner der MATCH Plug\u00a0&amp;\u00a0Play Geh\u00e4use-Subwoofer von der Formgebung optimal in Ihr Fahrzeug passen, dann bietet sich mit den Tieft\u00f6ner-Chassis unserer Plug &amp; Play Linie die M\u00f6glichkeit, einen passenden Subwoofer selbst zu gestalten. Diese Einzelchassis sind exakt identisch mit den Systemen, die in den Geh\u00e4usevarianten verbaut sind. Solange Sie sich bei Ihrem selbst gebauten Geh\u00e4use bez\u00fcglich des Nettovolumens und der Abstimmung des Bassreflexkanals an unsere Vorgaben halten, ist eine identische Klangperformance garantiert.<\/p>\n<\/div>\n<div id=\"features\" class=\"detail-features-headline\">\n<h3>Features<\/h3>\n<\/div>\n<div class=\"product--features\">\n<ul>\n<li>200 mm Plug &amp; Play Subwoofer mit Vierfach-Schwingspule f\u00fcr kompakte Bassreflex-Geh\u00e4use<\/li>\n<li>Hochsteife, handgesch\u00f6pfte Papier-Membran f\u00fcr maximalen Schalldruck<\/li>\n<li>Doppelte Bel\u00fcftung der Schwingspule f\u00fcr minimale Kompressionseffekte<\/li>\n<li>Starker Magnetantrieb f\u00fcr kompakte Bassreflexgeh\u00e4use<\/li>\n<li>Optimiert f\u00fcr das perfekte Zusammenspiel mit MATCH Plug &amp; Play Verst\u00e4rkern<\/li>\n<li>Anschlussterminal f\u00fcr MATCH-Subwooferkabel (PP-SC) im Lieferumfang enthalten<\/li>\n<\/ul>\n<\/div>\n","protected":false},"excerpt":{"rendered":"<div id=\"technicaldata\" class=\"product--technicaldata-headline\">\n<h3>Technische Daten<\/h3>\n<\/div>\n<div class=\"detail--technicaldata\">\n<table border=\"0\" cellspacing=\"0\" cellpadding=\"0\">\n<colgroup>\n<col \/>\n<col \/>\n<col \/><\/colgroup>\n<tbody>\n<tr>\n<td><strong>Leistung RMS \/ Max.<\/strong><\/td>\n<td><em>P<\/em><\/td>\n<td>200 \/ 400 Watt<\/td>\n<\/tr>\n<tr>\n<td><strong>Impedanz<\/strong><\/td>\n<td><em>Z<\/em><\/td>\n<td>4 x 3 \u03a9<\/td>\n<\/tr>\n<tr>\n<td><strong>Gleichstromwiderstand\u00a0<\/strong><\/td>\n<td><em>Re<\/em><\/td>\n<td>4 x 2,7 \u03a9<\/td>\n<\/tr>\n<tr>\n<td><strong>Resonanzfrequenz\u00a0<\/strong><\/td>\n<td><em>Fs<\/em><\/td>\n<td>37 Hz<\/td>\n<\/tr>\n<tr>\n<td><strong>Mechanische G\u00fcte<\/strong><\/td>\n<td><em>Qms<\/em><\/td>\n<td>5,40<\/td>\n<\/tr>\n<tr>\n<td><strong>Elektrische G\u00fcte\u00a0<\/strong><\/td>\n<td><em>Qes<\/em><\/td>\n<td>0,57<\/td>\n<\/tr>\n<tr>\n<td><strong>Gesamtg\u00fcte\u00a0<\/strong><\/td>\n<td><em>Qts<\/em><\/td>\n<td>0,51<\/td>\n<\/tr>\n<tr>\n<td><strong>Nachgiebigkeit<\/strong><\/td>\n<td><em>Cms<\/em><\/td>\n<td>341\u00a0 \u00b5m\/N<\/td>\n<\/tr>\n<tr>\n<td><strong>\u00c4quivalentvolumen\u00a0<\/strong><\/td>\n<td><em>Vas<\/em><\/td>\n<td>23 L<\/td>\n<\/tr>\n<tr>\n<td><strong>Kraftfaktor\u00a0<\/strong><\/td>\n<td><em>B*I<\/em><\/td>\n<td>7,5 Tm<\/td>\n<\/tr>\n<tr>\n<td><strong>Wirkungsgrad 1 W \/ 1 m<\/strong><\/td>\n<td><em>SPL<\/em><\/td>\n<td>87 dB<\/td>\n<\/tr>\n<tr>\n<td><strong>Membranfl\u00e4che\u00a0<\/strong><\/td>\n<td><em>Sd<\/em><\/td>\n<td>222 cm\u00b2<\/td>\n<\/tr>\n<tr>\n<td><strong>Bewegte Masse\u00a0<\/strong><\/td>\n<td><em>Mms<\/em><\/td>\n<td>53 g<\/td>\n<\/tr>\n<tr>\n<td><strong>Membranmaterial<\/strong><\/td>\n<td><em>\u00a0<\/em><\/td>\n<td>Handgesch\u00f6pfte Papiermembran<\/td>\n<\/tr>\n<tr>\n<td><strong>Mechanischer Widerstand\u00a0<\/strong><\/td>\n<td><em>Rms<\/em><\/td>\n<td>3,3\u00a0 kg\/s<\/td>\n<\/tr>\n<tr>\n<td><strong>Schwingspulendurchmesser<\/strong><\/td>\n<td><em>\u00f8<\/em><\/td>\n<td>50,8 mm<\/td>\n<\/tr>\n<tr>\n<td><strong>Schwingspulenwickelbreite<\/strong><\/td>\n<td><em>\u00a0<\/em><\/td>\n<td>21 mm<\/td>\n<\/tr>\n<tr>\n<td><strong>Max. linearer Membranhub<\/strong><\/td>\n<td><em>Xmax<\/em><\/td>\n<td>+\/- 6,5 mm<\/td>\n<\/tr>\n<tr>\n<td><strong>Au\u00dfendurchmesser<\/strong><\/td>\n<td><em>\u00f8<\/em><\/td>\n<td>212 mm<\/td>\n<\/tr>\n<tr>\n<td><strong>Einbaudurchmesser<\/strong><\/td>\n<td><em>\u00f8<\/em><\/td>\n<td>183 mm<\/td>\n<\/tr>\n<tr>\n<td><strong>Einbautiefe<\/strong><\/td>\n<td><em>\u00a0<\/em><\/td>\n<td>105 mm<\/td>\n<\/tr>\n<tr>\n<td colspan=\"3\"><strong>\u00a0<\/strong><em>\u00a0<\/em><\/td>\n<\/tr>\n<tr>\n<td colspan=\"3\"><strong>Empfohlene Geh\u00e4usevolumina<\/strong><em>\u00a0<\/em><\/td>\n<\/tr>\n<tr>\n<td colspan=\"3\"><strong>Geschlossenes Geh\u00e4use<\/strong><em>\u00a0<\/em><\/td>\n<\/tr>\n<tr>\n<td>Nettovolumen<\/td>\n<td><em>\u00a0<\/em><\/td>\n<td>&#8211;<\/td>\n<\/tr>\n<tr>\n<td>Untere Grenzfrequenz (-3dB)<\/td>\n<td><em>\u00a0<\/em><\/td>\n<td>&#8211;<\/td>\n<\/tr>\n<tr>\n<td colspan=\"3\"><strong>\u00a0<\/strong><em>\u00a0<\/em><\/td>\n<\/tr>\n<tr>\n<td colspan=\"3\"><strong>Bassreflex-Geh\u00e4use<\/strong><em>\u00a0<\/em><\/td>\n<\/tr>\n<tr>\n<td>Nettovolumen<\/td>\n<td><em>\u00a0<\/em><\/td>\n<td>10 L<\/td>\n<\/tr>\n<tr>\n<td>Reflex-Kanaldurchmesser<\/td>\n<td><em>\u00f8<\/em><\/td>\n<td>60 mm<\/td>\n<\/tr>\n<tr>\n<td>Reflex-Kanalfl\u00e4che<\/td>\n<td><em>\u00a0<\/em><\/td>\n<td>28 cm\u00b2<\/td>\n<\/tr>\n<tr>\n<td>Reflex-Kanall\u00e4nge<\/td>\n<td><em>\u00a0<\/em><\/td>\n<td>25 cm<\/td>\n<\/tr>\n<tr>\n<td>Tunnelabstimmungsfrequenz<\/td>\n<td><em>Fb<\/em><\/td>\n<td>47 Hz<\/td>\n<\/tr>\n<tr>\n<td>Untere Grenzfrequenz (-3dB)<\/td>\n<td><em>\u00a0<\/em><\/td>\n<td>45 Hz<\/td>\n<\/tr>\n<\/tbody>\n<\/table>\n<\/div>\n","protected":false},"featured_media":284,"template":"","meta":[],"product_brand":[],"product_cat":[32,46,40],"product_tag":[],"class_list":{"0":"post-224","1":"product","2":"type-product","3":"status-publish","4":"has-post-thumbnail","6":"product_cat-car-audio-hifi","7":"product_cat-match-subwoofer","8":"product_cat-subwoofer","9":"product_shipping_class-packet-l","11":"first","12":"instock","13":"taxable","14":"shipping-taxable","15":"purchasable","16":"product-type-simple"},"_links":{"self":[{"href":"https:\/\/www.extreme-sound.de\/index.php\/wp-json\/wp\/v2\/product\/224","targetHints":{"allow":["GET"]}}],"collection":[{"href":"https:\/\/www.extreme-sound.de\/index.php\/wp-json\/wp\/v2\/product"}],"about":[{"href":"https:\/\/www.extreme-sound.de\/index.php\/wp-json\/wp\/v2\/types\/product"}],"wp:featuredmedia":[{"embeddable":true,"href":"https:\/\/www.extreme-sound.de\/index.php\/wp-json\/wp\/v2\/media\/284"}],"wp:attachment":[{"href":"https:\/\/www.extreme-sound.de\/index.php\/wp-json\/wp\/v2\/media?parent=224"}],"wp:term":[{"taxonomy":"product_brand","embeddable":true,"href":"https:\/\/www.extreme-sound.de\/index.php\/wp-json\/wp\/v2\/product_brand?post=224"},{"taxonomy":"product_cat","embeddable":true,"href":"https:\/\/www.extreme-sound.de\/index.php\/wp-json\/wp\/v2\/product_cat?post=224"},{"taxonomy":"product_tag","embeddable":true,"href":"https:\/\/www.extreme-sound.de\/index.php\/wp-json\/wp\/v2\/product_tag?post=224"}],"curies":[{"name":"wp","href":"https:\/\/api.w.org\/{rel}","templated":true}]}}