{"id":226,"date":"2021-01-06T12:13:56","date_gmt":"2021-01-06T11:13:56","guid":{"rendered":"https:\/\/www.extreme-sound.de\/?post_type=product&#038;p=226"},"modified":"2022-03-05T11:41:26","modified_gmt":"2022-03-05T10:41:26","slug":"match-up-w8bmw-s","status":"publish","type":"product","link":"https:\/\/www.extreme-sound.de\/index.php\/produkt\/match-up-w8bmw-s\/","title":{"rendered":"Match UP W8BMW-S"},"content":{"rendered":"<div id=\"description\" class=\"detail-decription-headline\">\n<h2>MATCH UP W8BMW-S<\/h2>\n<\/div>\n<div id=\"description--text\" class=\"product--description\">\n<h3>Maximale POWER f\u00fcr BMW Soundkonzepte<\/h3>\n<p>M\u00e4chtig druckvoll und dynamisch spielen die superflachen UP W8BMW-S Subwoofer. Vor allem die hochsteife Fiberglas-Membran generiert maximalen Schalldruck und bleibt dabei verzerrungsfrei.<\/p>\n<p>Dank der BMW-spezifischen Lautsprecherk\u00f6rbe und Steckverbinder ist ein schneller und einfacher Verbau in die ab Werk vorgesehenen Einbaupl\u00e4tze aller BMW-Modellreihen mit Untersitz-Subwoofer m\u00f6glich.<\/p>\n<p>Aber auch f\u00fcr den universellen Einsatz bieten diese Subwoofer ideale Voraussetzungen. Die besonders geringe Einbautiefe erm\u00f6glicht die Verwendung in extrem kompakten, geschlossenen Geh\u00e4usen. Die \u00fcberdimensionierte 42,5 mm gro\u00dfe Schwingspule garantiert eine hohe Belastbarkeit. Mit seiner 2 Ohm Single Schwingspule sind die UP W8BMW-S der perfekte Ersatz f\u00fcr die Basslautsprecher des BMW HiFi-Soundsystems und optimal kombinierbar mit den MATCH Upgrade Verst\u00e4rkern UP 7BMW und f\u00fcr universelle Fahrzeugkonzepte die UP 7DSP.<\/p>\n<p>Ob als Bass-Upgrade in ihrem BMW oder als Tieftonlieferant in universellen Anwendungen, dem Musikgenuss mit der richtigen Portion Bass steht nun nichts mehr im Wege.<\/p>\n<\/div>\n<div id=\"features\" class=\"detail-features-headline\">\n<h3>Features<\/h3>\n<\/div>\n<div class=\"product--features\">\n<ul>\n<li>2 x 200 mm BMW Upgrade-Subwoofer<\/li>\n<li>Passt in die Original-Einbaupl\u00e4tze unter den vorderen Sitzen aller BMW Modellreihen mit Untersitz-Subwoofer<\/li>\n<li>Hochsteife Fiberglas-Membran f\u00fcr maximalen Schalldruck<\/li>\n<li>1 x 2 Ohm Impedanz je Woofer<\/li>\n<li>\u00dcberdimensionierte 42,5 mm Schwingspule f\u00fcr enorme Belastbarkeit<\/li>\n<li>BMW Anschlusskabel\u00a0f\u00fcr Original-BMW Kabelbaum im Lieferumfang enthalten<\/li>\n<li>Optimal kombinierbar mit den MATCH UPGRADE Verst\u00e4rkern MATCH UP 7BMW und UP 7DSP<\/li>\n<li>Ideal auch f\u00fcr den universellen Einsatz in ultraflachen Subwoofer-Konstruktionen<\/li>\n<\/ul>\n<\/div>\n","protected":false},"excerpt":{"rendered":"<div id=\"technicaldata\" class=\"product--technicaldata-headline\">\n<h3>Technische Daten<\/h3>\n<\/div>\n<div class=\"detail--technicaldata\">\n<table border=\"0\" cellspacing=\"0\" cellpadding=\"0\">\n<colgroup>\n<col \/>\n<col \/>\n<col span=\"2\" \/><\/colgroup>\n<tbody>\n<tr>\n<td align=\"left\"><strong>Leistung RMS \/ Max.<\/strong><\/td>\n<td>P<\/td>\n<td colspan=\"2\">200 \/ 400 Watt<\/td>\n<\/tr>\n<tr>\n<td align=\"left\"><strong>Impedanz<\/strong><\/td>\n<td>Z<\/td>\n<td colspan=\"2\">1 x 2 \u03a9<\/td>\n<\/tr>\n<tr>\n<td align=\"left\"><strong>Gleichstromwiderstand\u00a0<\/strong><\/td>\n<td>Re<\/td>\n<td colspan=\"2\">2,0 \u03a9<\/td>\n<\/tr>\n<tr>\n<td align=\"left\"><strong>Resonanzfrequenz\u00a0<\/strong><\/td>\n<td>Fs<\/td>\n<td colspan=\"2\">49 Hz<\/td>\n<\/tr>\n<tr>\n<td align=\"left\"><strong>Mechanische G\u00fcte<\/strong><\/td>\n<td>Qms<\/td>\n<td colspan=\"2\">3,80<\/td>\n<\/tr>\n<tr>\n<td align=\"left\"><strong>Elektrische G\u00fcte\u00a0<\/strong><\/td>\n<td>Qes<\/td>\n<td colspan=\"2\">0,61<\/td>\n<\/tr>\n<tr>\n<td align=\"left\"><strong>Gesamtg\u00fcte\u00a0<\/strong><\/td>\n<td>Qts<\/td>\n<td colspan=\"2\">0,53<\/td>\n<\/tr>\n<tr>\n<td align=\"left\"><strong>Nachgiebigkeit<\/strong><\/td>\n<td>Cms<\/td>\n<td colspan=\"2\">210 \u00b5m\/N<\/td>\n<\/tr>\n<tr>\n<td align=\"left\"><strong>\u00c4quivalentvolumen\u00a0<\/strong><\/td>\n<td>Vas<\/td>\n<td colspan=\"2\">13,9 L<\/td>\n<\/tr>\n<tr>\n<td align=\"left\"><strong>Kraftfaktor\u00a0<\/strong><\/td>\n<td>B*I<\/td>\n<td colspan=\"2\">7,1 Tm<\/td>\n<\/tr>\n<tr>\n<td align=\"left\"><strong>Wirkungsgrad 1 W \/ 1 m<\/strong><\/td>\n<td>SPL<\/td>\n<td colspan=\"2\">90 dB<\/td>\n<\/tr>\n<tr>\n<td align=\"left\"><strong>Membranfl\u00e4che\u00a0<\/strong><\/td>\n<td>Sd<\/td>\n<td colspan=\"2\">214 cm\u00b2<\/td>\n<\/tr>\n<tr>\n<td align=\"left\"><strong>Bewegte Masse\u00a0<\/strong><\/td>\n<td>Mms<\/td>\n<td colspan=\"2\">47,4 g<\/td>\n<\/tr>\n<tr>\n<td align=\"left\"><strong>Membranmaterial<\/strong><\/td>\n<td><\/td>\n<td colspan=\"2\">Hochsteife Fiberglas-Membran<\/td>\n<\/tr>\n<tr>\n<td align=\"left\"><strong>Mechanischer Widerstand\u00a0<\/strong><\/td>\n<td>Rms<\/td>\n<td colspan=\"2\">3,97 kg\/s<\/td>\n<\/tr>\n<tr>\n<td align=\"left\"><strong>Schwingspulendurchmesser<\/strong><\/td>\n<td>\u00f8<\/td>\n<td colspan=\"2\">42,5 mm<\/td>\n<\/tr>\n<tr>\n<td align=\"left\"><strong>Schwingspulenwickelbreite<\/strong><\/td>\n<td><\/td>\n<td colspan=\"2\">12,5 mm<\/td>\n<\/tr>\n<tr>\n<td align=\"left\"><strong>Max. linearer Membranhub<\/strong><\/td>\n<td>Xmax<\/td>\n<td colspan=\"2\">+\/- 4,0 mm<\/td>\n<\/tr>\n<tr>\n<td align=\"left\"><strong>Au\u00dfendurchmesser<\/strong><\/td>\n<td>\u00f8<\/td>\n<td colspan=\"2\">239 mm<\/td>\n<\/tr>\n<tr>\n<td align=\"left\"><strong>Einbaudurchmesser<\/strong><\/td>\n<td>\u00f8<\/td>\n<td colspan=\"2\">175 mm<\/td>\n<\/tr>\n<tr>\n<td align=\"left\"><strong>Einbautiefe<\/strong><\/td>\n<td><\/td>\n<td colspan=\"2\">40 mm<\/td>\n<\/tr>\n<tr>\n<td align=\"left\"><strong>\u00a0<\/strong><\/td>\n<td><\/td>\n<td colspan=\"2\"><\/td>\n<\/tr>\n<tr>\n<td align=\"left\"><strong>Empfohlene Geh\u00e4usevolumina<\/strong><\/td>\n<td><\/td>\n<td colspan=\"2\"><\/td>\n<\/tr>\n<tr>\n<td align=\"left\"><strong>Geschlossenes Geh\u00e4use<\/strong><\/td>\n<td><\/td>\n<td colspan=\"2\"><\/td>\n<\/tr>\n<tr>\n<td align=\"left\">Nettovolumen<\/td>\n<td><\/td>\n<td colspan=\"2\">3 L<\/td>\n<\/tr>\n<tr>\n<td align=\"left\">Untere Grenzfrequenz (-3dB)<\/td>\n<td><\/td>\n<td colspan=\"2\">63 Hz<\/td>\n<\/tr>\n<tr>\n<td align=\"left\">DSP Einstellungen<\/td>\n<td><\/td>\n<td colspan=\"2\">&#8211; Hochpass: Butterworth; 12 dB\/Oktave; Trennfrequenz 40 Hz<br \/>\n&#8211; Zus\u00e4tzliches EQ Filter: Mittenfrequenz 90 Hz; Filterg\u00fcte 3,0; Absenkung -4 dB<br \/>\n&#8211; Tiefpass: Butterworth; 24 dB\/Oktave; Trennfrequenz 80 &#8211; 100 Hz<\/td>\n<\/tr>\n<tr>\n<td align=\"left\"><strong>\u00a0<\/strong><\/td>\n<td><\/td>\n<td colspan=\"2\"><\/td>\n<\/tr>\n<tr>\n<td align=\"left\"><strong>Bassreflex-Geh\u00e4use<\/strong><\/td>\n<td><\/td>\n<td>F\u00fcr einen Subwoofer<\/td>\n<td>F\u00fcr zwei Subwoofer<\/td>\n<\/tr>\n<tr>\n<td align=\"left\">Nettovolumen<\/td>\n<td><\/td>\n<td>12 L<\/td>\n<td>24 L<\/td>\n<\/tr>\n<tr>\n<td align=\"left\">Reflex-Kanaldurchmesser<\/td>\n<td>\u00f8<\/td>\n<td>60 mm<\/td>\n<td>80 mm<\/td>\n<\/tr>\n<tr>\n<td align=\"left\">Reflex-Kanalfl\u00e4che<\/td>\n<td><\/td>\n<td>28 cm\u00b2<\/td>\n<td>50 cm\u00b2<\/td>\n<\/tr>\n<tr>\n<td align=\"left\">Reflex-Kanall\u00e4nge<\/td>\n<td><\/td>\n<td>25 cm<\/td>\n<td>20 cm<\/td>\n<\/tr>\n<tr>\n<td align=\"left\">Tunnelabstimmungsfrequenz<\/td>\n<td>Fb<\/td>\n<td>46 Hz<\/td>\n<td>46 Hz<\/td>\n<\/tr>\n<tr>\n<td align=\"left\">Untere Grenzfrequenz (-3dB)<\/td>\n<td><\/td>\n<td>45 Hz<\/td>\n<td>45 Hz<\/td>\n<\/tr>\n<tr>\n<td align=\"left\">DSP Einstellungen<\/td>\n<td><\/td>\n<td colspan=\"2\">&#8211; Hochpass: Self-Define; Trennfrequenz 40 Hz; Filterg\u00fcte 1,3<br \/>\n&#8211; Zus\u00e4tzliches EQ Filter: Mittenfrequenz 67 Hz; Filterg\u00fcte 3,0; Absenkung -3 dB<br \/>\n&#8211; Tiefpass: Butterworth; 24 dB\/Oktave; Trennfrequenz 80 &#8211; 100 Hz<\/td>\n<\/tr>\n<\/tbody>\n<\/table>\n<\/div>\n","protected":false},"featured_media":315,"template":"","meta":[],"product_brand":[],"product_cat":[32,46,40],"product_tag":[],"class_list":{"0":"post-226","1":"product","2":"type-product","3":"status-publish","4":"has-post-thumbnail","6":"product_cat-car-audio-hifi","7":"product_cat-match-subwoofer","8":"product_cat-subwoofer","9":"product_shipping_class-packet-l","11":"first","12":"instock","13":"taxable","14":"shipping-taxable","15":"purchasable","16":"product-type-simple"},"_links":{"self":[{"href":"https:\/\/www.extreme-sound.de\/index.php\/wp-json\/wp\/v2\/product\/226","targetHints":{"allow":["GET"]}}],"collection":[{"href":"https:\/\/www.extreme-sound.de\/index.php\/wp-json\/wp\/v2\/product"}],"about":[{"href":"https:\/\/www.extreme-sound.de\/index.php\/wp-json\/wp\/v2\/types\/product"}],"wp:featuredmedia":[{"embeddable":true,"href":"https:\/\/www.extreme-sound.de\/index.php\/wp-json\/wp\/v2\/media\/315"}],"wp:attachment":[{"href":"https:\/\/www.extreme-sound.de\/index.php\/wp-json\/wp\/v2\/media?parent=226"}],"wp:term":[{"taxonomy":"product_brand","embeddable":true,"href":"https:\/\/www.extreme-sound.de\/index.php\/wp-json\/wp\/v2\/product_brand?post=226"},{"taxonomy":"product_cat","embeddable":true,"href":"https:\/\/www.extreme-sound.de\/index.php\/wp-json\/wp\/v2\/product_cat?post=226"},{"taxonomy":"product_tag","embeddable":true,"href":"https:\/\/www.extreme-sound.de\/index.php\/wp-json\/wp\/v2\/product_tag?post=226"}],"curies":[{"name":"wp","href":"https:\/\/api.w.org\/{rel}","templated":true}]}}