{"id":227,"date":"2021-01-06T12:15:59","date_gmt":"2021-01-06T11:15:59","guid":{"rendered":"https:\/\/www.extreme-sound.de\/?post_type=product&#038;p=227"},"modified":"2022-03-05T11:40:54","modified_gmt":"2022-03-05T10:40:54","slug":"match-mw-8bmw-d","status":"publish","type":"product","link":"https:\/\/www.extreme-sound.de\/index.php\/produkt\/match-mw-8bmw-d\/","title":{"rendered":"Match MW 8BMW-D"},"content":{"rendered":"<div id=\"description\" class=\"detail-decription-headline\">\n<h2>MATCH MW 8BMW-D<\/h2>\n<\/div>\n<div id=\"description--text\" class=\"product--description\">\n<p>Die MW 8BMW-D Subwoofer sind nicht nur das ideale Bass-Plus f\u00fcr alle, die nicht mit der Tieftonwiedergabe in ihrem BMW zufrieden sind, sondern besonders auch f\u00fcr all diejenigen, die extrem platzsparende Einbaukonzepte in ihrem Fahrzeug realisieren wollen.<\/p>\n<p>Dank der BMW-spezifischen Lautsprecherk\u00f6rbe und Plug &amp; Play Steckverbinder ist ein schneller und einfacher Verbau in die ab Werk vorgesehenen Einbaupl\u00e4tze aller BMW-Modellreihen mit Untersitz-Subwoofer m\u00f6glich.<\/p>\n<p>Aber auch f\u00fcr den universellen Einsatz bieten diese Subwoofer ideale Voraussetzungen. Die besonders geringe Einbautiefe erm\u00f6glicht die Verwendung in extrem kompakten, geschlossenen Geh\u00e4usen. Die \u00fcberdimensionierte 42,5\u00a0mm gro\u00dfe Schwingspule garantiert eine hohe Belastbarkeit. Des Weiteren erlaubt das spezielle Anschlussterminal mit seinen vergoldeten Schraubklemmen zwei verschiedene Konfigurationen und so flexibelste Anschlussm\u00f6glichkeiten. Ist die beiliegende\u00a0Metallbr\u00fccke montiert, hat der Subwoofer eine Impedanz von 1 x 4 Ohm. Ohne Br\u00fccke kann jede Schwingspule einzeln angesteuert werden (Impedanz 2 x 2 Ohm) und erm\u00f6glicht somit eine optimale Anbindung an die \u00a0MATCH Plug &amp; Play Verst\u00e4rker.<\/p>\n<p>Egal ob als Bass-Plus in ihrem BMW oder als Tieftonlieferant in universellen Anwendungen, dem Musikgenuss mit der richtigen Portion Bass steht nun nichts mehr im Wege.<\/p>\n<\/div>\n<div id=\"features\" class=\"detail-features-headline\">\n<h3>Features<\/h3>\n<\/div>\n<div class=\"product--features\">\n<ul>\n<li>200 mm Subwoofer mit besonders geringer Einbautiefe f\u00fcr ultraflache Subwoofer-Konstruktionen und Untersitzmontage in BMW-Fahrzeugen<\/li>\n<li>Einsatz in extrem kompakten, geschlossenen Geh\u00e4usen m\u00f6glich<\/li>\n<li>\u00dcberdimensionierte 42,5 mm Schwingspule f\u00fcr enorme Belastbarkeit<\/li>\n<li>2 x 2 Ohm Impedanz je Woofer f\u00fcr flexibelste Anschlussm\u00f6glichkeiten<\/li>\n<li>Plug &amp; Play Steckverbinder\u00a0f\u00fcr Original-BMW Kabelbaum im Lieferumfang enthalten<\/li>\n<li>Passt in die Original-Einbaupl\u00e4tze unter den vorderen Sitzen aller BMW Modellreihen mit Untersitz-Subwoofer<\/li>\n<li>Ideal auch f\u00fcr den universellen Einsatz in ultraflachen Subwoofer-Konstruktionen<\/li>\n<\/ul>\n<\/div>\n","protected":false},"excerpt":{"rendered":"<div id=\"technicaldata\" class=\"product--technicaldata-headline\">\n<h3>Technische Daten<\/h3>\n<\/div>\n<div class=\"detail--technicaldata\">\n<table border=\"0\" cellspacing=\"0\" cellpadding=\"0\">\n<colgroup>\n<col \/>\n<col \/>\n<col span=\"2\" \/><\/colgroup>\n<tbody>\n<tr>\n<td><strong>Leistung RMS \/ Max.<\/strong><\/td>\n<td><em>P<\/em><\/td>\n<td colspan=\"2\">200 \/ 400 Watt<\/td>\n<\/tr>\n<tr>\n<td><strong>Impedanz<\/strong><\/td>\n<td><em>Z<\/em><\/td>\n<td colspan=\"2\">2 x 2 \u03a9<\/td>\n<\/tr>\n<tr>\n<td><strong>Gleichstromwiderstand\u00a0<\/strong><\/td>\n<td><em>Re<\/em><\/td>\n<td colspan=\"2\">3,4 \u03a9<\/td>\n<\/tr>\n<tr>\n<td><strong>Resonanzfrequenz\u00a0<\/strong><\/td>\n<td><em>Fs<\/em><\/td>\n<td colspan=\"2\">46 Hz<\/td>\n<\/tr>\n<tr>\n<td><strong>Mechanische G\u00fcte<\/strong><\/td>\n<td><em>Qms<\/em><\/td>\n<td colspan=\"2\">4,45<\/td>\n<\/tr>\n<tr>\n<td><strong>Elektrische G\u00fcte\u00a0<\/strong><\/td>\n<td><em>Qes<\/em><\/td>\n<td colspan=\"2\">0,59<\/td>\n<\/tr>\n<tr>\n<td><strong>Gesamtg\u00fcte\u00a0<\/strong><\/td>\n<td><em>Qts<\/em><\/td>\n<td colspan=\"2\">0,52<\/td>\n<\/tr>\n<tr>\n<td><strong>Nachgiebigkeit<\/strong><\/td>\n<td><em>Cms<\/em><\/td>\n<td colspan=\"2\">272 \u00b5m\/N<\/td>\n<\/tr>\n<tr>\n<td><strong>\u00c4quivalentvolumen\u00a0<\/strong><\/td>\n<td><em>Vas<\/em><\/td>\n<td colspan=\"2\">17,3 L<\/td>\n<\/tr>\n<tr>\n<td><strong>Kraftfaktor\u00a0<\/strong><\/td>\n<td><em>B*I<\/em><\/td>\n<td colspan=\"2\">8,6 Tm<\/td>\n<\/tr>\n<tr>\n<td><strong>Wirkungsgrad 1 W \/ 1 m<\/strong><\/td>\n<td><em>SPL<\/em><\/td>\n<td colspan=\"2\">90 dB<\/td>\n<\/tr>\n<tr>\n<td><strong>Membranfl\u00e4che\u00a0<\/strong><\/td>\n<td><em>Sd<\/em><\/td>\n<td colspan=\"2\">214 cm\u00b2<\/td>\n<\/tr>\n<tr>\n<td><strong>Bewegte Masse\u00a0<\/strong><\/td>\n<td><em>Mms<\/em><\/td>\n<td colspan=\"2\">44,2 g<\/td>\n<\/tr>\n<tr>\n<td><strong>Membranmaterial<\/strong><\/td>\n<td><em>\u00a0<\/em><\/td>\n<td colspan=\"2\">Handgesch\u00f6pfte Papiermembran<\/td>\n<\/tr>\n<tr>\n<td><strong>Mechanischer Widerstand\u00a0<\/strong><\/td>\n<td><em>Rms<\/em><\/td>\n<td colspan=\"2\">0,74 kg\/s<\/td>\n<\/tr>\n<tr>\n<td><strong>Schwingspulendurchmesser<\/strong><\/td>\n<td><em>\u00f8<\/em><\/td>\n<td colspan=\"2\">42,5 mm<\/td>\n<\/tr>\n<tr>\n<td><strong>Schwingspulenwickelbreite<\/strong><\/td>\n<td><em>\u00a0<\/em><\/td>\n<td colspan=\"2\">12,5 mm<\/td>\n<\/tr>\n<tr>\n<td><strong>Max. linearer Membranhub<\/strong><\/td>\n<td><em>Xmax<\/em><\/td>\n<td colspan=\"2\">+\/- 4,0 mm<\/td>\n<\/tr>\n<tr>\n<td><strong>Au\u00dfendurchmesser<\/strong><\/td>\n<td><em>\u00f8<\/em><\/td>\n<td colspan=\"2\">239 mm<\/td>\n<\/tr>\n<tr>\n<td><strong>Einbaudurchmesser<\/strong><\/td>\n<td><em>\u00f8<\/em><\/td>\n<td colspan=\"2\">175 mm<\/td>\n<\/tr>\n<tr>\n<td><strong>Einbautiefe<\/strong><\/td>\n<td><em>\u00a0<\/em><\/td>\n<td colspan=\"2\">40 mm<\/td>\n<\/tr>\n<tr>\n<td colspan=\"4\"><strong>\u00a0<\/strong><em>\u00a0<\/em><\/td>\n<\/tr>\n<tr>\n<td colspan=\"4\"><strong>Empfohlene Geh\u00e4usevolumina<\/strong><em>\u00a0<\/em><\/td>\n<\/tr>\n<tr>\n<td colspan=\"4\"><strong>Geschlossenes Geh\u00e4use<\/strong><em>\u00a0<\/em><\/td>\n<\/tr>\n<tr>\n<td>Nettovolumen<\/td>\n<td><em>\u00a0<\/em><\/td>\n<td colspan=\"2\">3 L<\/td>\n<\/tr>\n<tr>\n<td>Untere Grenzfrequenz (-3dB)<\/td>\n<td><em>\u00a0<\/em><\/td>\n<td colspan=\"2\">63 Hz<\/td>\n<\/tr>\n<tr>\n<td>DSP Einstellungen<\/td>\n<td><em>\u00a0<\/em><\/td>\n<td colspan=\"2\">&#8211; Hochpass: Butterworth; 12 dB\/Oktave; Trennfrequenz 40 Hz<br \/>\n&#8211; Zus\u00e4tzliches EQ Filter: Mittenfrequenz 90 Hz;<br \/>\nFilterg\u00fcte 3,0; Absenkung -4 dB<br \/>\n&#8211; Tiefpass: Butterworth; 24 dB\/Oktave; Trennfrequenz 80 &#8211; 100 Hz<\/td>\n<\/tr>\n<tr>\n<td colspan=\"4\"><strong>\u00a0<\/strong><em>\u00a0<\/em><\/td>\n<\/tr>\n<tr>\n<td><strong>Bassreflex-Geh\u00e4use<\/strong><\/td>\n<td><em>\u00a0<\/em><\/td>\n<td><strong>F\u00fcr einen Subwoofer<\/strong><\/td>\n<td><strong>F\u00fcr zwei Subwoofer<\/strong><\/td>\n<\/tr>\n<tr>\n<td>Nettovolumen<\/td>\n<td><em>\u00a0<\/em><\/td>\n<td>12 L<\/td>\n<td>24 L<\/td>\n<\/tr>\n<tr>\n<td>Reflex-Kanaldurchmesser<\/td>\n<td><em>\u00f8<\/em><\/td>\n<td>60 mm<\/td>\n<td>80 mm<\/td>\n<\/tr>\n<tr>\n<td>Reflex-Kanalfl\u00e4che<\/td>\n<td><em>\u00a0<\/em><\/td>\n<td>28 cm\u00b2<\/td>\n<td>50 cm\u00b2<\/td>\n<\/tr>\n<tr>\n<td>Reflex-Kanall\u00e4nge<\/td>\n<td><em>\u00a0<\/em><\/td>\n<td>25 cm<\/td>\n<td>20 cm<\/td>\n<\/tr>\n<tr>\n<td>Tunnelabstimmungsfrequenz<\/td>\n<td><em>Fb<\/em><\/td>\n<td>46 Hz<\/td>\n<td>46 Hz<\/td>\n<\/tr>\n<tr>\n<td>Untere Grenzfrequenz (-3dB)<\/td>\n<td><em>\u00a0<\/em><\/td>\n<td>45 Hz<\/td>\n<td>45 Hz<\/td>\n<\/tr>\n<tr>\n<td>DSP Einstellungen<\/td>\n<td><em>\u00a0<\/em><\/td>\n<td colspan=\"2\">&#8211; Hochpass: Self-Define; Trennfrequenz 40 Hz;<br \/>\nFilterg\u00fcte 1,3<br \/>\n&#8211; Zus\u00e4tzliches EQ Filter: Mittenfrequenz 67 Hz;<br \/>\nFilterg\u00fcte 3,0; Absenkung -3 dB<br \/>\n&#8211; Tiefpass: Butterworth; 24 dB\/Oktave; Trennfrequenz 80 &#8211; 100 Hz<\/td>\n<\/tr>\n<\/tbody>\n<\/table>\n<\/div>\n","protected":false},"featured_media":322,"template":"","meta":[],"product_brand":[],"product_cat":[32,46,40],"product_tag":[],"class_list":{"0":"post-227","1":"product","2":"type-product","3":"status-publish","4":"has-post-thumbnail","6":"product_cat-car-audio-hifi","7":"product_cat-match-subwoofer","8":"product_cat-subwoofer","9":"product_shipping_class-packet-l","11":"first","12":"instock","13":"taxable","14":"shipping-taxable","15":"purchasable","16":"product-type-simple"},"_links":{"self":[{"href":"https:\/\/www.extreme-sound.de\/index.php\/wp-json\/wp\/v2\/product\/227","targetHints":{"allow":["GET"]}}],"collection":[{"href":"https:\/\/www.extreme-sound.de\/index.php\/wp-json\/wp\/v2\/product"}],"about":[{"href":"https:\/\/www.extreme-sound.de\/index.php\/wp-json\/wp\/v2\/types\/product"}],"wp:featuredmedia":[{"embeddable":true,"href":"https:\/\/www.extreme-sound.de\/index.php\/wp-json\/wp\/v2\/media\/322"}],"wp:attachment":[{"href":"https:\/\/www.extreme-sound.de\/index.php\/wp-json\/wp\/v2\/media?parent=227"}],"wp:term":[{"taxonomy":"product_brand","embeddable":true,"href":"https:\/\/www.extreme-sound.de\/index.php\/wp-json\/wp\/v2\/product_brand?post=227"},{"taxonomy":"product_cat","embeddable":true,"href":"https:\/\/www.extreme-sound.de\/index.php\/wp-json\/wp\/v2\/product_cat?post=227"},{"taxonomy":"product_tag","embeddable":true,"href":"https:\/\/www.extreme-sound.de\/index.php\/wp-json\/wp\/v2\/product_tag?post=227"}],"curies":[{"name":"wp","href":"https:\/\/api.w.org\/{rel}","templated":true}]}}