{"id":228,"date":"2021-01-06T12:17:48","date_gmt":"2021-01-06T11:17:48","guid":{"rendered":"https:\/\/www.extreme-sound.de\/?post_type=product&#038;p=228"},"modified":"2021-03-27T11:26:01","modified_gmt":"2021-03-27T10:26:01","slug":"match-up-w8mb-s4-lhd","status":"publish","type":"product","link":"https:\/\/www.extreme-sound.de\/index.php\/produkt\/match-up-w8mb-s4-lhd\/","title":{"rendered":"Match UP W8MB-S4 LHD"},"content":{"rendered":"<div id=\"description\" class=\"detail-decription-headline\">\n<h2>MATCH UP W8MB-S4 LHD<\/h2>\n<\/div>\n<div id=\"description--text\" class=\"product--description\">\n<p>Premium-Fahrzeuge verdienen Premium-Sound \u2013 und dazu geh\u00f6rt eine tiefe und druckvolle Bassperformance, die die Basis-Lautsprecherausstattung in den Mercedes-Fahrzeugen schlicht und ergreifend vermissen l\u00e4sst. Dabei ist die optimale L\u00f6sung so einfach \u2013 die beiden hochbelastbaren 200 mm Woofer des UP W8MB-S4 Systems passen perfekt in die Original-Einbaupositionen in der Spritzwand und liefern genau den Punch, der die Musik zum Leben erweckt und f\u00fchlbar macht. Die maximale Performanz offenbaren diese Lautsprecher ganz besonders in Kombination mit einem unserer DSP-Verst\u00e4rker.<\/p>\n<\/div>\n<div id=\"features\" class=\"detail-features-headline\">\n<h3>Features<\/h3>\n<\/div>\n<div class=\"product--features\">\n<ul>\n<li>Auf Mercedes-Fahrzeuge abgestimmte Klangeigenschaften f\u00fcr spektakul\u00e4re Klangverbesserung bei gleichzeitig deutlich h\u00f6herer Belastbarkeit<\/li>\n<li>Exklusiv entwickelte Lautsprecherk\u00f6rbe und fahrzeugspezifische Anschlussterminals f\u00fcr Mercedes-Fahrzeuge zum einfachen Verbau<\/li>\n<li>Perfekt kombinierbar mit weiteren MATCH UPGRADE Komponenten \u2013 z.B. DSP-Verst\u00e4rker<\/li>\n<li>Linkslenker-Version<\/li>\n<\/ul>\n<\/div>\n","protected":false},"excerpt":{"rendered":"<div id=\"technicaldata\" class=\"product--technicaldata-headline\">\n<h3>Technische Daten<\/h3>\n<\/div>\n<div class=\"detail--technicaldata\">\n<table border=\"0\" cellspacing=\"0\" cellpadding=\"0\">\n<colgroup>\n<col \/>\n<col \/>\n<col \/><\/colgroup>\n<tbody>\n<tr>\n<td align=\"left\"><strong>Leistung RMS \/ Max.<\/strong><\/td>\n<td><em>P<\/em><\/td>\n<td>100 \/ 200 Watt<\/td>\n<\/tr>\n<tr>\n<td align=\"left\"><strong>Impedanz<\/strong><\/td>\n<td><em>Z<\/em><\/td>\n<td>1 x 4 \u03a9<\/td>\n<\/tr>\n<tr>\n<td align=\"left\"><strong>Gleichstromwiderstand\u00a0<\/strong><\/td>\n<td><em>Re<\/em><\/td>\n<td>\u00a03,6 \u03a9<\/td>\n<\/tr>\n<tr>\n<td align=\"left\"><strong>Frequenzbereich<\/strong><\/td>\n<td><em>\u00a0<\/em><\/td>\n<td>25 &#8211; 250 Hz<\/td>\n<\/tr>\n<tr>\n<td align=\"left\"><strong>Resonanzfrequenz\u00a0<\/strong><\/td>\n<td><em>Fs<\/em><\/td>\n<td>51 Hz<\/td>\n<\/tr>\n<tr>\n<td align=\"left\"><strong>Mechanische G\u00fcte<\/strong><\/td>\n<td><em>Qms<\/em><\/td>\n<td>7,24<\/td>\n<\/tr>\n<tr>\n<td align=\"left\"><strong>Elektrische G\u00fcte\u00a0<\/strong><\/td>\n<td><em>Qes<\/em><\/td>\n<td>0,71<\/td>\n<\/tr>\n<tr>\n<td align=\"left\"><strong>Gesamtg\u00fcte\u00a0<\/strong><\/td>\n<td><em>Qts<\/em><\/td>\n<td>0,64<\/td>\n<\/tr>\n<tr>\n<td align=\"left\"><strong>Nachgiebigkeit<\/strong><\/td>\n<td><em>Cms<\/em><\/td>\n<td>276\u00a0 \u00b5m\/N<\/td>\n<\/tr>\n<tr>\n<td align=\"left\"><strong>\u00c4quivalentvolumen\u00a0<\/strong><\/td>\n<td><em>Vas<\/em><\/td>\n<td>18 L<\/td>\n<\/tr>\n<tr>\n<td align=\"left\"><strong>Kraftfaktor\u00a0<\/strong><\/td>\n<td><em>B*I<\/em><\/td>\n<td>7,6 Tm<\/td>\n<\/tr>\n<tr>\n<td align=\"left\"><strong>Wirkungsgrad 1 W \/ 1 m<\/strong><\/td>\n<td><em>SPL<\/em><\/td>\n<td>88 dB<\/td>\n<\/tr>\n<tr>\n<td align=\"left\"><strong>Membranfl\u00e4che\u00a0<\/strong><\/td>\n<td><em>Sd<\/em><\/td>\n<td>216 cm\u00b2<\/td>\n<\/tr>\n<tr>\n<td align=\"left\"><strong>Bewegte Masse\u00a0<\/strong><\/td>\n<td><em>Mms<\/em><\/td>\n<td>35 g<\/td>\n<\/tr>\n<tr>\n<td align=\"left\"><strong>Membranmaterial<\/strong><\/td>\n<td><em>\u00a0<\/em><\/td>\n<td>Papiermembran<\/td>\n<\/tr>\n<tr>\n<td align=\"left\"><strong>Mechanischer Widerstand\u00a0<\/strong><\/td>\n<td><em>Rms<\/em><\/td>\n<td>1,6\u00a0 kg\/s<\/td>\n<\/tr>\n<tr>\n<td align=\"left\"><strong>Schwingspulendurchmesser<\/strong><\/td>\n<td><em>\u00f8<\/em><\/td>\n<td>37 mm<\/td>\n<\/tr>\n<tr>\n<td align=\"left\"><strong>Schwingspulenwickelbreite<\/strong><\/td>\n<td><em>\u00a0<\/em><\/td>\n<td>16 mm<\/td>\n<\/tr>\n<tr>\n<td align=\"left\"><strong>Max. linearer Membranhub<\/strong><\/td>\n<td><em>Xmax<\/em><\/td>\n<td>+\/- 5 mm<\/td>\n<\/tr>\n<\/tbody>\n<\/table>\n<\/div>\n<div id=\"compatibility\" class=\"product--compatibility-headline\">\n<h3>Kompatibilit\u00e4t<\/h3>\n<\/div>\n<div class=\"detail--compatibility\">\n<table border=\"0\" cellspacing=\"0\" cellpadding=\"0\">\n<tbody>\n<tr>\n<td><strong>Modell<\/strong><\/td>\n<td><strong>Modellart<\/strong><\/td>\n<td><strong>Baureihe<\/strong><\/td>\n<td><strong>Baujahr<\/strong><\/td>\n<\/tr>\n<tr>\n<td><strong>C<\/strong><\/td>\n<td>Cabrio<br \/>\nCoupe<br \/>\nLimousine<br \/>\nT-Modell<\/td>\n<td>A205<br \/>\nC205<br \/>\nW205<br \/>\nS205<\/td>\n<td>ab 2016<br \/>\nab 2015<br \/>\nab 2014<br \/>\nab 2014<\/td>\n<\/tr>\n<tr>\n<td><strong>\u00a0<\/strong><\/td>\n<td><\/td>\n<td><\/td>\n<td><\/td>\n<\/tr>\n<tr>\n<td><strong>E<\/strong><\/td>\n<td>Cabrio<br \/>\nCoupe<br \/>\nLimousine<br \/>\nT-Modell<\/td>\n<td>A238<br \/>\nC238<br \/>\nW213<br \/>\nS213<\/td>\n<td>ab 2017<br \/>\nab 2017<br \/>\nab 2016<br \/>\nab 2016<\/td>\n<\/tr>\n<tr>\n<td><\/td>\n<td><\/td>\n<td><\/td>\n<td><\/td>\n<\/tr>\n<tr>\n<td><strong>GLC<\/strong><\/td>\n<td>SUV<br \/>\nSUV Coupe<\/td>\n<td>X253<br \/>\nC253<\/td>\n<td>ab 2015<br \/>\nab 2015<\/td>\n<\/tr>\n<\/tbody>\n<\/table>\n<\/div>\n","protected":false},"featured_media":327,"template":"","meta":[],"product_brand":[],"product_cat":[32,46,40],"product_tag":[],"class_list":{"0":"post-228","1":"product","2":"type-product","3":"status-publish","4":"has-post-thumbnail","6":"product_cat-car-audio-hifi","7":"product_cat-match-subwoofer","8":"product_cat-subwoofer","9":"product_shipping_class-packet-l","11":"first","12":"instock","13":"taxable","14":"shipping-taxable","15":"purchasable","16":"product-type-simple"},"_links":{"self":[{"href":"https:\/\/www.extreme-sound.de\/index.php\/wp-json\/wp\/v2\/product\/228","targetHints":{"allow":["GET"]}}],"collection":[{"href":"https:\/\/www.extreme-sound.de\/index.php\/wp-json\/wp\/v2\/product"}],"about":[{"href":"https:\/\/www.extreme-sound.de\/index.php\/wp-json\/wp\/v2\/types\/product"}],"wp:featuredmedia":[{"embeddable":true,"href":"https:\/\/www.extreme-sound.de\/index.php\/wp-json\/wp\/v2\/media\/327"}],"wp:attachment":[{"href":"https:\/\/www.extreme-sound.de\/index.php\/wp-json\/wp\/v2\/media?parent=228"}],"wp:term":[{"taxonomy":"product_brand","embeddable":true,"href":"https:\/\/www.extreme-sound.de\/index.php\/wp-json\/wp\/v2\/product_brand?post=228"},{"taxonomy":"product_cat","embeddable":true,"href":"https:\/\/www.extreme-sound.de\/index.php\/wp-json\/wp\/v2\/product_cat?post=228"},{"taxonomy":"product_tag","embeddable":true,"href":"https:\/\/www.extreme-sound.de\/index.php\/wp-json\/wp\/v2\/product_tag?post=228"}],"curies":[{"name":"wp","href":"https:\/\/api.w.org\/{rel}","templated":true}]}}