{"id":229,"date":"2021-01-06T12:20:01","date_gmt":"2021-01-06T11:20:01","guid":{"rendered":"https:\/\/www.extreme-sound.de\/?post_type=product&#038;p=229"},"modified":"2021-03-27T11:26:01","modified_gmt":"2021-03-27T10:26:01","slug":"match-up-w8mb-s4-single-lhd","status":"publish","type":"product","link":"https:\/\/www.extreme-sound.de\/index.php\/produkt\/match-up-w8mb-s4-single-lhd\/","title":{"rendered":"Match UP W8MB-S4 Single LHD"},"content":{"rendered":"<div id=\"description\" class=\"detail-decription-headline\">\n<h2>MATCH UP W8MB-S4 Single LHD<\/h2>\n<\/div>\n<div id=\"description--text\" class=\"product--description\">\n<p>Premium-Fahrzeuge verdienen Premium-Sound \u2013 und dazu geh\u00f6rt eine tiefe und druckvolle Bassperformance, die die Basis-Lautsprecherausstattung in den Mercedes-Fahrzeugen schlicht und ergreifend vermissen l\u00e4sst. Dabei ist die optimale L\u00f6sung so einfach \u2013 der hochbelastbare 200 mm Woofer des UP W8MB-S4 passt perfekt in die Original-Einbauposition in der Spritzschutzwand auf der Beifahrerseite und liefert genau den Punch, der die Musik zum Leben erweckt und f\u00fchlbar macht. Die maximale Performanz offenbart dieser Lautsprecher ganz besonders in Kombination mit einem unserer DSP-Verst\u00e4rker.<\/p>\n<\/div>\n<div id=\"features\" class=\"detail-features-headline\">\n<h3>Features<\/h3>\n<\/div>\n<div class=\"product--features\">\n<ul>\n<li>200 mm Subwoofer mit Mercedes-spezifischem Lautsprecherkorb f\u00fcr die Montage auf der Beifahrerseite<\/li>\n<li>Auf Mercedes-Fahrzeuge abgestimmte Klangeigenschaften f\u00fcr spektakul\u00e4re Klangverbesserung bei gleichzeitig deutlich h\u00f6herer Belastbarkeit<\/li>\n<li>Exklusiv entwickelter Lautsprecherkorb und fahrzeugspezifisches Anschlussterminal f\u00fcr Mercedes-Fahrzeuge zum einfachen Verbau<\/li>\n<li>Perfekt kombinierbar mit weiteren MATCH UPGRADE Komponenten \u2013 z.B. DSP-Verst\u00e4rker<\/li>\n<li>Linkslenker-Version<\/li>\n<\/ul>\n<\/div>\n","protected":false},"excerpt":{"rendered":"<div id=\"description\" class=\"detail-decription-headline\">\n<h2>MATCH UP W8MB-S4 Single LHD<\/h2>\n<\/div>\n<div id=\"description--text\" class=\"product--description\">\n<p>Premium-Fahrzeuge verdienen Premium-Sound \u2013 und dazu geh\u00f6rt eine tiefe und druckvolle Bassperformance, die die Basis-Lautsprecherausstattung in den Mercedes-Fahrzeugen schlicht und ergreifend vermissen l\u00e4sst. Dabei ist die optimale L\u00f6sung so einfach \u2013 der hochbelastbare 200 mm Woofer des UP W8MB-S4 passt perfekt in die Original-Einbauposition in der Spritzschutzwand auf der Beifahrerseite und liefert genau den Punch, der die Musik zum Leben erweckt und f\u00fchlbar macht. Die maximale Performanz offenbart dieser Lautsprecher ganz besonders in Kombination mit einem unserer DSP-Verst\u00e4rker.<\/p>\n<\/div>\n<div id=\"features\" class=\"detail-features-headline\">\n<h3>Features<\/h3>\n<\/div>\n<div class=\"product--features\">\n<ul>\n<li>200 mm Subwoofer mit Mercedes-spezifischem Lautsprecherkorb f\u00fcr die Montage auf der Beifahrerseite<\/li>\n<li>Auf Mercedes-Fahrzeuge abgestimmte Klangeigenschaften f\u00fcr spektakul\u00e4re Klangverbesserung bei gleichzeitig deutlich h\u00f6herer Belastbarkeit<\/li>\n<li>Exklusiv entwickelter Lautsprecherkorb und fahrzeugspezifisches Anschlussterminal f\u00fcr Mercedes-Fahrzeuge zum einfachen Verbau<\/li>\n<li>Perfekt kombinierbar mit weiteren MATCH UPGRADE Komponenten \u2013 z.B. DSP-Verst\u00e4rker<\/li>\n<li>Linkslenker-Version<\/li>\n<\/ul>\n<\/div>\n","protected":false},"featured_media":327,"template":"","meta":[],"product_brand":[],"product_cat":[32,46,40],"product_tag":[],"class_list":{"0":"post-229","1":"product","2":"type-product","3":"status-publish","4":"has-post-thumbnail","6":"product_cat-car-audio-hifi","7":"product_cat-match-subwoofer","8":"product_cat-subwoofer","9":"product_shipping_class-packet-l","11":"first","12":"instock","13":"taxable","14":"shipping-taxable","15":"purchasable","16":"product-type-simple"},"_links":{"self":[{"href":"https:\/\/www.extreme-sound.de\/index.php\/wp-json\/wp\/v2\/product\/229","targetHints":{"allow":["GET"]}}],"collection":[{"href":"https:\/\/www.extreme-sound.de\/index.php\/wp-json\/wp\/v2\/product"}],"about":[{"href":"https:\/\/www.extreme-sound.de\/index.php\/wp-json\/wp\/v2\/types\/product"}],"wp:featuredmedia":[{"embeddable":true,"href":"https:\/\/www.extreme-sound.de\/index.php\/wp-json\/wp\/v2\/media\/327"}],"wp:attachment":[{"href":"https:\/\/www.extreme-sound.de\/index.php\/wp-json\/wp\/v2\/media?parent=229"}],"wp:term":[{"taxonomy":"product_brand","embeddable":true,"href":"https:\/\/www.extreme-sound.de\/index.php\/wp-json\/wp\/v2\/product_brand?post=229"},{"taxonomy":"product_cat","embeddable":true,"href":"https:\/\/www.extreme-sound.de\/index.php\/wp-json\/wp\/v2\/product_cat?post=229"},{"taxonomy":"product_tag","embeddable":true,"href":"https:\/\/www.extreme-sound.de\/index.php\/wp-json\/wp\/v2\/product_tag?post=229"}],"curies":[{"name":"wp","href":"https:\/\/api.w.org\/{rel}","templated":true}]}}