{"id":235,"date":"2021-01-09T09:53:26","date_gmt":"2021-01-09T08:53:26","guid":{"rendered":"https:\/\/www.extreme-sound.de\/?post_type=product&#038;p=235"},"modified":"2022-03-05T11:39:23","modified_gmt":"2022-03-05T10:39:23","slug":"match-pp-10e-q","status":"publish","type":"product","link":"https:\/\/www.extreme-sound.de\/index.php\/produkt\/match-pp-10e-q\/","title":{"rendered":"Match PP 10E-Q"},"content":{"rendered":"<div id=\"description\" class=\"detail-decription-headline\">\n<h2>MATCH PP 10E-Q<\/h2>\n<\/div>\n<div id=\"description--text\" class=\"product--description\">\n<p>F\u00fcr jeden Einsatzzweck der richtige Bass \u2013 diese Subwoofer bilden die ideale Erg\u00e4nzung zu den MATCH\u00a0Plug\u00a0&amp;\u00a0Play Verst\u00e4rkern. W\u00e4hlen Sie Ihre Wunschkombination nach verf\u00fcgbarem Platz im Kofferraum und den eigenen Anspr\u00fcchen an Maximalschalldruck aus.<\/p>\n<p>Diese Subs sind das beste Beispiel daf\u00fcr, dass ein intelligentes Zusammenspiel von Verst\u00e4rker und Lautsprecher dank aufw\u00e4ndiger DSP-Technologie auch bei sehr kompakten Abmessungen f\u00fcr satten, f\u00fchlbaren Bassdruck im Fahrzeug sorgen kann. Das Geheimnis liegt in der peniblen Abstimmung der Komponenten aufeinander \u2013 nur im Team mit den MATCH Plug\u00a0&amp;\u00a0Play Verst\u00e4rkern k\u00f6nnen diese Subwoofer zur klanglichen H\u00f6chstleistung auflaufen.<\/p>\n<\/div>\n<div id=\"features\" class=\"detail-features-headline\">\n<h3>Features<\/h3>\n<\/div>\n<div class=\"product--features\">\n<ul>\n<li>Plug &amp; Play Downfire-Subwoofer im kompakten Bassreflex-Geh\u00e4use f\u00fcr satte Basswiedergabe<\/li>\n<li>250 mm Langhub-Tieft\u00f6ner mit handgesch\u00f6pfter Papiermembran und Vierfach-Schwingspule<\/li>\n<li>Optimiert f\u00fcr das perfekte Zusammenspiel mit MATCH Plug &amp; Play Verst\u00e4rkern<\/li>\n<li>Einfachste Anschlussm\u00f6glichkeit \u00fcber vorkonfektioniertes Subwooferkabel<\/li>\n<li>Solides Metallgitter f\u00fcr optimalen Schutz des Tieft\u00f6ners<\/li>\n<li>Inklusive 4,8 m langem Plug &amp; Play Subwoofer-Kabel PP-SC 48<\/li>\n<\/ul>\n<\/div>\n","protected":false},"excerpt":{"rendered":"<div id=\"technicaldata\" class=\"product--technicaldata-headline\">\n<h3>Technische Daten<\/h3>\n<\/div>\n<div class=\"detail--technicaldata\">\n<table border=\"0\" cellspacing=\"0\" cellpadding=\"0\">\n<colgroup>\n<col \/>\n<col \/><\/colgroup>\n<tbody>\n<tr>\n<td align=\"left\"><strong>Leistung RMS \/ Max.<\/strong><\/td>\n<td>300 \/ 600 Watt<\/td>\n<\/tr>\n<tr>\n<td align=\"left\"><strong>Impedanz<\/strong><\/td>\n<td>4 x 3 \u03a9<\/td>\n<\/tr>\n<tr>\n<td align=\"left\"><strong>Max. linearer Membranhub<\/strong><\/td>\n<td>+\/- 6,5 mm<\/td>\n<\/tr>\n<tr>\n<td align=\"left\"><strong>Wirkungsgrad 1 W \/ 1 m<\/strong><\/td>\n<td>87 dB<\/td>\n<\/tr>\n<tr>\n<td align=\"left\"><strong>Abmessungen (H x B x T)<\/strong><\/td>\n<td>187 x 470 x 375 mm<\/td>\n<\/tr>\n<\/tbody>\n<\/table>\n<\/div>\n","protected":false},"featured_media":245,"template":"","meta":[],"product_brand":[],"product_cat":[32,46,40],"product_tag":[],"class_list":{"0":"post-235","1":"product","2":"type-product","3":"status-publish","4":"has-post-thumbnail","6":"product_cat-car-audio-hifi","7":"product_cat-match-subwoofer","8":"product_cat-subwoofer","9":"product_shipping_class-packet-l","11":"first","12":"instock","13":"taxable","14":"shipping-taxable","15":"purchasable","16":"product-type-simple"},"_links":{"self":[{"href":"https:\/\/www.extreme-sound.de\/index.php\/wp-json\/wp\/v2\/product\/235","targetHints":{"allow":["GET"]}}],"collection":[{"href":"https:\/\/www.extreme-sound.de\/index.php\/wp-json\/wp\/v2\/product"}],"about":[{"href":"https:\/\/www.extreme-sound.de\/index.php\/wp-json\/wp\/v2\/types\/product"}],"wp:featuredmedia":[{"embeddable":true,"href":"https:\/\/www.extreme-sound.de\/index.php\/wp-json\/wp\/v2\/media\/245"}],"wp:attachment":[{"href":"https:\/\/www.extreme-sound.de\/index.php\/wp-json\/wp\/v2\/media?parent=235"}],"wp:term":[{"taxonomy":"product_brand","embeddable":true,"href":"https:\/\/www.extreme-sound.de\/index.php\/wp-json\/wp\/v2\/product_brand?post=235"},{"taxonomy":"product_cat","embeddable":true,"href":"https:\/\/www.extreme-sound.de\/index.php\/wp-json\/wp\/v2\/product_cat?post=235"},{"taxonomy":"product_tag","embeddable":true,"href":"https:\/\/www.extreme-sound.de\/index.php\/wp-json\/wp\/v2\/product_tag?post=235"}],"curies":[{"name":"wp","href":"https:\/\/api.w.org\/{rel}","templated":true}]}}