{"id":2516,"date":"2023-04-18T10:07:52","date_gmt":"2023-04-18T08:07:52","guid":{"rendered":"https:\/\/www.extreme-sound.de\/?post_type=product&#038;p=2516"},"modified":"2023-04-18T10:07:52","modified_gmt":"2023-04-18T08:07:52","slug":"helix-pf-k130-2","status":"publish","type":"product","link":"https:\/\/www.extreme-sound.de\/index.php\/produkt\/helix-pf-k130-2\/","title":{"rendered":"HELIX PF K130.2"},"content":{"rendered":"<div id=\"description\" class=\"detail-decription-headline\">\n<h2>HELIX PF K130.2<\/h2>\n<\/div>\n<div id=\"description--text\" class=\"product--description\">\n<h4>Der Einstieg in die HELIX Klangwelt<\/h4>\n<p>Steig mit unserer PURE F-Lautsprecherserie in die HELIX Klangwelt ein. Die leistungsstarke F-Serie holt dank ihrer 3 Ohm Technologie die maximale Power aus Deinem Verst\u00e4rker. Gepaart mit der au\u00dfergew\u00f6hnlichen Klangperformance aus kraftvollem Bass, klaren Mitten und detailreichen H\u00f6hen ist ein aufregendes Sounderlebnis vorprogrammiert.<\/p>\n<h4>So geht Integration!<\/h4>\n<p>Was n\u00fctzt der beste Klang, wenn der Einbau Probleme bereitet? Die PURE F-Lautsprecher demonstrieren mit ihrer bis ins Detail durchdachten Konstruktion, wie es richtig geht. Das beginnt bei den geringen Einbautiefen, die dem immer begrenzterem Platzangebot in modernen Fahrzeugen Rechnung tragen. Dazu gesellt sich umfangreiches Einbauzubeh\u00f6r mit innovativem Bajonett-Verschluss f\u00fcr den \u00e4u\u00dferst kompakten Hocht\u00f6ner, welches wirklich jede erdenkliche Einbauoption ber\u00fccksichtigt, bis hin zu Vereinfachungen bei der Verkabelung dank unserer \u201eFlex-Crossover\u201c Frequenzweiche.<\/p>\n<h4>Maximale Flexibilit\u00e4t \u2013 die \u201eFlex-Crossover\u201c<\/h4>\n<p>Die raffinierte, zweigeteilte und ungemein platzsparende \u201eFlex Crossover\u201c-Frequenzweiche bietet einzigartige Flexibilit\u00e4t beim Einbau, wenn z.B. der Hocht\u00f6ner in A-S\u00e4ule und der Tieft\u00f6ner in der T\u00fcr positioniert sind. Besonders bei platzkritischen Installationen ergeben sich hierdurch entscheidende Vorteile. Dazu ist die Hochtonweiche noch mit einer zweistufigen Pegelanpassung ausgestattet, die sowohl eine Adaption an den pers\u00f6nlichen H\u00f6rgeschmack als auch die Einbausituation erm\u00f6glicht.<\/p>\n<h4>Cooles Design \u2013 edle Materialien<\/h4>\n<p>Das zeitlose und stylische Design der F-Lautsprecherserie mit dem dynamisch anmutenden Space-Line Styling der Tiefton-Membran ist keineswegs Selbstzweck, sondern vielmehr das Resultat des Einsatzes hochwertiger, edler Materialien. Die in den Polypropylen-Konus des Tieft\u00f6ners eingebetteten Carbonfasern optimieren die Mitteltonwiedergabe, wohingegen die beschichtete Seidenkalotte des Hocht\u00f6ners Garant f\u00fcr au\u00dfergew\u00f6hnlich luftige H\u00f6hen ist.<\/p>\n<\/div>\n<div id=\"features\" class=\"detail-features-headline\">\n<h3>Features<\/h3>\n<\/div>\n<div class=\"product--features\">\n<ul>\n<li>Hohe Klangqualit\u00e4t mit kraftvollem Bass, klaren Mitten und detailreichen H\u00f6hen<\/li>\n<li>Leistungsstarkes Lautsprechersystem mit hohem Wirkungsgrad dank 3 Ohm Technologie<\/li>\n<li>Geringe Einbautiefen f\u00fcr problemlosen Verbau in nahezu allen Fahrzeugen<\/li>\n<li>Elegantes HELIX-Design mit schwarz matter Membran und schwarz gl\u00e4nzendem Space Line-Styling<\/li>\n<li>Hocht\u00f6ner\n<ul>\n<li>20 mm Seidenkalotten-Hocht\u00f6ner mit Neodymmagnet f\u00fcr brillante, differenzierte Hochtonwiedergabe selbst bei hohen Pegeln<\/li>\n<li>Intelligentes, ultrakompaktes Hocht\u00f6ner-Geh\u00e4usedesign und eine Vielzahl an Montagevorrichtungen f\u00fcr verschiedenste Installationsanforderungen<\/li>\n<li>Abnehmbares Gitter zur unsichtbaren Integration am Original-Einbauplatz des Fahrzeugs<\/li>\n<\/ul>\n<\/li>\n<li>Tieft\u00f6ner\n<ul>\n<li>130 mm Tieft\u00f6ner mit stabiler Membran aus gespritztem Polypropylen mit eingebetteten Carbonfasern f\u00fcr eine hohe innere D\u00e4mpfung<\/li>\n<li>Starkes Magnetsystem f\u00fcr optimale Kontrolle sowie kraftvolle und saubere Tiefen<\/li>\n<li>Korb im individuellen HELIX-Design mit zus\u00e4tzlichen Bel\u00fcftungs\u00f6ffnungen zur optimierten K\u00fchlung der Schwingspule und maximale Belastbarkeit<\/li>\n<\/ul>\n<\/li>\n<li>Flex-Crossover\n<ul>\n<li>Separate und zweigeteilte Frequenzweiche f\u00fcr vielf\u00e4ltige Anschlussm\u00f6glichkeiten \u2013 perfekt geeignet f\u00fcr den Verbau in Fahrzeugen mit getrennten Einbaupl\u00e4tzen von Hoch- und Tieft\u00f6ner<\/li>\n<li>Aufwendig abgestimmte Frequenzweiche mit 12 dB Flankensteilheit f\u00fcr den Hocht\u00f6ner und den Tieft\u00f6ner<\/li>\n<li>2-stufige Hochtonpegelanpassung mit integriertem Hochtonschutz f\u00fcr optimalen H\u00f6rgenuss<\/li>\n<\/ul>\n<\/li>\n<\/ul>\n<\/div>\n","protected":false},"excerpt":{"rendered":"<div id=\"technicaldata\" class=\"product--technicaldata-headline\">\n<h3>Technische Daten<\/h3>\n<\/div>\n<div class=\"detail--technicaldata\">\n<table border=\"0\" cellspacing=\"0\" cellpadding=\"0\">\n<colgroup>\n<col width=\"341\" \/>\n<col width=\"320\" \/><\/colgroup>\n<tbody>\n<tr>\n<td><strong>Leistung RMS \/ Max.<\/strong><\/td>\n<td>50 \/ 100 Watt<\/td>\n<\/tr>\n<tr>\n<td><strong>Frequenzbereich<\/strong><\/td>\n<td>65 Hz &#8211; 22.000 Hz<\/td>\n<\/tr>\n<tr>\n<td><strong>Impedanz<\/strong><\/td>\n<td>3 \u03a9<\/td>\n<\/tr>\n<tr>\n<td><strong>Wirkungsgrad<\/strong><\/td>\n<td>91,0 dB @ 2,83V \/ 1m<br \/>\n87,0 dB @ 1W \/ 1m<\/td>\n<\/tr>\n<tr>\n<td><strong>Membranmaterial<\/strong><\/td>\n<td>HT: Seidenkalotte<br \/>\nMT: &#8211;<br \/>\nTT: Gespritztes Polypropylen mit eingebetteten Carbonfasern<\/td>\n<\/tr>\n<tr>\n<td><strong>Frequenzweiche<\/strong><\/td>\n<td>Separat, 12\/12 dB Flankensteilheit und integriertem Hochtonschutz<\/td>\n<\/tr>\n<tr>\n<td><strong>Au\u00dfendurchmesser\u00a0\u00a0<\/strong><\/td>\n<td>HT: &#8211; 33,1 mm<br \/>\n&#8211; OEM Einbau: 36\u202fmm<br \/>\n&#8211; vers. Einbau: 42 mm<br \/>\n&#8211; angew. Einbau: 36\u202fmm<br \/>\nMT: &#8211;<br \/>\nTT: 129 mm<\/td>\n<\/tr>\n<tr>\n<td><strong>Einbaudurchmesser<\/strong><\/td>\n<td>HT: &#8211; 33,1 mm<br \/>\n&#8211; OEM Einbau: 36\u202fmm<br \/>\n&#8211; vers. Einbau: 36 mm<br \/>\n&#8211; angew. Einbau: &#8211;<br \/>\nMT: &#8211;<br \/>\nTT: 112 mm<\/td>\n<\/tr>\n<tr>\n<td><strong>Einbautiefe<\/strong><\/td>\n<td>HT:\u00a0 &#8211; 9,8 mm<br \/>\n&#8211; OEM Einbau: 16,8\u202fmm<br \/>\n&#8211; vers. Einbau: 11 mm<br \/>\n&#8211; angew. Einbau: &#8211;<br \/>\nMT: &#8211;<br \/>\nTT: 52 mm<\/td>\n<\/tr>\n<tr>\n<td><strong>\u00a0Abmessungen Frequenzweichen<\/strong><\/td>\n<td>75,5 x 35,1 x 24\u202fmm<\/td>\n<\/tr>\n<\/tbody>\n<\/table>\n<\/div>\n<div id=\"supply\" class=\"detail-supply-headline\">\n<h3>Lieferumfang<\/h3>\n<\/div>\n<div class=\"detail--supply-content\">\n<div class=\"product--supply-inner\">\n<p>2 x Hocht\u00f6ner HELIX PF T20-S<br \/>\n2 x Tieft\u00f6ner HELIX PF W130<br \/>\n2 x Zweigeteilte Flex-Crossover Frequenzweiche<br \/>\n6 x Hoch\u00f6ner Befestigungs-Zubeh\u00f6r<br \/>\n1 x Befestigungsmaterial<br \/>\n1 x Bedienungsanleitung<br \/>\n1 x Einbauschablone<\/p>\n<\/div>\n<\/div>\n","protected":false},"featured_media":2670,"template":"","meta":[],"product_brand":[],"product_cat":[115,32,42,41],"product_tag":[],"class_list":{"0":"post-2516","1":"product","2":"type-product","3":"status-publish","4":"has-post-thumbnail","6":"product_cat-13cm-lautsprecher","7":"product_cat-car-audio-hifi","8":"product_cat-helix","9":"product_cat-lautsprecher","10":"product_shipping_class-packet-m","12":"first","13":"instock","14":"taxable","15":"shipping-taxable","16":"purchasable","17":"product-type-simple"},"_links":{"self":[{"href":"https:\/\/www.extreme-sound.de\/index.php\/wp-json\/wp\/v2\/product\/2516","targetHints":{"allow":["GET"]}}],"collection":[{"href":"https:\/\/www.extreme-sound.de\/index.php\/wp-json\/wp\/v2\/product"}],"about":[{"href":"https:\/\/www.extreme-sound.de\/index.php\/wp-json\/wp\/v2\/types\/product"}],"wp:featuredmedia":[{"embeddable":true,"href":"https:\/\/www.extreme-sound.de\/index.php\/wp-json\/wp\/v2\/media\/2670"}],"wp:attachment":[{"href":"https:\/\/www.extreme-sound.de\/index.php\/wp-json\/wp\/v2\/media?parent=2516"}],"wp:term":[{"taxonomy":"product_brand","embeddable":true,"href":"https:\/\/www.extreme-sound.de\/index.php\/wp-json\/wp\/v2\/product_brand?post=2516"},{"taxonomy":"product_cat","embeddable":true,"href":"https:\/\/www.extreme-sound.de\/index.php\/wp-json\/wp\/v2\/product_cat?post=2516"},{"taxonomy":"product_tag","embeddable":true,"href":"https:\/\/www.extreme-sound.de\/index.php\/wp-json\/wp\/v2\/product_tag?post=2516"}],"curies":[{"name":"wp","href":"https:\/\/api.w.org\/{rel}","templated":true}]}}