{"id":2519,"date":"2023-04-18T10:21:49","date_gmt":"2023-04-18T08:21:49","guid":{"rendered":"https:\/\/www.extreme-sound.de\/?post_type=product&#038;p=2519"},"modified":"2023-04-18T10:21:49","modified_gmt":"2023-04-18T08:21:49","slug":"helix-pf-c130-2","status":"publish","type":"product","link":"https:\/\/www.extreme-sound.de\/index.php\/produkt\/helix-pf-c130-2\/","title":{"rendered":"HELIX PF C130.2"},"content":{"rendered":"<div id=\"description\" class=\"detail-decription-headline\">\n<h2>HELIX PF C130.2<\/h2>\n<\/div>\n<div id=\"description--text\" class=\"product--description\">\n<h4>Der Einstieg in die HELIX Klangwelt<\/h4>\n<p>Steig mit unserer PURE F-Lautsprecherserie in die HELIX Klangwelt ein. Die leistungsstarke F-Serie holt dank ihrer 3 Ohm Technologie die maximale Power aus Deinem Verst\u00e4rker. Gepaart mit der au\u00dfergew\u00f6hnlichen Klangperformance aus kraftvollem Bass, klaren Mitten und detailreichen H\u00f6hen ist ein aufregendes Sounderlebnis vorprogrammiert.<\/p>\n<h4>Einfache Integration!<\/h4>\n<p>Was n\u00fctzt der beste Klang, wenn der Einbau Probleme bereitet? Die PURE F-Koaxiallautsprecher demonstrieren mit ihrer durchdachten Konstruktion, wie es richtig geht. Denn die geringen Einbautiefen der Tieft\u00f6ner tragen dem immer begrenzterem Platzangebot in modernen Fahrzeugen Rechnung.<\/p>\n<h4>Cooles Design \u2013 edle Materialien<\/h4>\n<p>Das zeitlose und stylische Design der F-Lautsprecherserie mit dem dynamisch anmutenden Space-Line Styling der Tiefton-Membran ist keineswegs Selbstzweck, sondern vielmehr das Resultat des Einsatzes hochwertiger, edler Materialien. Die in den Polypropylen-Konus des Tieft\u00f6ners eingebetteten Carbonfasern optimieren die Mitteltonwiedergabe, wohingegen die leichte Mylarkalotte des Hocht\u00f6ners f\u00fcr impulsive, klare H\u00f6hen sorgt.<\/p>\n<\/div>\n<div id=\"features\" class=\"detail-features-headline\">\n<h3>Features<\/h3>\n<\/div>\n<div class=\"product--features\">\n<ul>\n<li>Hohe Klangqualit\u00e4t mit kraftvollem Bass, klaren Mitten und detailreichen H\u00f6hen<\/li>\n<li>Leistungsstarkes Lautsprechersystem mit hohem Wirkungsgrad dank 3 Ohm Technologie<\/li>\n<li>Geringe Einbautiefen f\u00fcr problemlosen Verbau in nahezu allen Fahrzeugen<\/li>\n<li>Elegantes HELIX-Design mit schwarz matter Membran und schwarz gl\u00e4nzendem Space Line-Styling<\/li>\n<li>Hocht\u00f6ner\n<ul>\n<li>13 mm Mylar-Kalotte und Neodymmagnet f\u00fcr brillante, differenzierte Hochtonwiedergabe selbst bei hohen Pegeln<\/li>\n<\/ul>\n<\/li>\n<li>Tieft\u00f6ner\n<ul>\n<li>130 mm Tieft\u00f6ner mit stabiler Membran aus gespritztem Polypropylen mit eingebetteten Carbonfasern f\u00fcr eine hohe innere D\u00e4mpfung<\/li>\n<li>Starkes Magnetsystem f\u00fcr optimale Kontrolle sowie kraftvolle und saubere Tiefen<\/li>\n<li>Korb im individuellen HELIX-Design mit zus\u00e4tzlichen Bel\u00fcftungs\u00f6ffnungen zur optimierten K\u00fchlung der Schwingspule und maximale Belastbarkeit<\/li>\n<\/ul>\n<\/li>\n<li>Frequenzweiche\n<ul>\n<li>Integriert mit 6 dB Flankensteilheit<\/li>\n<\/ul>\n<\/li>\n<\/ul>\n<\/div>\n","protected":false},"excerpt":{"rendered":"<div id=\"technicaldata\" class=\"product--technicaldata-headline\">\n<h3>Technische Daten<\/h3>\n<\/div>\n<div class=\"detail--technicaldata\">\n<table border=\"0\" cellspacing=\"0\" cellpadding=\"0\">\n<colgroup>\n<col width=\"341\" \/>\n<col width=\"320\" \/><\/colgroup>\n<tbody>\n<tr>\n<td><strong>Leistung RMS \/ Max.<\/strong><\/td>\n<td>50 \/ 100 Watt<\/td>\n<\/tr>\n<tr>\n<td><strong>Frequenzbereich<\/strong><\/td>\n<td>70 Hz &#8211; 22.000 Hz<\/td>\n<\/tr>\n<tr>\n<td><strong>Impedanz<\/strong><\/td>\n<td>3 \u03a9<\/td>\n<\/tr>\n<tr>\n<td><strong>Wirkungsgrad<\/strong><\/td>\n<td>91,0 dB @ 2,83V \/ 1m<br \/>\n87,0 dB @ 1W \/ 1m<\/td>\n<\/tr>\n<tr>\n<td><strong>Membranmaterial<\/strong><\/td>\n<td>HT: Mylar<br \/>\nMT: &#8211;<br \/>\nTT: Gespritztes Polypropylen mit eingebetteten Carbonfasern<\/td>\n<\/tr>\n<tr>\n<td><strong>Frequenzweiche<\/strong><\/td>\n<td>Integriert, 6 dB Flankensteilheit<\/td>\n<\/tr>\n<tr>\n<td><strong>Au\u00dfendurchmesser<\/strong><\/td>\n<td>129 mm<\/td>\n<\/tr>\n<tr>\n<td><strong>Einbaudurchmesser<\/strong><\/td>\n<td>112 mm<\/td>\n<\/tr>\n<tr>\n<td><strong>Einbautiefe<\/strong><\/td>\n<td>50 mm<\/td>\n<\/tr>\n<\/tbody>\n<\/table>\n<\/div>\n<div id=\"supply\" class=\"detail-supply-headline\">\n<h3>Lieferumfang<\/h3>\n<\/div>\n<div class=\"detail--supply-content\">\n<div class=\"product--supply-inner\">\n<p>2 x Koaxiallautsprecher HELIX PF C130.2<br \/>\n1 x Befestigungsmaterial<br \/>\n1 x Bedienungsanleitung<br \/>\n1 x Einbauschablone<\/p>\n<\/div>\n<\/div>\n","protected":false},"featured_media":2660,"template":"","meta":[],"product_brand":[],"product_cat":[115,32,42,41],"product_tag":[],"class_list":{"0":"post-2519","1":"product","2":"type-product","3":"status-publish","4":"has-post-thumbnail","6":"product_cat-13cm-lautsprecher","7":"product_cat-car-audio-hifi","8":"product_cat-helix","9":"product_cat-lautsprecher","10":"product_shipping_class-packet-m","12":"first","13":"instock","14":"taxable","15":"shipping-taxable","16":"purchasable","17":"product-type-simple"},"_links":{"self":[{"href":"https:\/\/www.extreme-sound.de\/index.php\/wp-json\/wp\/v2\/product\/2519","targetHints":{"allow":["GET"]}}],"collection":[{"href":"https:\/\/www.extreme-sound.de\/index.php\/wp-json\/wp\/v2\/product"}],"about":[{"href":"https:\/\/www.extreme-sound.de\/index.php\/wp-json\/wp\/v2\/types\/product"}],"wp:featuredmedia":[{"embeddable":true,"href":"https:\/\/www.extreme-sound.de\/index.php\/wp-json\/wp\/v2\/media\/2660"}],"wp:attachment":[{"href":"https:\/\/www.extreme-sound.de\/index.php\/wp-json\/wp\/v2\/media?parent=2519"}],"wp:term":[{"taxonomy":"product_brand","embeddable":true,"href":"https:\/\/www.extreme-sound.de\/index.php\/wp-json\/wp\/v2\/product_brand?post=2519"},{"taxonomy":"product_cat","embeddable":true,"href":"https:\/\/www.extreme-sound.de\/index.php\/wp-json\/wp\/v2\/product_cat?post=2519"},{"taxonomy":"product_tag","embeddable":true,"href":"https:\/\/www.extreme-sound.de\/index.php\/wp-json\/wp\/v2\/product_tag?post=2519"}],"curies":[{"name":"wp","href":"https:\/\/api.w.org\/{rel}","templated":true}]}}