{"id":2530,"date":"2023-04-18T10:44:19","date_gmt":"2023-04-18T08:44:19","guid":{"rendered":"https:\/\/www.extreme-sound.de\/?post_type=product&#038;p=2530"},"modified":"2023-04-18T10:44:19","modified_gmt":"2023-04-18T08:44:19","slug":"gzra-2hd","status":"publish","type":"product","link":"https:\/\/www.extreme-sound.de\/index.php\/produkt\/gzra-2hd\/","title":{"rendered":"GZRA 2HD"},"content":{"rendered":"<h2>2-Kanal High-Performance Class D Verst\u00e4rker<\/h2>\n<h4>Leistungsstarker 2-Kanal Verst\u00e4rker<\/h4>\n<p>2-Kanal Verst\u00e4rker mit Class AD Schaltung mit integrierter breitbandig regelbarer Aktivweiche und Bass Boost Regler<\/p>\n<ul>\n<li>2-Kanal Hochleistungsverst\u00e4rker<\/li>\n<li>Bauteile in SMD-Technik<\/li>\n<li>Class D Technologie<\/li>\n<li>Variable Aktivweiche und Bass Boost Regler<\/li>\n<li>Stabilisiertes Netzteil<\/li>\n<li>Gro\u00dfz\u00fcgig dimensionierte Anschl\u00fcsse<\/li>\n<li>Hochzeffizienter K\u00fchlk\u00f6rper<\/li>\n<li>Pegel-Fernbedienung als Zubeh\u00f6r<\/li>\n<li>Hochpegel-Eingang mit Auto-On Funktion<\/li>\n<li>Inkl. Adapter f\u00fcr den Hochpegel-Eingang<\/li>\n<\/ul>\n","protected":false},"excerpt":{"rendered":"<table class=\"woocommerce-product-attributes shop_attributes\">\n<tbody>\n<tr class=\"woocommerce-product-attributes-item woocommerce-product-attributes-item--attribute_pa_ausfuehrung\">\n<th class=\"woocommerce-product-attributes-item__label\">Ausf\u00fchrung<\/th>\n<td class=\"woocommerce-product-attributes-item__value\">Leistungsstarker Class D Verst\u00e4rker<\/td>\n<\/tr>\n<tr class=\"woocommerce-product-attributes-item woocommerce-product-attributes-item--attribute_pa_kanaele\">\n<th class=\"woocommerce-product-attributes-item__label\">Kan\u00e4le<\/th>\n<td class=\"woocommerce-product-attributes-item__value\">2<\/td>\n<\/tr>\n<tr class=\"woocommerce-product-attributes-item woocommerce-product-attributes-item--attribute_pa_max-ausgangsleistung-cea-2\">\n<th class=\"woocommerce-product-attributes-item__label\">max. Ausgangsleistung (CEA-2006A \/ 10%THD+N)<\/th>\n<td class=\"woocommerce-product-attributes-item__value\">1150 Watt<\/td>\n<\/tr>\n<tr class=\"woocommerce-product-attributes-item woocommerce-product-attributes-item--attribute_pa_frequenzgang\">\n<th class=\"woocommerce-product-attributes-item__label\">Frequenzgang<\/th>\n<td class=\"woocommerce-product-attributes-item__value\"><a href=\"https:\/\/www.ground-zero-audio.com\/de\/frequenzgang\/10-hz-25-khz\/\" rel=\"tag\">10 Hz \u2013 25 kHz<\/a><\/td>\n<\/tr>\n<tr class=\"woocommerce-product-attributes-item woocommerce-product-attributes-item--attribute_pa_hpf-lpf-bpf\">\n<th class=\"woocommerce-product-attributes-item__label\">HPF \/ LPF \/ BPF<\/th>\n<td class=\"woocommerce-product-attributes-item__value\">\u25cf \/ \u25cf \/ \u25cf<\/td>\n<\/tr>\n<tr class=\"woocommerce-product-attributes-item woocommerce-product-attributes-item--attribute_pa_bass-boost-phasenregelung\">\n<th class=\"woocommerce-product-attributes-item__label\">Bass Boost \/ Phasenregelung<\/th>\n<td class=\"woocommerce-product-attributes-item__value\">\u25cf \/ \u25cb<\/td>\n<\/tr>\n<tr class=\"woocommerce-product-attributes-item woocommerce-product-attributes-item--attribute_pa_hochpegeleingang-auto-on\">\n<th class=\"woocommerce-product-attributes-item__label\">Hochpegeleingang \/ Auto-on<\/th>\n<td class=\"woocommerce-product-attributes-item__value\">\u25cf \/ \u25cf<\/td>\n<\/tr>\n<tr class=\"woocommerce-product-attributes-item woocommerce-product-attributes-item--attribute_pa_fernbedienung\">\n<th class=\"woocommerce-product-attributes-item__label\">Fernbedienung<\/th>\n<td class=\"woocommerce-product-attributes-item__value\"><a href=\"https:\/\/www.ground-zero-audio.com\/de\/fernbedienung\/%e2%97%8f\/\" rel=\"tag\">\u25cf<\/a>,\u00a0<a href=\"https:\/\/www.ground-zero-audio.com\/de\/fernbedienung\/optional\/\" rel=\"tag\">optional<\/a><\/td>\n<\/tr>\n<tr class=\"woocommerce-product-attributes-item woocommerce-product-attributes-item--attribute_pa_bias-regelung\">\n<th class=\"woocommerce-product-attributes-item__label\">BIAS Regelung<\/th>\n<td class=\"woocommerce-product-attributes-item__value\">\u25cb<\/td>\n<\/tr>\n<tr class=\"woocommerce-product-attributes-item woocommerce-product-attributes-item--attribute_pa_linkmode\">\n<th class=\"woocommerce-product-attributes-item__label\">Linkmode<\/th>\n<td class=\"woocommerce-product-attributes-item__value\">\u25cb<\/td>\n<\/tr>\n<tr class=\"woocommerce-product-attributes-item woocommerce-product-attributes-item--attribute_pa_abmessungen-b-x-l-x-h\">\n<th class=\"woocommerce-product-attributes-item__label\">Abmessungen (B x L x H)<\/th>\n<td class=\"woocommerce-product-attributes-item__value\">186 x 268 x 52 mm<\/td>\n<\/tr>\n<\/tbody>\n<\/table>\n<p>&nbsp;<\/p>\n<p>https:\/\/www.ground-zero-audio.com\/wp-content\/uploads\/GZRA-2HD_OM_AWV2.0.pdf<\/p>\n","protected":false},"featured_media":2638,"template":"","meta":[],"product_brand":[],"product_cat":[73,32,71,61],"product_tag":[],"class_list":{"0":"post-2530","1":"product","2":"type-product","3":"status-publish","4":"has-post-thumbnail","6":"product_cat-2-kanal-verstaerker-ground-zero-verstaerker","7":"product_cat-car-audio-hifi","8":"product_cat-ground-zero-verstaerker","9":"product_cat-verstaerker","10":"product_shipping_class-packet-l","12":"first","13":"instock","14":"taxable","15":"shipping-taxable","16":"purchasable","17":"product-type-simple"},"_links":{"self":[{"href":"https:\/\/www.extreme-sound.de\/index.php\/wp-json\/wp\/v2\/product\/2530","targetHints":{"allow":["GET"]}}],"collection":[{"href":"https:\/\/www.extreme-sound.de\/index.php\/wp-json\/wp\/v2\/product"}],"about":[{"href":"https:\/\/www.extreme-sound.de\/index.php\/wp-json\/wp\/v2\/types\/product"}],"wp:featuredmedia":[{"embeddable":true,"href":"https:\/\/www.extreme-sound.de\/index.php\/wp-json\/wp\/v2\/media\/2638"}],"wp:attachment":[{"href":"https:\/\/www.extreme-sound.de\/index.php\/wp-json\/wp\/v2\/media?parent=2530"}],"wp:term":[{"taxonomy":"product_brand","embeddable":true,"href":"https:\/\/www.extreme-sound.de\/index.php\/wp-json\/wp\/v2\/product_brand?post=2530"},{"taxonomy":"product_cat","embeddable":true,"href":"https:\/\/www.extreme-sound.de\/index.php\/wp-json\/wp\/v2\/product_cat?post=2530"},{"taxonomy":"product_tag","embeddable":true,"href":"https:\/\/www.extreme-sound.de\/index.php\/wp-json\/wp\/v2\/product_tag?post=2530"}],"curies":[{"name":"wp","href":"https:\/\/api.w.org\/{rel}","templated":true}]}}