{"id":308,"date":"2021-01-09T12:06:34","date_gmt":"2021-01-09T11:06:34","guid":{"rendered":"https:\/\/www.extreme-sound.de\/?post_type=product&#038;p=308"},"modified":"2022-03-05T10:57:40","modified_gmt":"2022-03-05T09:57:40","slug":"helix-s-42c","status":"publish","type":"product","link":"https:\/\/www.extreme-sound.de\/index.php\/produkt\/helix-s-42c\/","title":{"rendered":"HELIX S 42C"},"content":{"rendered":"<div id=\"description\" class=\"detail-decription-headline\">\n<h2>HELIX S 42C<\/h2>\n<\/div>\n<div id=\"description--text\" class=\"product--description\">\n<p>Klangqualit\u00e4t trifft Eleganz \u2013 Mit der neuen S Lautsprecherserie wird aus jeder Fahrt ein besonderes Sounderlebnis.<br \/>\nDas durchdachte Design und die Verwendung neuester Technologien gew\u00e4hrleisten exzellente Klangeigenschaften mit kraftvollen B\u00e4ssen, punktgenauen Mitten und kristallklaren H\u00f6hen.<\/p>\n<p>Dabei sind diese Komponentensysteme wahrlich nicht nur klanglich ein Highlight. Eine neuartige, zeitlos elegante Optik sowie die einfache Integration ins Fahrzeug standen gleicherma\u00dfen im Fokus der Entwickler. Geringe Einbautiefen, ein abnehmbares Aluminium-Geh\u00e4use des Hocht\u00f6ners sowie die innovative, zweigeteilte \u201eFlex Crossover\u201c Frequenzweiche bieten deutlich mehr Spielraum bei der Installation. Speziell dann, wenn z.B. Hoch- und Tiefmitteltonlautsprecher getrennt in der T\u00fcr und A-S\u00e4ule verbaut sind.<\/p>\n<p>Mach auch du aus jeder Fahrt ein besonderes Sounderlebnis!<\/p>\n<\/div>\n<div id=\"features\" class=\"detail-features-headline\">\n<h3>Features<\/h3>\n<\/div>\n<div class=\"product--features\">\n<ul>\n<li>100 mm Tiefmittelt\u00f6ner mit neuartiger Basaltfaser-Papier-Compoundmembran \u2013 eine ideale Kombination aus geringem Gewicht, hoher Steifigkeit und innerer D\u00e4mpfung<\/li>\n<li>25 mm Hocht\u00f6ner im edlen Aluminiumgeh\u00e4use mit beschichteter Seidenkalotte f\u00fcr eine ausgewogene, nat\u00fcrliche Wiedergabe und minimale Kompressionseffekte<\/li>\n<li>Korb in individuellem HELIX-Design mit zus\u00e4tzlichen Bel\u00fcftungs\u00f6ffnungen zur optimierten K\u00fchlung der Schwingspule f\u00fcr hohe Belastbarkeit<\/li>\n<li>Separate, zweigeteilte \u201eFlex-Crossover\u201c Frequenzweiche mit 12\/12 dB Flankensteilheit, Sperrkreis und 3-stufig schaltbarer Hochton-Pegelanpassung \u2013 perfekt geeignet f\u00fcr den Verbau in Fahrzeugen mit getrennten Einbaupl\u00e4tzen von Hoch- und Tiefmittelt\u00f6ner<\/li>\n<li>Ausschlie\u00dfliche Verwendung von sehr hochwertigen Bauteilen in der Frequenzweiche wie z.B. verzerrungsfreie Luftspulen und verlustarme Audiotec-Folienkondensatoren im Hochtonzweig<\/li>\n<\/ul>\n<\/div>\n","protected":false},"excerpt":{"rendered":"<div id=\"technicaldata\" class=\"product--technicaldata-headline\">\n<h3>Technische Daten<\/h3>\n<\/div>\n<div class=\"detail--technicaldata\">\n<table border=\"0\" cellspacing=\"0\" cellpadding=\"0\">\n<colgroup>\n<col \/>\n<col \/><\/colgroup>\n<tbody>\n<tr>\n<td align=\"left\" valign=\"top\"><strong>Leistung RMS \/ Max.<\/strong><\/td>\n<td class=\"xl89\">70 \/ 140 Watt<\/td>\n<\/tr>\n<tr>\n<td align=\"left\" valign=\"top\"><strong>Frequenzbereich<\/strong><\/td>\n<td class=\"xl89\">75 Hz &#8211; 25.000 Hz<\/td>\n<\/tr>\n<tr>\n<td align=\"left\" valign=\"top\"><strong>Impedanz<\/strong><\/td>\n<td class=\"xl84\">4 \u03a9<\/td>\n<\/tr>\n<tr>\n<td align=\"left\" valign=\"top\"><strong>Wirkungsgrad 1 W \/ 1 m<\/strong><\/td>\n<td class=\"xl84\">89 dB<\/td>\n<\/tr>\n<tr>\n<td align=\"left\" valign=\"top\"><strong>Membranmaterial<\/strong><\/td>\n<td class=\"xl89\">HT: Beschichtete Seidenkalotte<br \/>\nMT: &#8211;<br \/>\nTT: Basaltfaser-Papier-Compound<\/td>\n<\/tr>\n<tr>\n<td align=\"left\" valign=\"top\"><strong>Frequenzweiche<\/strong><\/td>\n<td class=\"xl84\">12\/12 dB mit Sperrkreis, Hochtonschutz\u00a0 und Hochton-Pegelanpassung<\/td>\n<\/tr>\n<tr>\n<td align=\"left\" valign=\"top\"><strong>Au\u00dfendurchmesser<\/strong><\/td>\n<td class=\"xl89\">HT: 51 mm<br \/>\nMT: &#8211;<br \/>\nTT: 102 mm<\/td>\n<\/tr>\n<tr>\n<td align=\"left\" valign=\"top\"><strong>Einbaudurchmesser<\/strong><\/td>\n<td class=\"xl89\">HT: 45 mm<br \/>\nMT: &#8211;<br \/>\nTT: 92,3 mm<\/td>\n<\/tr>\n<tr>\n<td align=\"left\" valign=\"top\"><strong>Einbautiefe<\/strong><\/td>\n<td class=\"xl89\">HT: 14 mm<br \/>\nMT: &#8211;<br \/>\nTT: 46,5 mm<\/td>\n<\/tr>\n<tr>\n<td align=\"left\" valign=\"top\"><strong>\u00a0Abmessungen Frequenzweiche<\/strong><\/td>\n<td class=\"xl89\">Hocht\u00f6ner: 88 x 68 x 28 mm<br \/>\nTieft\u00f6ner: 88 x 68 x 28 mm<\/td>\n<\/tr>\n<\/tbody>\n<\/table>\n<\/div>\n<div id=\"supply\" class=\"detail-supply-headline\">\n<h3>Lieferumfang<\/h3>\n<\/div>\n<div class=\"detail--supply-content\">\n<div class=\"product--supply-inner\">\n<p>2 x Hocht\u00f6ner HELIX S 1T inkl. Befestigungsmaterial<br \/>\n2 x Tieftmittelt\u00f6ner HELIX S 4B<br \/>\n2 x Zweigeteilte Flex-Crossover Frequenzweiche<br \/>\n1 x Befestigungsmaterial<br \/>\n1 x Bedienungsanleitung<br \/>\n1 x Einbauschablone<\/p>\n<\/div>\n<\/div>\n","protected":false},"featured_media":312,"template":"","meta":[],"product_brand":[],"product_cat":[114,32,42,41],"product_tag":[],"class_list":{"0":"post-308","1":"product","2":"type-product","3":"status-publish","4":"has-post-thumbnail","6":"product_cat-10cm-lautsprecher","7":"product_cat-car-audio-hifi","8":"product_cat-helix","9":"product_cat-lautsprecher","10":"product_shipping_class-packet-m","12":"first","13":"instock","14":"taxable","15":"shipping-taxable","16":"purchasable","17":"product-type-simple"},"_links":{"self":[{"href":"https:\/\/www.extreme-sound.de\/index.php\/wp-json\/wp\/v2\/product\/308","targetHints":{"allow":["GET"]}}],"collection":[{"href":"https:\/\/www.extreme-sound.de\/index.php\/wp-json\/wp\/v2\/product"}],"about":[{"href":"https:\/\/www.extreme-sound.de\/index.php\/wp-json\/wp\/v2\/types\/product"}],"wp:featuredmedia":[{"embeddable":true,"href":"https:\/\/www.extreme-sound.de\/index.php\/wp-json\/wp\/v2\/media\/312"}],"wp:attachment":[{"href":"https:\/\/www.extreme-sound.de\/index.php\/wp-json\/wp\/v2\/media?parent=308"}],"wp:term":[{"taxonomy":"product_brand","embeddable":true,"href":"https:\/\/www.extreme-sound.de\/index.php\/wp-json\/wp\/v2\/product_brand?post=308"},{"taxonomy":"product_cat","embeddable":true,"href":"https:\/\/www.extreme-sound.de\/index.php\/wp-json\/wp\/v2\/product_cat?post=308"},{"taxonomy":"product_tag","embeddable":true,"href":"https:\/\/www.extreme-sound.de\/index.php\/wp-json\/wp\/v2\/product_tag?post=308"}],"curies":[{"name":"wp","href":"https:\/\/api.w.org\/{rel}","templated":true}]}}