{"id":323,"date":"2021-01-09T12:12:38","date_gmt":"2021-01-09T11:12:38","guid":{"rendered":"https:\/\/www.extreme-sound.de\/?post_type=product&#038;p=323"},"modified":"2021-03-27T11:14:02","modified_gmt":"2021-03-27T10:14:02","slug":"helix-s-3m","status":"publish","type":"product","link":"https:\/\/www.extreme-sound.de\/index.php\/produkt\/helix-s-3m\/","title":{"rendered":"HELIX S 3M"},"content":{"rendered":"<div id=\"description\" class=\"detail-decription-headline\">\n<h2>HELIX S 3M<\/h2>\n<\/div>\n<div id=\"description--text\" class=\"product--description\">\n<p>Ein Konus-Mittelt\u00f6ner im eleganten Design, getrimmt auf maximale Klangqualit\u00e4t\u00a0\u2013 und somit die perfekte Erg\u00e4nzung f\u00fcr jedes vollaktiv betriebene 3-Wege Lautsprechersystem.<\/p>\n<p>Die hochsteife Membran besteht aus einem neuartigen Basaltfaser-Papier-Compound. Eine ideale Kombination um auch bei hohen Lautst\u00e4rken klaren, unverf\u00e4lschten Klang zu gew\u00e4hrleisten. Neben einer maximal verf\u00e4rbungsfreien Mitteltonwiedergabe gl\u00e4nzt der S 3M dank des linearen Neodym-Magnetsystems zugleich mit au\u00dferordentlich geringem Klirr.<\/p>\n<p>Das Dream Team ist die Kombination mit dem S 1T Hochtonlautsprecher und dem Tief-Mittelt\u00f6ner S 6B oder S 4B. In Verbindung mit einem Leistungsverst\u00e4rker von Audiotec Fischer spielen die S Lautsprecher zur H\u00f6chstform auf und liefern die perfekte Basis f\u00fcr absolute Top-Soundsysteme!<\/p>\n<\/div>\n<div id=\"features\" class=\"detail-features-headline\">\n<h3>Features<\/h3>\n<\/div>\n<div class=\"product--features\">\n<ul>\n<li>75 mm Konus-Mittelt\u00f6ner mit neuartiger Basaltfaser-Papier-Compoundmembran\u00a0\u2013 eine ideale Kombination aus geringem Gewicht, hoher Steifigkeit und optimaler innerer D\u00e4mpfung<\/li>\n<li>Hocheffizientes, kompaktes Neodym-Magnetsystem f\u00fcr linearen Antrieb und minimalen Klirrfaktor<\/li>\n<li>Resonanzarmer Korb aus glasfaserverst\u00e4rktem Kunststoff mit optimierter Schwingspulenbel\u00fcftung f\u00fcr hohe Belastbarkeit<\/li>\n<li>Gitter im Lieferumfang enthalten<\/li>\n<\/ul>\n<\/div>\n","protected":false},"excerpt":{"rendered":"<div id=\"technicaldata\" class=\"product--technicaldata-headline\">\n<h3>Technische Daten<\/h3>\n<\/div>\n<div class=\"detail--technicaldata\">\n<table border=\"0\" cellspacing=\"0\" cellpadding=\"0\">\n<colgroup>\n<col \/>\n<col \/>\n<col \/><\/colgroup>\n<tbody>\n<tr>\n<td align=\"left\"><strong>Leistung RMS \/ Max.<\/strong><\/td>\n<td><em>P<\/em><\/p>\n<p>&nbsp;<\/td>\n<td>75 \/ 150 Watt<br \/>\n(Hochpass &gt; 400 Hz bei 24 dB\/Okt.)<\/td>\n<\/tr>\n<tr>\n<td align=\"left\"><strong>Impedanz<\/strong><\/td>\n<td><em>Z<\/em><\/td>\n<td>4 \u03a9<\/td>\n<\/tr>\n<tr>\n<td align=\"left\"><strong>Gleichstromwiderstand\u00a0<\/strong><\/td>\n<td><em>Re<\/em><\/td>\n<td>3,2 \u03a9<\/td>\n<\/tr>\n<tr>\n<td align=\"left\"><strong>Frequenzbereich<\/strong><\/td>\n<td><em>\u00a0<\/em><\/td>\n<td>400 Hz &#8211; 6.000 Hz<\/td>\n<\/tr>\n<tr>\n<td align=\"left\"><strong>Resonanzfrequenz\u00a0<\/strong><\/td>\n<td><em>Fs<\/em><\/td>\n<td>130 Hz<\/td>\n<\/tr>\n<tr>\n<td align=\"left\"><strong>Mechanische G\u00fcte<\/strong><\/td>\n<td><em>Qms<\/em><\/td>\n<td>4,47<\/td>\n<\/tr>\n<tr>\n<td align=\"left\"><strong>Elektrische G\u00fcte\u00a0<\/strong><\/td>\n<td><em>Qes<\/em><\/td>\n<td>0,48<\/td>\n<\/tr>\n<tr>\n<td align=\"left\"><strong>Gesamtg\u00fcte\u00a0<\/strong><\/td>\n<td><em>Qts<\/em><\/td>\n<td>0,43<\/td>\n<\/tr>\n<tr>\n<td align=\"left\"><strong>Nachgiebigkeit<\/strong><\/td>\n<td><em>Cms<\/em><\/td>\n<td>396 \u00b5m\/N<\/td>\n<\/tr>\n<tr>\n<td align=\"left\"><strong>\u00c4quivalentvolumen\u00a0<\/strong><\/td>\n<td><em>Vas<\/em><\/td>\n<td>0,57 L<\/td>\n<\/tr>\n<tr>\n<td align=\"left\"><strong>Kraftfaktor\u00a0<\/strong><\/td>\n<td><em>B*I<\/em><\/td>\n<td>4,6 Tm<\/td>\n<\/tr>\n<tr>\n<td align=\"left\"><strong>Wirkungsgrad 1 W \/ 1 m<\/strong><\/td>\n<td><em>SPL<\/em><\/td>\n<td>86 dB<\/td>\n<\/tr>\n<tr>\n<td align=\"left\"><strong>Membranfl\u00e4che\u00a0<\/strong><\/td>\n<td><em>Sd<\/em><\/td>\n<td>32 cm\u00b2<\/td>\n<\/tr>\n<tr>\n<td align=\"left\"><strong>Bewegte Masse\u00a0<\/strong><\/td>\n<td><em>Mms<\/em><\/td>\n<td>3,8 g<\/td>\n<\/tr>\n<tr>\n<td align=\"left\"><strong>Membranmaterial<\/strong><\/td>\n<td><em>\u00a0<\/em><\/td>\n<td>Basaltfaser-Papier-Compound<\/td>\n<\/tr>\n<tr>\n<td align=\"left\"><strong>Mechanischer Widerstand\u00a0<\/strong><\/td>\n<td><em>Rms<\/em><\/td>\n<td>0,69 kg\/s<\/td>\n<\/tr>\n<tr>\n<td align=\"left\"><strong>Schwingspulendurchmesser<\/strong><\/td>\n<td><em>\u00f8<\/em><\/td>\n<td>25 mm<\/td>\n<\/tr>\n<tr>\n<td align=\"left\"><strong>Schwingspulenwickelbreite<\/strong><\/td>\n<td><em>\u00a0<\/em><\/td>\n<td>8 mm<\/td>\n<\/tr>\n<tr>\n<td align=\"left\"><strong>Max. linearer Membranhub<\/strong><\/td>\n<td><em>Xmax<\/em><\/td>\n<td>+\/- 2 mm<\/td>\n<\/tr>\n<tr>\n<td align=\"left\"><strong>Au\u00dfendurchmesser<\/strong><\/td>\n<td><em>\u00f8<\/em><\/td>\n<td>90 mm<\/td>\n<\/tr>\n<tr>\n<td align=\"left\"><strong>Einbaudurchmesser<\/strong><\/td>\n<td><em>\u00f8<\/em><\/td>\n<td>73 mm<\/td>\n<\/tr>\n<tr>\n<td align=\"left\"><strong>Einbautiefe<\/strong><\/td>\n<td><em>\u00a0<\/em><\/td>\n<td>37 mm<\/td>\n<\/tr>\n<tr>\n<td align=\"left\"><strong>\u00a0<\/strong><\/td>\n<td><em>\u00a0<\/em><\/td>\n<td><\/td>\n<\/tr>\n<tr>\n<td align=\"left\"><strong>Empfohlene Geh\u00e4usevolumina<\/strong><\/td>\n<td><em>\u00a0<\/em><\/td>\n<td><\/td>\n<\/tr>\n<tr>\n<td align=\"left\"><strong>Geschlossenes Geh\u00e4use mit mindestens 200 ml Nettovolumen<\/strong><\/td>\n<td><em>\u00a0<\/em><\/td>\n<td><\/td>\n<\/tr>\n<tr>\n<td align=\"left\"><strong>Nettovolumina<\/strong><\/td>\n<td><em>\u00a0<\/em><\/td>\n<td>Emfpohlene DSP \/ Verst\u00e4rkereinstellungen<\/td>\n<\/tr>\n<tr>\n<td align=\"left\">0,2 Liter (Systemresonanz: 230 Hz)<\/td>\n<td><em>\u00a0<\/em><\/td>\n<td>Trennfrequenz: 500 Hz<br \/>\nMin. Flankensteilheit: 12 dB\/Okt.<\/td>\n<\/tr>\n<tr>\n<td align=\"left\">0,4 Liter (Systemresonanz: 190 Hz)<\/td>\n<td><em>\u00a0<\/em><\/td>\n<td>Trennfrequenz: 450 Hz<br \/>\nMin. Flankensteilheit: 18 dB\/Okt.<\/td>\n<\/tr>\n<tr>\n<td align=\"left\">0,6 Liter (Systemresonanz: 170 Hz)<\/td>\n<td><em>\u00a0<\/em><\/td>\n<td>Trennfrequenz: 400 Hz<br \/>\nMin. Flankensteilheit: 24 dB\/Okt.<\/td>\n<\/tr>\n<\/tbody>\n<\/table>\n<p>Hinweis: Das Geh\u00e4use sollte immer vollst\u00e4ndig mit D\u00e4mmmaterial ausgef\u00fcllt sein.<\/p>\n<\/div>\n<div id=\"supply\" class=\"detail-supply-headline\">\n<h3>Lieferumfang<\/h3>\n<\/div>\n<div class=\"detail--supply-content\">\n<div class=\"product--supply-inner\">\n<p>2 x Mittelt\u00f6ner HELIX S 3M<br \/>\n2 x Gitter<br \/>\n1 x Datenblatt<br \/>\n1 x Einbauschablone<\/p>\n<\/div>\n<\/div>\n","protected":false},"featured_media":385,"template":"","meta":[],"product_brand":[],"product_cat":[114,32,42,41],"product_tag":[],"class_list":{"0":"post-323","1":"product","2":"type-product","3":"status-publish","4":"has-post-thumbnail","6":"product_cat-10cm-lautsprecher","7":"product_cat-car-audio-hifi","8":"product_cat-helix","9":"product_cat-lautsprecher","10":"product_shipping_class-packet-m","12":"first","13":"instock","14":"taxable","15":"shipping-taxable","16":"purchasable","17":"product-type-simple"},"_links":{"self":[{"href":"https:\/\/www.extreme-sound.de\/index.php\/wp-json\/wp\/v2\/product\/323","targetHints":{"allow":["GET"]}}],"collection":[{"href":"https:\/\/www.extreme-sound.de\/index.php\/wp-json\/wp\/v2\/product"}],"about":[{"href":"https:\/\/www.extreme-sound.de\/index.php\/wp-json\/wp\/v2\/types\/product"}],"wp:featuredmedia":[{"embeddable":true,"href":"https:\/\/www.extreme-sound.de\/index.php\/wp-json\/wp\/v2\/media\/385"}],"wp:attachment":[{"href":"https:\/\/www.extreme-sound.de\/index.php\/wp-json\/wp\/v2\/media?parent=323"}],"wp:term":[{"taxonomy":"product_brand","embeddable":true,"href":"https:\/\/www.extreme-sound.de\/index.php\/wp-json\/wp\/v2\/product_brand?post=323"},{"taxonomy":"product_cat","embeddable":true,"href":"https:\/\/www.extreme-sound.de\/index.php\/wp-json\/wp\/v2\/product_cat?post=323"},{"taxonomy":"product_tag","embeddable":true,"href":"https:\/\/www.extreme-sound.de\/index.php\/wp-json\/wp\/v2\/product_tag?post=323"}],"curies":[{"name":"wp","href":"https:\/\/api.w.org\/{rel}","templated":true}]}}