{"id":342,"date":"2021-01-09T12:30:01","date_gmt":"2021-01-09T11:30:01","guid":{"rendered":"https:\/\/www.extreme-sound.de\/?post_type=product&#038;p=342"},"modified":"2022-03-05T10:59:53","modified_gmt":"2022-03-05T09:59:53","slug":"helix-s-4x","status":"publish","type":"product","link":"https:\/\/www.extreme-sound.de\/index.php\/produkt\/helix-s-4x\/","title":{"rendered":"HELIX S 4X"},"content":{"rendered":"<div id=\"description\" class=\"detail-decription-headline\">\n<h2>HELIX S 4X<\/h2>\n<\/div>\n<div id=\"description--text\" class=\"product--description\">\n<p>Klangqualit\u00e4t trifft Eleganz \u2013 Mit der neuen S Lautsprecherserie wird aus jeder Fahrt ein besonderes Sounderlebnis.<br \/>\nNeben dem neuartigen, zeitlos eleganten Design wartet ebenso das 2-Wege Koaxialsystem mit au\u00dfergew\u00f6hnlicher Klangqualit\u00e4t auf. Einzigartig sensibel und kristallklar zaubert die Seidenkalotte des Hocht\u00f6ners die Musik in den Raum. Durch ihre mittige Anordnung im Tiefmitteltonlautsprecher wird die Musik als Punktschallquelle wahrgenommen und optimiert somit die tonale Balance. Das Resultat: Ein unglaublich homogener und nat\u00fcrlicher Klang.<\/p>\n<p>Die steife und gleichzeitig leichte Membran des Tiefmittelt\u00f6ners besteht aus einem neuartigen Basaltfaser-Papier-Compound. Eine perfekte Kombination, um auch bei hohen Lautst\u00e4rken klaren, unverf\u00e4lschten Klang zu garantieren. In Verbindung mit einem Leistungsverst\u00e4rker von Audiotec Fischer spielt das S Koaxialsystem zur H\u00f6chstform auf.<\/p>\n<p>Mach auch du aus jeder Fahrt ein besonderes Sounderlebnis!<\/p>\n<\/div>\n<div id=\"features\" class=\"detail-features-headline\">\n<h3>Features<\/h3>\n<\/div>\n<div class=\"product--features\">\n<ul>\n<li>100 mm Tiefmittelt\u00f6ner mit neuartiger Basaltfaser-Papier-Compoundmembran \u2013 eine ideale Kombination aus geringem Gewicht, hoher Steifigkeit und innerer D\u00e4mpfung<\/li>\n<li>Speziell geformte Gummisicke f\u00fcr gr\u00f6\u00dfere effektive Membranfl\u00e4che und erweiterten Maximalhub<\/li>\n<li>19 mm Hocht\u00f6ner mit beschichteter Seidenkalotte f\u00fcr eine ausgewogene, nat\u00fcrliche Wiedergabe und minimale Kompressionseffekte<\/li>\n<li>Korb in individuellem HELIX-Design mit zus\u00e4tzlichen Bel\u00fcftungs\u00f6ffnungen zur optimierten K\u00fchlung der Schwingspule f\u00fcr hohe Belastbarkeit<\/li>\n<li>Separate Inline-Frequenzweiche mit 6\/6 dB Flankensteilheit und integriertem Hochtonschutz<\/li>\n<\/ul>\n<\/div>\n","protected":false},"excerpt":{"rendered":"<div id=\"technicaldata\" class=\"product--technicaldata-headline\">\n<h3>Technische Daten<\/h3>\n<\/div>\n<div class=\"detail--technicaldata\">\n<table border=\"0\" cellspacing=\"0\" cellpadding=\"0\">\n<colgroup>\n<col \/>\n<col \/><\/colgroup>\n<tbody>\n<tr>\n<td align=\"left\" valign=\"top\"><strong>Leistung RMS \/ Max.<\/strong><\/td>\n<td class=\"xl89\">60 \/ 120 Watt<\/td>\n<\/tr>\n<tr>\n<td align=\"left\" valign=\"top\"><strong>Frequenzbereich<\/strong><\/td>\n<td class=\"xl89\">80 Hz &#8211; 25.000 Hz<\/td>\n<\/tr>\n<tr>\n<td align=\"left\" valign=\"top\"><strong>Impedanz<\/strong><\/td>\n<td class=\"xl84\">4 \u03a9<\/td>\n<\/tr>\n<tr>\n<td align=\"left\" valign=\"top\"><strong>Wirkungsgrad 1 W \/ 1 m<\/strong><\/td>\n<td class=\"xl84\">89 dB<\/td>\n<\/tr>\n<tr>\n<td align=\"left\" valign=\"top\"><strong>Membranmaterial<\/strong><\/td>\n<td class=\"xl89\">HT: Beschichtete Seidenkalotte<br \/>\nMT: &#8211;<br \/>\nTT: Basaltfaser-Papier-Compound<\/td>\n<\/tr>\n<tr>\n<td align=\"left\" valign=\"top\"><strong>Frequenzweiche<\/strong><\/td>\n<td class=\"xl89\">Separat, 6\/6 dB Flankensteilheit<\/td>\n<\/tr>\n<tr>\n<td align=\"left\" valign=\"top\"><strong>Au\u00dfendurchmesser<\/strong><\/td>\n<td class=\"xl89\">102 mm<\/td>\n<\/tr>\n<tr>\n<td align=\"left\" valign=\"top\"><strong>Einbaudurchmesser<\/strong><\/td>\n<td class=\"xl89\">92,3 mm<\/td>\n<\/tr>\n<tr>\n<td align=\"left\" valign=\"top\"><strong>Einbautiefe<\/strong><\/td>\n<td class=\"xl89\">46,5 mm<\/td>\n<\/tr>\n<tr>\n<td align=\"left\" valign=\"top\"><strong>Abmessungen Frequenzweiche<\/strong><\/td>\n<td class=\"xl89\">59 x 49 x 24 mm<\/td>\n<\/tr>\n<\/tbody>\n<\/table>\n<\/div>\n<div id=\"supply\" class=\"detail-supply-headline\">\n<h3>Lieferumfang<\/h3>\n<\/div>\n<div class=\"detail--supply-content\">\n<div class=\"product--supply-inner\">\n<p>2 x Koaxiallautsprecher HELIX S 4X<br \/>\n2 x Freqenzweiche<br \/>\n1 x Befestigungsmaterial<br \/>\n1 x Bedienungsanleitung<br \/>\n1 x Einbauschablone<\/p>\n<\/div>\n<\/div>\n","protected":false},"featured_media":345,"template":"","meta":[],"product_brand":[],"product_cat":[114,32,42,41],"product_tag":[],"class_list":{"0":"post-342","1":"product","2":"type-product","3":"status-publish","4":"has-post-thumbnail","6":"product_cat-10cm-lautsprecher","7":"product_cat-car-audio-hifi","8":"product_cat-helix","9":"product_cat-lautsprecher","10":"product_shipping_class-packet-m","12":"first","13":"instock","14":"taxable","15":"shipping-taxable","16":"purchasable","17":"product-type-simple"},"_links":{"self":[{"href":"https:\/\/www.extreme-sound.de\/index.php\/wp-json\/wp\/v2\/product\/342","targetHints":{"allow":["GET"]}}],"collection":[{"href":"https:\/\/www.extreme-sound.de\/index.php\/wp-json\/wp\/v2\/product"}],"about":[{"href":"https:\/\/www.extreme-sound.de\/index.php\/wp-json\/wp\/v2\/types\/product"}],"wp:featuredmedia":[{"embeddable":true,"href":"https:\/\/www.extreme-sound.de\/index.php\/wp-json\/wp\/v2\/media\/345"}],"wp:attachment":[{"href":"https:\/\/www.extreme-sound.de\/index.php\/wp-json\/wp\/v2\/media?parent=342"}],"wp:term":[{"taxonomy":"product_brand","embeddable":true,"href":"https:\/\/www.extreme-sound.de\/index.php\/wp-json\/wp\/v2\/product_brand?post=342"},{"taxonomy":"product_cat","embeddable":true,"href":"https:\/\/www.extreme-sound.de\/index.php\/wp-json\/wp\/v2\/product_cat?post=342"},{"taxonomy":"product_tag","embeddable":true,"href":"https:\/\/www.extreme-sound.de\/index.php\/wp-json\/wp\/v2\/product_tag?post=342"}],"curies":[{"name":"wp","href":"https:\/\/api.w.org\/{rel}","templated":true}]}}