{"id":358,"date":"2021-01-09T12:45:25","date_gmt":"2021-01-09T11:45:25","guid":{"rendered":"https:\/\/www.extreme-sound.de\/?post_type=product&#038;p=358"},"modified":"2022-12-10T11:31:14","modified_gmt":"2022-12-10T10:31:14","slug":"helix-f-42c","status":"publish","type":"product","link":"https:\/\/www.extreme-sound.de\/index.php\/produkt\/helix-f-42c\/","title":{"rendered":"HELIX F 42C"},"content":{"rendered":"<div id=\"description\" class=\"detail-decription-headline\">\n<h2>HELIX F 42C<\/h2>\n<\/div>\n<div id=\"description--text\" class=\"product--description\">\n<p>Tauche ein in die Welt des HELIX Sounds mit der neuen F Lautsprecherserie. Die Kombination aus bew\u00e4hrten Komponenten und modernsten Materialien ist Garant f\u00fcr ein tolles Klangerlebnis mit sattem Bass, pr\u00e4zisen Mitten und detailreichen H\u00f6hen.<\/p>\n<p>Bei der Entwicklung wurde zudem ein besonderes Augenmerk auf die einfache Integration ins Fahrzeug gelegt. Neben der geringen Einbautiefe erm\u00f6glicht vor allem die innovative, zweitgeteilte \u201eFlex Crossover\u201c Frequenzweiche deutlich mehr Freiheiten bei den Anschlussm\u00f6glichkeiten und der Installation. Damit sind die F Lautsprecher speziell dann erste Wahl, wenn z.B. Hoch- und Tieft\u00f6ner getrennt in T\u00fcr und A-S\u00e4ule verbaut sind.<\/p>\n<p>Das edle Design unterstreicht die Qualit\u00e4ten auf den ersten Blick. So pr\u00e4sentieren sich die Tieft\u00f6ner dieser Serie im stylisch eleganten Design mit schwarz matter HELIX Membran und schwarz gl\u00e4nzendem HELIX-Logo.<\/p>\n<\/div>\n<div id=\"features\" class=\"detail-features-headline\">\n<h3>Features<\/h3>\n<\/div>\n<div class=\"product--features\">\n<ul>\n<li>Stylisch elegantes Design mit schwarz matter HELIX Membran und schwarz gl\u00e4nzendem HELIX-Logo<\/li>\n<li>100 mm Tieft\u00f6ner mit neuartiger, resonanzarmer Membran aus gespritztem Polypropylen mit eingebetteten Carbonfasern<\/li>\n<li>20 mm Seidenkalotten-Hocht\u00f6ner mit Neodymmagnet f\u00fcr spritzige, differenzierte Hochtonwiedergabe<\/li>\n<li>Korb in individuellem HELIX-Design mit zus\u00e4tzlichen Bel\u00fcftungs\u00f6ffnungen zur optimierten K\u00fchlung der Schwingspule f\u00fcr hohe Belastbarkeit<\/li>\n<li>Solider Gummischutz mit HELIX-Logo f\u00fcr die Magnetsysteme<\/li>\n<li>Separate, zweigeteilte \u201eFlex-Crossover\u201c Frequenzweiche mit 6\/12 dB Flankensteilheit und integriertem Hochtonschutz f\u00fcr vielf\u00e4ltige Anschlussm\u00f6glichkeiten \u2013 perfekt geeignet f\u00fcr den Verbau in Fahrzeugen mit getrennten Einbaupl\u00e4tzen von Hoch- und Tieft\u00f6ner<\/li>\n<\/ul>\n<\/div>\n","protected":false},"excerpt":{"rendered":"<div id=\"technicaldata\" class=\"product--technicaldata-headline\">\n<h3>Technische Daten<\/h3>\n<\/div>\n<div class=\"detail--technicaldata\">\n<table border=\"0\" cellspacing=\"0\" cellpadding=\"0\">\n<colgroup>\n<col \/>\n<col \/><\/colgroup>\n<tbody>\n<tr>\n<td align=\"left\" valign=\"top\"><strong>Leistung RMS \/ Max.<\/strong><\/td>\n<td class=\"xl85\">40 \/ 80 Watt<\/td>\n<\/tr>\n<tr>\n<td align=\"left\" valign=\"top\"><strong>Frequenzbereich<\/strong><\/td>\n<td class=\"xl85\">100 Hz &#8211; 22.000 Hz<\/td>\n<\/tr>\n<tr>\n<td align=\"left\" valign=\"top\"><strong>Impedanz<\/strong><\/td>\n<td class=\"xl85\">3 \u03a9<\/td>\n<\/tr>\n<tr>\n<td align=\"left\" valign=\"top\"><strong>Wirkungsgrad 1 W \/ 1 m<\/strong><\/td>\n<td class=\"xl85\">89 dB<\/td>\n<\/tr>\n<tr>\n<td align=\"left\" valign=\"top\"><strong>Membranmaterial<\/strong><\/td>\n<td class=\"xl85\">HT: Seidenkalotte<br \/>\nMT: &#8211;<br \/>\nTT: Gespritztes Polypropylen mit eingebetteten Carbonfasern<\/td>\n<\/tr>\n<tr>\n<td align=\"left\" valign=\"top\"><strong>Frequenzweiche<\/strong><\/td>\n<td class=\"xl85\">Separat, 6\/12 dB Flankensteilheit und integriertem Hochtonschutz<\/td>\n<\/tr>\n<tr>\n<td align=\"left\" valign=\"top\"><strong>Au\u00dfendurchmesser<\/strong><\/td>\n<td class=\"xl85\">HT: 52,6 mm<br \/>\nMT: &#8211;<br \/>\nTT: 102,4 mm<\/td>\n<\/tr>\n<tr>\n<td align=\"left\" valign=\"top\"><strong>Einbaudurchmesser<\/strong><\/td>\n<td class=\"xl85\">HT: 45<br \/>\nMT: &#8211;<br \/>\nTT: 93 mm<\/td>\n<\/tr>\n<tr>\n<td align=\"left\" valign=\"top\"><strong>Einbautiefe<\/strong><\/td>\n<td class=\"xl85\">HT: 17,3 mm<br \/>\nMT: &#8211;<br \/>\nTT: 45 mm<\/td>\n<\/tr>\n<tr>\n<td align=\"left\" valign=\"top\"><strong>\u00a0Abmessungen Frequenzweiche<\/strong><\/td>\n<td class=\"xl85\">Hocht\u00f6ner: 51,5 x 27,5 x 20,5 mm<br \/>\nTieft\u00f6ner: 57 x 27,5 x 23,5 mm<\/td>\n<\/tr>\n<\/tbody>\n<\/table>\n<\/div>\n<div id=\"supply\" class=\"detail-supply-headline\">\n<h3>Lieferumfang<\/h3>\n<\/div>\n<div class=\"detail--supply-content\">\n<div class=\"product--supply-inner\">\n<p>2 x Hocht\u00f6ner HELIX F 1T inkl. Befestigungsmaterial<br \/>\n2 x Tieft\u00f6ner HELIX F 4B<br \/>\n2 x Zweigeteilte Flex-Crossover Frequenzweiche<br \/>\n1 x Befestigungsmaterial<br \/>\n1 x Bedienungsanleitung<br \/>\n1 x Einbauschablone<\/p>\n<\/div>\n<\/div>\n","protected":false},"featured_media":392,"template":"","meta":[],"product_brand":[],"product_cat":[114,32,42,41],"product_tag":[],"class_list":{"0":"post-358","1":"product","2":"type-product","3":"status-publish","4":"has-post-thumbnail","6":"product_cat-10cm-lautsprecher","7":"product_cat-car-audio-hifi","8":"product_cat-helix","9":"product_cat-lautsprecher","10":"product_shipping_class-packet-m","12":"first","13":"instock","14":"taxable","15":"shipping-taxable","16":"purchasable","17":"product-type-simple"},"_links":{"self":[{"href":"https:\/\/www.extreme-sound.de\/index.php\/wp-json\/wp\/v2\/product\/358","targetHints":{"allow":["GET"]}}],"collection":[{"href":"https:\/\/www.extreme-sound.de\/index.php\/wp-json\/wp\/v2\/product"}],"about":[{"href":"https:\/\/www.extreme-sound.de\/index.php\/wp-json\/wp\/v2\/types\/product"}],"wp:featuredmedia":[{"embeddable":true,"href":"https:\/\/www.extreme-sound.de\/index.php\/wp-json\/wp\/v2\/media\/392"}],"wp:attachment":[{"href":"https:\/\/www.extreme-sound.de\/index.php\/wp-json\/wp\/v2\/media?parent=358"}],"wp:term":[{"taxonomy":"product_brand","embeddable":true,"href":"https:\/\/www.extreme-sound.de\/index.php\/wp-json\/wp\/v2\/product_brand?post=358"},{"taxonomy":"product_cat","embeddable":true,"href":"https:\/\/www.extreme-sound.de\/index.php\/wp-json\/wp\/v2\/product_cat?post=358"},{"taxonomy":"product_tag","embeddable":true,"href":"https:\/\/www.extreme-sound.de\/index.php\/wp-json\/wp\/v2\/product_tag?post=358"}],"curies":[{"name":"wp","href":"https:\/\/api.w.org\/{rel}","templated":true}]}}