{"id":423,"date":"2021-01-11T12:14:18","date_gmt":"2021-01-11T11:14:18","guid":{"rendered":"https:\/\/www.extreme-sound.de\/?post_type=product&#038;p=423"},"modified":"2021-03-27T11:13:30","modified_gmt":"2021-03-27T10:13:30","slug":"match-ms-42c-bmw-1","status":"publish","type":"product","link":"https:\/\/www.extreme-sound.de\/index.php\/produkt\/match-ms-42c-bmw-1\/","title":{"rendered":"MATCH MS 42C-BMW.1"},"content":{"rendered":"<div id=\"description\" class=\"detail-decription-headline\">\n<h2>MATCH MS 42C-BMW.1<\/h2>\n<\/div>\n<div id=\"description--text\" class=\"product--description\">\n<p>Wer sich besonders an der undifferenzierten Mittelhochtonwiedergabe der Original BMW-Lautsprecher st\u00f6rt, wird mit dem MS 42C-BMW.1 die ideale L\u00f6sung finden.\u00a0 Das 2-Wege-Komponentensystem f\u00fcr die Original-Einbaupositionen liefert eine deutlich bessere Aufl\u00f6sung im mittleren Frequenzbereich sowie eine luftige, detailreiche Hochtonwiedergabe. Dies ist nicht nur der Verdienst der hochwertigen Lautsprecherkomponenten, sondern auch der aufw\u00e4ndigen Frequenzweiche, die pr\u00e4zise auf die akustischen Gegebenheiten in BMW-Fahrzeugen ausgelegt wurde und f\u00fcr einen idealen Frequenzgang sorgt.<\/p>\n<\/div>\n<div id=\"features\" class=\"detail-features-headline\">\n<h3>Features<\/h3>\n<\/div>\n<div class=\"product--features\">\n<ul>\n<li>2-Wege Komponentensystem mit fahrzeugspezifischen Lautsprechern f\u00fcr BMW<\/li>\n<li>Garantierte Kompatibilit\u00e4t mit 1er (E81\/82\/87\/88), 3er (E90\/91\/92\/93), 5er (E60\/61) und X1 (E84)<\/li>\n<li>Einfachster Verbau dank BMW-spezifischen K\u00f6rben und vorkonfektionierten Kabeln<\/li>\n<li>100 mm Tieft\u00f6ner und 25 mm Hocht\u00f6ner zum Verbau in den Original-Einbaupositionen<\/li>\n<li>Aufw\u00e4ndige Frequenzweiche mit fahrzeugoptimierter Abstimmung<\/li>\n<\/ul>\n<\/div>\n","protected":false},"excerpt":{"rendered":"<div id=\"technicaldata\" class=\"product--technicaldata-headline\">\n<h3>Technische Daten<\/h3>\n<\/div>\n<div class=\"detail--technicaldata\">\n<table border=\"0\" cellspacing=\"0\" cellpadding=\"0\">\n<colgroup>\n<col \/>\n<col \/><\/colgroup>\n<tbody>\n<tr>\n<td><strong>Leistung RMS \/ Max.<\/strong><\/td>\n<td>60 \/ 120 Watt<\/td>\n<\/tr>\n<tr>\n<td><strong>Frequenzbereich<\/strong><\/td>\n<td>100 Hz &#8211; 25.000 Hz<\/td>\n<\/tr>\n<tr>\n<td><strong>Impedanz<\/strong><\/td>\n<td>4 \u03a9<\/td>\n<\/tr>\n<tr>\n<td><strong>Wirkungsgrad 1 W \/ 1 m<\/strong><\/td>\n<td>90 dB<\/td>\n<\/tr>\n<tr>\n<td><strong>Membranmaterial<\/strong><\/td>\n<td>HT: Seidenkalotte<br \/>\nMT: &#8211;<br \/>\nTT: Beschichtete Papiermembran<\/td>\n<\/tr>\n<tr>\n<td><strong>Frequenzweiche<\/strong><\/td>\n<td>Separat, 6 dB \/ 12 dB Flankensteilheit mit Sperrkreis<\/td>\n<\/tr>\n<tr>\n<td><strong>Au\u00dfendurchmesser<\/strong><\/td>\n<td>HT: 43,3 mm<br \/>\nMT: &#8211;<br \/>\nTT: 121 mm<\/td>\n<\/tr>\n<tr>\n<td><strong>Einbaudurchmesser<\/strong><\/td>\n<td>HT: 41 mm<br \/>\nMT: &#8211;<br \/>\nTT: 84 mm<\/td>\n<\/tr>\n<tr>\n<td><strong>Einbautiefe<\/strong><\/td>\n<td>HT: 9,6 mm<br \/>\nMT: &#8211;<br \/>\nTT: 33 mm<\/td>\n<\/tr>\n<\/tbody>\n<\/table>\n<\/div>\n<div id=\"compatibility\" class=\"product--compatibility-headline\">\n<h3>Kompatibilit\u00e4t<\/h3>\n<\/div>\n<div class=\"detail--compatibility\">\n<p>&nbsp;<\/p>\n<\/div>\n<div id=\"supply\" class=\"detail-supply-headline\">\n<h3>Lieferumfang<\/h3>\n<\/div>\n<div class=\"detail--supply-content\">\n<div class=\"product--supply-inner\">\n<p>2 x Hocht\u00f6ner MATCH MS 1T-BMW.1<br \/>\n2 x Tieft\u00f6ner MATCH MS 4B-BMW.1<br \/>\n2 x 2-Wege Frequenzweiche<br \/>\n1 x Anschlusskabel<br \/>\n1 x Bedienungsanleitung<\/p>\n<\/div>\n<\/div>\n","protected":false},"featured_media":511,"template":"","meta":[],"product_brand":[],"product_cat":[58,32,41,43],"product_tag":[],"class_list":{"0":"post-423","1":"product","2":"type-product","3":"status-publish","4":"has-post-thumbnail","6":"product_cat-bmw-upgrade-lautsprecher","7":"product_cat-car-audio-hifi","8":"product_cat-lautsprecher","9":"product_cat-match","10":"product_shipping_class-packet-m","12":"first","13":"instock","14":"taxable","15":"shipping-taxable","16":"purchasable","17":"product-type-simple"},"_links":{"self":[{"href":"https:\/\/www.extreme-sound.de\/index.php\/wp-json\/wp\/v2\/product\/423","targetHints":{"allow":["GET"]}}],"collection":[{"href":"https:\/\/www.extreme-sound.de\/index.php\/wp-json\/wp\/v2\/product"}],"about":[{"href":"https:\/\/www.extreme-sound.de\/index.php\/wp-json\/wp\/v2\/types\/product"}],"wp:featuredmedia":[{"embeddable":true,"href":"https:\/\/www.extreme-sound.de\/index.php\/wp-json\/wp\/v2\/media\/511"}],"wp:attachment":[{"href":"https:\/\/www.extreme-sound.de\/index.php\/wp-json\/wp\/v2\/media?parent=423"}],"wp:term":[{"taxonomy":"product_brand","embeddable":true,"href":"https:\/\/www.extreme-sound.de\/index.php\/wp-json\/wp\/v2\/product_brand?post=423"},{"taxonomy":"product_cat","embeddable":true,"href":"https:\/\/www.extreme-sound.de\/index.php\/wp-json\/wp\/v2\/product_cat?post=423"},{"taxonomy":"product_tag","embeddable":true,"href":"https:\/\/www.extreme-sound.de\/index.php\/wp-json\/wp\/v2\/product_tag?post=423"}],"curies":[{"name":"wp","href":"https:\/\/api.w.org\/{rel}","templated":true}]}}