{"id":574,"date":"2021-01-25T12:41:35","date_gmt":"2021-01-25T11:41:35","guid":{"rendered":"https:\/\/www.extreme-sound.de\/?post_type=product&#038;p=574"},"modified":"2021-03-27T11:05:47","modified_gmt":"2021-03-27T10:05:47","slug":"helix-p-six-dsp-mk2","status":"publish","type":"product","link":"https:\/\/www.extreme-sound.de\/index.php\/produkt\/helix-p-six-dsp-mk2\/","title":{"rendered":"HELIX P SIX DSP MK2"},"content":{"rendered":"<div id=\"description\" class=\"detail-decription-headline\">\n<h2>HELIX P SIX DSP MK2<\/h2>\n<\/div>\n<div id=\"description--text\" class=\"product--description\">\n<p>Die HELIX P SIX DSP MK2 6-Kanal Endstufe liefert nicht nur m\u00e4chtig Power und einen 8-kanaligen DSP Prozessor der aktuellsten Generation mit enormer Rechenleistung, sondern setzt mit der neuen \u201eUltra\u00a0HD Class D&#8220; Technologie neue Ma\u00dfst\u00e4be in der Verst\u00e4rkertechnik.<\/p>\n<p>Mit 96 kHz Abtastrate und einem auf \u00fcber 40 kHz erweiterten Audiofrequenzgang legt sie die Messlatte nicht nur in Bezug auf die Klangqualit\u00e4t deutlich h\u00f6her. Denn Vielseitigkeit stand bei diesem Verst\u00e4rker ebenfalls an oberster Stelle. Dank des HELIX Extension Card (HEC) Steckplatzes l\u00e4sst sich die P SIX DSP MK2 um weitere Schnittstellen\u00a0wie beispielsweise einem Bluetooth<sup>\u00ae<\/sup>\u00a0Audio Streaming Modul oder einer High Resolution Audio USB Soundkarte erweitern.\u00a0Zwei prozessierte Cinch-Vorverst\u00e4rkerausg\u00e4nge erm\u00f6glichen zudem den Anschluss weiterer Verst\u00e4rker.<\/p>\n<p>Die Konfiguration des internen 64 Bit DSPs geht mittels der professionellen und zugleich benutzerfreundlichen DSP PC-Tool Software einfach vonstatten und l\u00e4sst dabei mit ihren zahlreichen Einstellm\u00f6glichkeiten keinerlei W\u00fcnsche offen.<\/p>\n<p>Das geballte Engineering-Know-how der P SIX DSP MK2 kommt in dem HELIX-typischen, klaren Design daher, welches alle Voraussetzungen f\u00fcr eine schnelle und einfache Integration erf\u00fcllt.<\/p>\n<\/div>\n<div id=\"features\" class=\"detail-features-headline\">\n<h3>Features<\/h3>\n<\/div>\n<div class=\"product--features\">\n<ul>\n<li>Neues \u201eUltra HD Class D\u201c Konzept, welches die High-End Soundqualit\u00e4t der Class AB Technologie mit den Vorteilen eines Class D Verst\u00e4rkers kombiniert<\/li>\n<li>Volle Audiobandbreite bis \u00fcber 40 kHz dank 96 kHz Abtastfrequenz<\/li>\n<li>Innovativer, extrem leistungsf\u00e4higer \u201eFixed Point\u201c Audio DSP mit 64 Bit Aufl\u00f6sung und 1,2 Mrd. MAC Operationen \/ Sekunde<\/li>\n<li>24 Volt geeignet ohne \u00c4nderungen am Ger\u00e4t durchzuf\u00fchren<\/li>\n<li>Sechs Lautsprecherausg\u00e4nge mit bis zu 230 Watt RMS an 2 Ohm<\/li>\n<li>Zwei prozessierte Cinch Vorverst\u00e4rkerausg\u00e4nge<\/li>\n<li>Eing\u00e4nge: 6 x Cinch, 6 x Highlevel mit bis zu 20V RMS Eingangsempfindlichkeit, optischer SPDIF-Eingang<\/li>\n<li>Intelligenter Highlevel-Eingang mit ADEP-Schaltkreis<\/li>\n<li>HELIX Extension Card Steckplatz (HEC)\u00a0f\u00fcr weitere Eingangs- \/ Ausgangsmodule wie Bluetooth<sup>\u00ae<\/sup>\u00a0Audio Streaming, High Resolution Audio Streaming via USB etc.<\/li>\n<li>Extrem kompakte Abmessungen und geringe \u00adW\u00e4rmeentwicklung dank sehr hohem Wirkungsgrad<\/li>\n<li>Automatic Remote Schalter<\/li>\n<\/ul>\n<p>&nbsp;<\/p>\n<h3>Spezielle Features:<\/h3>\n<h4>Ultra HD Class D Verst\u00e4rker-Technologie mit 96 kHz Abtastrate<\/h4>\n<p>Die P SIX DSP MK2 ist der erste Class D-Verst\u00e4rker mit integriertem Signalprozessor, der mit der doppelten Abtastrate von 96 kHz arbeitet. Dadurch ist die Audiobandbreite nicht wie \u00fcblich auf 22 kHz begrenzt, sondern erlaubt einen ausgedehnten Frequenzgang bis \u00fcber 40 kHz. Die h\u00f6here Abtastrate stellt jedoch deutlich h\u00f6here Anforderungen an s\u00e4mtliche Komponenten im Ger\u00e4t. Erst der Einsatz der allerneuesten Chipgeneration sowohl beim DSP als auch bei den Endstufen macht dies m\u00f6glich. Das Resultat: eine Klagqualit\u00e4t wie sie bislang von Class D-Endstufen nicht bekannt war.<\/p>\n<h4>Ready for 24 V<\/h4>\n<p>Die P SIX DSP MK2 ist nicht nur f\u00fcr den Einsatz an 12 V-Bordnetzen geeignet, sondern kann ohne jegliche \u00c4nderungen oder Einstellungen am Ger\u00e4t auch an 24 Volt-Bordnetzen, wie sie z.B. im LKW-Bereich \u00fcblich sind, betrieben werden. Die Leistungsdaten der P SIX DSP MK2 sind f\u00fcr beide Betriebsmodi identisch. Somit ist maximale Flexibilit\u00e4t f\u00fcr alle erdenklichen Einsatzzwecke gegeben.<\/p>\n<h4>Intelligenter Highlevel-Eingang<\/h4>\n<p>Moderne, ab Werk verbaute Autoradios werden bez\u00fcglich der Diagnose der angeschlossenen Lautsprecher immer intelligenter. Wird ein Verst\u00e4rker stattdessen an das Radio angeschlossen, kommt es meist zu Fehlermeldungen bis hin zum Wegfall einzelner Funktionen (wie z.B. Fader).<br \/>\nDer neue ADEP-Schaltkreis (Advanced Diagnostics Error Protection) verhindert all diese Probleme ohne die Lautsprecherausg\u00e4nge des Radios bei hohen Pegeln unn\u00f6tig zu belasten.<\/p>\n<h4>Power Save Modus<\/h4>\n<p>Der Power Save Modus ist in den Grundeinstellungen der DSP PC-Tool Software aktiviert. Er erlaubt es, die Leistungsaufnahme der P SIX DSP MK2 (und ggf. zus\u00e4tzlich angeschlossener Verst\u00e4rker) drastisch zu reduzieren, wenn f\u00fcr l\u00e4nger als 60 Sek. kein Eingangssignal anliegt. Sobald der \u201ePower Save Mode\u201c aktiv ist, werden die internen Verst\u00e4rkerstufen der P SIX DSP MK2 sowie der Rem Out abgeschaltet und damit die Stromaufnahme deutlich reduziert. Der Verst\u00e4rker geht innerhalb von 2 Sek. wieder in den normalen Betriebszustand \u00fcber, sobald ein Musiksignal an seinem Eingang anliegt. \u00dcber die DSP PC-Tool Software kann die Abschaltverz\u00f6gerung variiert bzw. komplett deaktiviert werden.<\/p>\n<h4>Start-Stopf\u00e4higkeit<\/h4>\n<p>Das Netzteil im HELIX P SIX DSP MK2 Verst\u00e4rker stellt die interne Spannungsversorgung auch bei kurzfristigen Einbr\u00fcchen bis hinab zu 6 Volt sicher. Damit ist gew\u00e4hrleistet, dass die HELIX P SIX DSP MK2 auch beim Motorstart voll funktionsf\u00e4hig bleibt.<\/p>\n<h4>Automatic Digital Signal Detection<\/h4>\n<p>Die Umschaltung zwischen den analogen und dem Digitaleingang erfolgt signalgesteuert. Sobald ein Audiosignal am Optical Input detektiert wird schaltet der Verst\u00e4rker auf diesen Eingang um. In der DSP PC-Tool Software kann diese Funktion deaktiviert oder alternativ eine manuelle Steuerung \u00fcber eine optional erh\u00e4ltliche Fernbedienung gew\u00e4hlt werden.<\/p>\n<\/div>\n","protected":false},"excerpt":{"rendered":"<div id=\"technicaldata\" class=\"product--technicaldata-headline\">\n<h3>Technische Daten<\/h3>\n<\/div>\n<div class=\"detail--technicaldata\">\n<table border=\"0\" cellspacing=\"0\" cellpadding=\"0\">\n<colgroup>\n<col \/>\n<col \/><\/colgroup>\n<tbody>\n<tr>\n<td valign=\"top\"><strong>Leistung RMS \/ Max.<\/strong><\/td>\n<td><\/td>\n<\/tr>\n<tr>\n<td valign=\"top\">&#8211; @ 4 Ohm<\/td>\n<td>Kanal A &#8211; F: 120 \/ 240 Watt pro Kanal<\/td>\n<\/tr>\n<tr>\n<td valign=\"top\">&#8211; @ 2 Ohm<\/td>\n<td>Kanal C &#8211; F: 230 \/ 460 Watt pro Kanal<\/td>\n<\/tr>\n<tr>\n<td valign=\"top\">&#8211; @ 1 Ohm<\/td>\n<td>&#8211;<\/td>\n<\/tr>\n<tr>\n<td valign=\"top\">&#8211; gebr\u00fcckt an 4 Ohm<\/td>\n<td>&#8211;<\/td>\n<\/tr>\n<tr>\n<td valign=\"top\">&#8211; gebr\u00fcckt an 2 Ohm<\/td>\n<td>&#8211;<\/td>\n<\/tr>\n<tr>\n<td valign=\"top\"><strong>Max. Leistung pro Kanal*<\/strong><\/td>\n<td>Kanal A &#8211; F: bis zu 140 Watt RMS @ 4 Ohm<br \/>\nKanal C &#8211; F: bis zu 260 Watt RMS @ 2 Ohm<\/td>\n<\/tr>\n<tr>\n<td valign=\"top\"><strong>Verst\u00e4rkertechnologie<\/strong><\/td>\n<td>Ultra HD Class D<\/td>\n<\/tr>\n<tr>\n<td valign=\"top\"><strong>Eing\u00e4nge<\/strong><\/td>\n<td>6 x Cinch<br \/>\n6 x Hochpegel-Lautsprechereingang<br \/>\n1 x Optisch SPDIF (12 &#8211; 96 kHz)<br \/>\n1 x Remote In<\/td>\n<\/tr>\n<tr>\n<td valign=\"top\"><strong>Eingangsempfindlichkeit<\/strong><\/td>\n<td>Cinch 2 &#8211; 4 Volt oder 4 &#8211; 8 Volt<br \/>\nHochpegel 5 &#8211; 10 Volt oder 10 &#8211; 20 Volt<\/td>\n<\/tr>\n<tr>\n<td valign=\"top\"><strong>Eingangsimpedanz Cinch<\/strong><\/td>\n<td>64 kOhm<\/td>\n<\/tr>\n<tr>\n<td valign=\"top\"><strong>Eingangsimpedanz Highlevel<\/strong><\/td>\n<td>13 Ohm oder 64 kOhm<\/td>\n<\/tr>\n<tr>\n<td valign=\"top\"><strong>Ausg\u00e4nge<\/strong><\/td>\n<td>6 x Lautsprecherausgang<br \/>\n2 x Cinch<br \/>\n2 x Remote Out<\/td>\n<\/tr>\n<tr>\n<td valign=\"top\"><strong>Ausgangsspannung Cinch<\/strong><\/td>\n<td>3 Volt RMS<\/td>\n<\/tr>\n<tr>\n<td valign=\"top\"><strong>Frequenzbereich<\/strong><\/td>\n<td>20 Hz &#8211; 44.000 Hz<\/td>\n<\/tr>\n<tr>\n<td valign=\"top\"><strong>DSP Aufl\u00f6sung<\/strong><\/td>\n<td>64 Bit<\/td>\n<\/tr>\n<tr>\n<td valign=\"top\"><strong>DSP Rechenleistung<\/strong><\/td>\n<td valign=\"top\">295 MHz (1,2 Mrd. MAC Operationen\/Sekunde)<\/td>\n<\/tr>\n<tr>\n<td valign=\"top\"><strong>Abtastrate<\/strong><\/td>\n<td>96 kHz<\/td>\n<\/tr>\n<tr>\n<td valign=\"top\"><strong>DSP Typ<\/strong><\/td>\n<td>Audio Signalprozessor<\/td>\n<\/tr>\n<tr>\n<td valign=\"top\"><strong>Signalwandler<\/strong><\/td>\n<td>A\/D: BurrBrown<br \/>\nD\/A: BurrBrown<\/td>\n<\/tr>\n<tr>\n<td valign=\"top\"><strong>Signal- \/ Rauschabstand Digitaleingang<\/strong><\/td>\n<td>105 dB (A-bewertet)<\/td>\n<\/tr>\n<tr>\n<td valign=\"top\"><strong>Signal- \/ Rauschabstand Analogeingang<\/strong><\/td>\n<td>100 dB (A-bewertet)<\/td>\n<\/tr>\n<tr>\n<td valign=\"top\"><strong>Klirrfaktor (THD)<\/strong><\/td>\n<td>&lt; 0,008 %<\/td>\n<\/tr>\n<tr>\n<td valign=\"top\"><strong>D\u00e4mpfungsfaktor<\/strong><\/td>\n<td>&gt; 100<\/td>\n<\/tr>\n<tr>\n<td valign=\"top\"><strong>Betriebsspannung<\/strong><\/td>\n<td>10,5 &#8211; 32 Volt (max. 5 Sek. bis hinab zu 6 Volt)<\/td>\n<\/tr>\n<tr>\n<td valign=\"top\"><strong>Leerlaufstromaufnahme<\/strong><\/td>\n<td>2200 mA<\/td>\n<\/tr>\n<tr>\n<td valign=\"top\"><strong>Max. Remote-Ausgangsstrom<\/strong><\/td>\n<td>500 mA<\/td>\n<\/tr>\n<tr>\n<td valign=\"top\"><strong>Sicherung<\/strong><\/td>\n<td>3 x 20 A LP-Mini Stecksicherung<\/td>\n<\/tr>\n<tr>\n<td valign=\"top\"><strong>Zus\u00e4tzliche Features<\/strong><\/td>\n<td>HEC Slot, ADEP-Schaltkreis, Auto Remote-Schalter, Control Input<\/td>\n<\/tr>\n<tr>\n<td valign=\"top\"><strong>Abmessungen (H x B x T)<\/strong><\/td>\n<td>50 x 260 x 190 mm<\/td>\n<\/tr>\n<\/tbody>\n<\/table>\n<p>* In typischen Mehrkanal-Anwendungen (2- \/ 3-W ege System + Rear + Subwoofer)<\/p>\n<\/div>\n<div id=\"supply\" class=\"detail-supply-headline\">\n<h3>Lieferumfang<\/h3>\n<\/div>\n<div class=\"detail--supply-content\">\n<div class=\"product--supply-inner\">\n<p>1 x Verst\u00e4rker HELIX P SIX DSP MK2<br \/>\n1 x USB Datenkabel<br \/>\n2 x Inbusschl\u00fcssel<br \/>\n1 x Befestigungsmaterial<br \/>\n1 x Bedienungsanleitung<\/p>\n<\/div>\n<div class=\"product--featureslist-headline\">\n<h3>Technologien<\/h3>\n<\/div>\n<div class=\"product--featureslist\">\n<h4>Verst\u00e4rkerklasse<\/h4>\n<p><a href=\"https:\/\/www.audiotec-fischer.de\/knowledge-base\/feature-buttons\/#class-uhd\" target=\"_blank\" rel=\"noopener\"><img loading=\"lazy\" decoding=\"async\" class=\"\" src=\"https:\/\/www.audiotec-fischer.de\/media\/image\/fb\/a6\/13\/Ultra-HD-Class-D.jpg\" alt=\"Ultra HD Class D Feature\" width=\"159\" height=\"99\" \/><\/a><\/p>\n<h4>Eing\u00e4nge<\/h4>\n<p><a href=\"https:\/\/www.audiotec-fischer.de\/knowledge-base\/feature-buttons\/#higlevel-input\" target=\"_blank\" rel=\"noopener\"><img loading=\"lazy\" decoding=\"async\" class=\"\" src=\"https:\/\/www.audiotec-fischer.de\/media\/image\/04\/f2\/98\/Highlevel-Input.jpg\" alt=\"Highlevel Input Feature\" width=\"159\" height=\"99\" \/><\/a>\u00a0<a href=\"https:\/\/www.audiotec-fischer.de\/knowledge-base\/feature-buttons\/#rca-input\" target=\"_blank\" rel=\"noopener\"><img loading=\"lazy\" decoding=\"async\" class=\"\" src=\"https:\/\/www.audiotec-fischer.de\/media\/image\/c9\/d7\/49\/RCA-Input.jpg\" alt=\"RCA Input Feature\" width=\"160\" height=\"100\" \/><\/a>\u00a0<a href=\"https:\/\/www.audiotec-fischer.de\/knowledge-base\/feature-buttons\/#optical-input\" target=\"_blank\" rel=\"noopener\"><img loading=\"lazy\" decoding=\"async\" class=\"\" src=\"https:\/\/www.audiotec-fischer.de\/media\/image\/17\/21\/25\/Optical-Input.jpg\" alt=\"Optical Input Feature\" width=\"160\" height=\"100\" \/><\/a>\u00a0<a href=\"https:\/\/www.audiotec-fischer.de\/knowledge-base\/feature-buttons\/#hec-slot\" target=\"_blank\" rel=\"noopener\"><img loading=\"lazy\" decoding=\"async\" class=\"\" src=\"https:\/\/www.audiotec-fischer.de\/media\/image\/24\/d0\/e7\/HEC-slot.jpg\" alt=\"HEC slot Feature\" width=\"159\" height=\"101\" \/><\/a>\u00a0<a href=\"https:\/\/www.audiotec-fischer.de\/knowledge-base\/feature-buttons\/#adep\" target=\"_blank\" rel=\"noopener\"><img loading=\"lazy\" decoding=\"async\" class=\"\" src=\"https:\/\/www.audiotec-fischer.de\/media\/image\/c8\/39\/2e\/ADEP.jpg\" alt=\"ADEP Feature\" width=\"160\" height=\"100\" \/><\/a><\/p>\n<h4>DSP-Features<\/h4>\n<p><a href=\"https:\/\/www.audiotec-fischer.de\/knowledge-base\/feature-buttons\/#high-res\" target=\"_blank\" rel=\"noopener\"><img loading=\"lazy\" decoding=\"async\" class=\"\" src=\"https:\/\/www.audiotec-fischer.de\/media\/image\/7a\/64\/eb\/High-Res-Audio.jpg\" alt=\"High Res Audio Feature\" width=\"161\" height=\"100\" \/><\/a>\u00a0<a href=\"https:\/\/www.audiotec-fischer.de\/knowledge-base\/feature-buttons\/#64bit-dsp\" target=\"_blank\" rel=\"noopener\"><img loading=\"lazy\" decoding=\"async\" class=\"\" src=\"https:\/\/www.audiotec-fischer.de\/media\/image\/f7\/60\/ae\/DSP-Inside-64-BIT.jpg\" alt=\"64 Bit DSP Feature\" width=\"160\" height=\"100\" \/><\/a><\/p>\n<h4>Hardware Technologien<\/h4>\n<p><a href=\"https:\/\/www.audiotec-fischer.de\/knowledge-base\/feature-buttons\/#auto-remote\" target=\"_blank\" rel=\"noopener\"><img loading=\"lazy\" decoding=\"async\" class=\"\" src=\"https:\/\/www.audiotec-fischer.de\/media\/image\/5b\/7d\/e0\/Auto-Remote-Switch.jpg\" alt=\"Auto Remote Switch Feature\" width=\"159\" height=\"99\" \/><\/a>\u00a0<a href=\"https:\/\/www.audiotec-fischer.de\/knowledge-base\/feature-buttons\/#rps\" target=\"_blank\" rel=\"noopener\"><img loading=\"lazy\" decoding=\"async\" class=\"\" src=\"https:\/\/www.audiotec-fischer.de\/media\/image\/0a\/73\/6a\/Regulated-Power-Supply.jpg\" alt=\"Regulated Power Supply Feature\" width=\"161\" height=\"100\" \/><\/a>\u00a0<a href=\"https:\/\/www.audiotec-fischer.de\/knowledge-base\/feature-buttons\/#smd\" target=\"_blank\" rel=\"noopener\"><img loading=\"lazy\" decoding=\"async\" class=\"\" src=\"https:\/\/www.audiotec-fischer.de\/media\/image\/38\/2d\/3d\/SMD.jpg\" alt=\"Surface Mounted Device\" width=\"159\" height=\"99\" \/><\/a><\/p>\n<h4>zus\u00e4tzliche Features<\/h4>\n<p><a href=\"https:\/\/www.audiotec-fischer.de\/knowledge-base\/feature-buttons\/#pc-tool\" target=\"_blank\" rel=\"noopener\"><img loading=\"lazy\" decoding=\"async\" class=\"\" src=\"https:\/\/www.audiotec-fischer.de\/media\/image\/4c\/7e\/b2\/DSP-PC-Tool-ready.jpg\" alt=\"DSP PC Tool Ready Feature\" width=\"160\" height=\"100\" \/><\/a>\u00a0<a href=\"https:\/\/www.audiotec-fischer.de\/knowledge-base\/feature-buttons\/#start-stop\" target=\"_blank\" rel=\"noopener\"><img loading=\"lazy\" decoding=\"async\" class=\"\" src=\"https:\/\/www.audiotec-fischer.de\/media\/image\/36\/1d\/18\/Start-Stop-Capability.jpg\" alt=\"Start Stop Capability Feature\" width=\"159\" height=\"99\" \/>\u00a0<\/a><a href=\"https:\/\/www.audiotec-fischer.de\/knowledge-base\/feature-buttons\/#power-safe\" target=\"_blank\" rel=\"noopener\"><img loading=\"lazy\" decoding=\"async\" class=\"\" src=\"https:\/\/www.audiotec-fischer.de\/media\/image\/ba\/c0\/be\/PSM.jpg\" alt=\"Power Safe Mode Feature\" width=\"161\" height=\"100\" \/><\/a><a href=\"https:\/\/www.audiotec-fischer.de\/knowledge-base\/feature-buttons\/#start-stop\" target=\"_blank\" rel=\"noopener\">\u00a0<\/a><a href=\"https:\/\/www.audiotec-fischer.de\/knowledge-base\/feature-buttons\/#remote-control\" target=\"_blank\" rel=\"noopener\"><img loading=\"lazy\" decoding=\"async\" class=\"\" src=\"https:\/\/www.audiotec-fischer.de\/media\/image\/59\/04\/2b\/Remote-Control-ready.jpg\" alt=\"Remote Control Ready Feature\" width=\"159\" height=\"100\" \/><\/a><a href=\"https:\/\/www.audiotec-fischer.de\/knowledge-base\/feature-buttons\/#start-stop\" target=\"_blank\" rel=\"noopener\">\u00a0<\/a><a href=\"https:\/\/www.audiotec-fischer.de\/knowledge-base\/feature-buttons\/#made-in-germany\" target=\"_blank\" rel=\"noopener\"><img loading=\"lazy\" decoding=\"async\" class=\"\" src=\"https:\/\/www.audiotec-fischer.de\/media\/image\/c0\/56\/fe\/Made-in-Germany.jpg\" alt=\"Made in Germany Feature\" width=\"159\" height=\"99\" \/><\/a><\/p>\n<\/div>\n<\/div>\n","protected":false},"featured_media":582,"template":"","meta":[],"product_brand":[],"product_cat":[32,76,64],"product_tag":[],"class_list":{"0":"post-574","1":"product","2":"type-product","3":"status-publish","4":"has-post-thumbnail","6":"product_cat-car-audio-hifi","7":"product_cat-dsp-mit-verstaerker","8":"product_cat-helix-dsp-digitaler-sound-prozessor","9":"product_shipping_class-packet-m","11":"first","12":"instock","13":"taxable","14":"shipping-taxable","15":"purchasable","16":"product-type-simple"},"_links":{"self":[{"href":"https:\/\/www.extreme-sound.de\/index.php\/wp-json\/wp\/v2\/product\/574","targetHints":{"allow":["GET"]}}],"collection":[{"href":"https:\/\/www.extreme-sound.de\/index.php\/wp-json\/wp\/v2\/product"}],"about":[{"href":"https:\/\/www.extreme-sound.de\/index.php\/wp-json\/wp\/v2\/types\/product"}],"wp:featuredmedia":[{"embeddable":true,"href":"https:\/\/www.extreme-sound.de\/index.php\/wp-json\/wp\/v2\/media\/582"}],"wp:attachment":[{"href":"https:\/\/www.extreme-sound.de\/index.php\/wp-json\/wp\/v2\/media?parent=574"}],"wp:term":[{"taxonomy":"product_brand","embeddable":true,"href":"https:\/\/www.extreme-sound.de\/index.php\/wp-json\/wp\/v2\/product_brand?post=574"},{"taxonomy":"product_cat","embeddable":true,"href":"https:\/\/www.extreme-sound.de\/index.php\/wp-json\/wp\/v2\/product_cat?post=574"},{"taxonomy":"product_tag","embeddable":true,"href":"https:\/\/www.extreme-sound.de\/index.php\/wp-json\/wp\/v2\/product_tag?post=574"}],"curies":[{"name":"wp","href":"https:\/\/api.w.org\/{rel}","templated":true}]}}